{"id":4165,"date":"2022-02-28T11:41:35","date_gmt":"2022-02-28T10:41:35","guid":{"rendered":"https:\/\/antcube.shop\/produkt\/fixier-punkte-8-st\/"},"modified":"2026-04-05T12:30:31","modified_gmt":"2026-04-05T10:30:31","slug":"fixier-punkte-8-st","status":"publish","type":"product","link":"https:\/\/antcube.shop\/de\/produkt\/fixier-punkte-8-st\/","title":{"rendered":"Befestigungspunkte - 8 St\u00fcck"},"content":{"rendered":"<p><strong>Abmessungen (LxBxH):<\/strong> 12x12x3 mm (durch die Trapezform oben 10x10mm).<\/p>\n<p><strong>Material:<\/strong> Polyurethan ohne Weichmacher mit Klebeacrylat<\/p>\n<p><strong>Farbe:<\/strong> transparent<\/p>\n<p><strong>Inhalt:<\/strong><br \/>\n8x Fixierungspunkte<\/p>\n<p><strong>Beschreibung:<\/strong> F\u00fcr unsere Ameisenarena-Abdeckung. Die Befestigungspunkte werden auf die Unterseite der Abdeckung geklebt, damit diese nicht von der Arena rutscht. Die Punkte k\u00f6nnen auch als F\u00fc\u00dfe f\u00fcr die Arena verwendet werden und auch f\u00fcr innere Endareneneins\u00e4tze, um diese vor dem Umkippen zu sch\u00fctzen.<\/p>","protected":false},"excerpt":{"rendered":"<p>Abmessungen (LxBxH): 12x12x3 mm (durch Trapezform oben 10x10mm). Material: Polyurethan ohne Weichmacher mit Klebeacrylat Farbe: transparent Inhalt: 8x Fixierpunkte Beschreibung: F\u00fcr unsere Ameisen-Arena-Abdeckung. Die Fixierpunkte werden auf die Unterseite des Deckels geklebt, damit dieser nicht von der Arena rutscht. Die Punkte k\u00f6nnen auch als [...]","protected":false},"featured_media":4178,"comment_status":"open","ping_status":"closed","template":"","meta":{"_acf_changed":false,"content-type":"","_monsterinsights_skip_tracking":false,"_monsterinsights_sitenote_active":false,"_monsterinsights_sitenote_note":"","_monsterinsights_sitenote_category":0},"product_brand":[],"product_cat":[92,237],"product_tag":[],"class_list":{"0":"post-4165","1":"product","2":"type-product","3":"status-publish","4":"has-post-thumbnail","6":"product_cat-arena-cover","7":"product_cat-tools","9":"first","10":"instock","11":"taxable","12":"shipping-taxable","13":"purchasable","14":"product-type-simple"},"acf":[],"aioseo_notices":[],"jetpack_sharing_enabled":true,"_links":{"self":[{"href":"https:\/\/antcube.shop\/de\/wp-json\/wp\/v2\/product\/4165","targetHints":{"allow":["GET"]}}],"collection":[{"href":"https:\/\/antcube.shop\/de\/wp-json\/wp\/v2\/product"}],"about":[{"href":"https:\/\/antcube.shop\/de\/wp-json\/wp\/v2\/types\/product"}],"replies":[{"embeddable":true,"href":"https:\/\/antcube.shop\/de\/wp-json\/wp\/v2\/comments?post=4165"}],"wp:featuredmedia":[{"embeddable":true,"href":"https:\/\/antcube.shop\/de\/wp-json\/wp\/v2\/media\/4178"}],"wp:attachment":[{"href":"https:\/\/antcube.shop\/de\/wp-json\/wp\/v2\/media?parent=4165"}],"wp:term":[{"taxonomy":"product_brand","embeddable":true,"href":"https:\/\/antcube.shop\/de\/wp-json\/wp\/v2\/product_brand?post=4165"},{"taxonomy":"product_cat","embeddable":true,"href":"https:\/\/antcube.shop\/de\/wp-json\/wp\/v2\/product_cat?post=4165"},{"taxonomy":"product_tag","embeddable":true,"href":"https:\/\/antcube.shop\/de\/wp-json\/wp\/v2\/product_tag?post=4165"}],"curies":[{"name":"wp","href":"https:\/\/api.w.org\/{rel}","templated":true}]}}