{"id":4145,"date":"2022-02-14T15:54:25","date_gmt":"2022-02-14T14:54:25","guid":{"rendered":"https:\/\/antcube.shop\/produkt\/ant-nuggets-20g\/"},"modified":"2026-04-01T17:55:15","modified_gmt":"2026-04-01T15:55:15","slug":"ameisen-nuggets-20g","status":"publish","type":"product","link":"https:\/\/antcube.shop\/de\/produkt\/ameisen-nuggets-20g\/","title":{"rendered":"Ameisen-Nuggets - 20g"},"content":{"rendered":"<p><strong>Inhalt:<\/strong><br \/>\n20g<\/p>\n<p><strong>Beschreibung:<\/strong><br \/>\nDies ist ein reines Naturprodukt. Unsere Ameisennuggets wurden sorgf\u00e4ltig in der wilden Natur Bulgariens von Imkern gesammelt. Leicht verdaulich durch nat\u00fcrliche Fermentation. Dank der hochwertigen Proteine ist es fast ein vollst\u00e4ndiges Futter (ersetzt Honig\/Zucker und Proteine) f\u00fcr die meisten Ameisenarten wie Lasius sp., Camponotus sp. oder Messor sp. und sogar Blattschneiderameisen lieben es. Es ersetzt nicht den Frischwasserbedarf der Ameisen. Es ersetzt auch nicht den Bedarf an lebenden Proteinen, wie z. B. kleinen Insekten.<\/p>\n<p><strong>Anwendung:<\/strong><br \/>\nF\u00fcr die F\u00fctterung sollten die Ant Nuggets in kleinere Portionen aufgeteilt oder in Wasser aufgel\u00f6st werden.<\/p>\n<p><strong>Enth\u00e4lt:<\/strong><br \/>\n100% nat\u00fcrlich fermentierte Bl\u00fctenpollen. Nicht f\u00fcr den menschlichen Verzehr bestimmt. Nur f\u00fcr Ameisen.<\/p>\n<p><strong>Lagerung:<\/strong><br \/>\nWiederverschlie\u00dfbar. Bitte an einem dunklen, k\u00fchlen und trockenen Ort aufbewahren.<\/p>\n<p><strong>Anmerkung:<\/strong><br \/>\nErg\u00e4nzungsfuttermittel f\u00fcr Ameisen.<br \/>\nDie Zusammensetzung, die analytischen Bestandteile, das Mindesthaltbarkeitsdatum und die Chargennummer entnehmen Sie bitte der Packungsbeilage.<\/p>\n<p>Informations-Hotline +49 30 439703870<\/p>\n<p>Zust\u00e4ndiges Veterin\u00e4r- und Lebensmittelinspektorat:<br \/>\nVeterin\u00e4ramt Steglitz<br \/>\nK\u00f6nigin-Luise-Str. 92<br \/>\n14195 Berlin<\/p>","protected":false},"excerpt":{"rendered":"<p>Erg\u00e4nzende Lebensmittel<\/p>","protected":false},"featured_media":4149,"comment_status":"open","ping_status":"closed","template":"","meta":{"_acf_changed":false,"content-type":"","_monsterinsights_skip_tracking":false,"_monsterinsights_sitenote_active":false,"_monsterinsights_sitenote_note":"","_monsterinsights_sitenote_category":0},"product_brand":[],"product_cat":[115,116],"product_tag":[],"class_list":{"0":"post-4145","1":"product","2":"type-product","3":"status-publish","4":"has-post-thumbnail","6":"product_cat-food-and-feeding","7":"product_cat-food","9":"first","10":"instock","11":"taxable","12":"shipping-taxable","13":"purchasable","14":"product-type-simple"},"acf":[],"aioseo_notices":[],"jetpack_sharing_enabled":true,"_links":{"self":[{"href":"https:\/\/antcube.shop\/de\/wp-json\/wp\/v2\/product\/4145","targetHints":{"allow":["GET"]}}],"collection":[{"href":"https:\/\/antcube.shop\/de\/wp-json\/wp\/v2\/product"}],"about":[{"href":"https:\/\/antcube.shop\/de\/wp-json\/wp\/v2\/types\/product"}],"replies":[{"embeddable":true,"href":"https:\/\/antcube.shop\/de\/wp-json\/wp\/v2\/comments?post=4145"}],"wp:featuredmedia":[{"embeddable":true,"href":"https:\/\/antcube.shop\/de\/wp-json\/wp\/v2\/media\/4149"}],"wp:attachment":[{"href":"https:\/\/antcube.shop\/de\/wp-json\/wp\/v2\/media?parent=4145"}],"wp:term":[{"taxonomy":"product_brand","embeddable":true,"href":"https:\/\/antcube.shop\/de\/wp-json\/wp\/v2\/product_brand?post=4145"},{"taxonomy":"product_cat","embeddable":true,"href":"https:\/\/antcube.shop\/de\/wp-json\/wp\/v2\/product_cat?post=4145"},{"taxonomy":"product_tag","embeddable":true,"href":"https:\/\/antcube.shop\/de\/wp-json\/wp\/v2\/product_tag?post=4145"}],"curies":[{"name":"wp","href":"https:\/\/api.w.org\/{rel}","templated":true}]}}