{"id":4143,"date":"2022-02-14T15:34:07","date_gmt":"2022-02-14T14:34:07","guid":{"rendered":"https:\/\/antcube.shop\/produkt\/bodengrund-sand-lehm-weis-200g\/"},"modified":"2026-04-11T11:14:23","modified_gmt":"2026-04-11T09:14:23","slug":"bodengrund-sand-lehm-weis-200g","status":"publish","type":"product","link":"https:\/\/antcube.shop\/de\/produkt\/bodengrund-sand-lehm-weis-200g\/","title":{"rendered":"Erde - Sand-Lehm-Gemisch wei\u00df - 200g"},"content":{"rendered":"<p><strong>Inhalt:<\/strong> 200g<\/p>\n<p><strong>Material:<\/strong> Sand, Kalk, Kalkbindung<\/p>\n<p><strong>Farbe:<\/strong> wei\u00df<\/p>\n<p><strong>Mischungsverh\u00e4ltnis:<\/strong> diggable<\/p>\n<p><strong>Beschreibung:<\/strong> Diese fertige Sand-Lehm-Mischung ist ein reines Naturprodukt. Die F\u00e4rbung kommt von wei\u00dfem Kalksand. Die Festigkeit kommt von einer bindenden Kalkmischung, die f\u00fcr die Tiere unsch\u00e4dlich ist.<\/p>\n<p><strong>Verwendung:<\/strong> Graberde, kann f\u00fcr Nest- und Reitplatzbereiche verwendet werden! Hat eine erh\u00f6hte Festigkeit im Vergleich zu der Erde-beige, auch wenn nass.<\/p>\n<p><strong>Anmerkung:<\/strong> Da es sich um ein reines Naturprodukt handelt, kann es zu leichten Unterschieden in Farbe und Struktur kommen, die wir nicht beeinflussen k\u00f6nnen.<\/p>\n<p><strong>Das ist wichtig:<\/strong> Bitte befeuchten Sie das Substrat vor der Verwendung, damit sich die Mischung verbinden und einen festen Halt im Ameisenbau entwickeln kann. Au\u00dferdem kann ein zu trockenes und staubiges Substrat dazu f\u00fchren, dass die Atemwege der Ameisen verstopfen und die Tiere im schlimmsten Fall ersticken.<\/p>","protected":false},"excerpt":{"rendered":"<p>Nat\u00fcrliches Substrat - grubberf\u00e4hig<\/p>","protected":false},"featured_media":4386,"comment_status":"open","ping_status":"closed","template":"","meta":{"_acf_changed":false,"content-type":"","_monsterinsights_skip_tracking":false,"_monsterinsights_sitenote_active":false,"_monsterinsights_sitenote_note":"","_monsterinsights_sitenote_category":0},"product_brand":[],"product_cat":[96],"product_tag":[],"class_list":{"0":"post-4143","1":"product","2":"type-product","3":"status-publish","4":"has-post-thumbnail","6":"product_cat-soil","8":"first","9":"instock","10":"taxable","11":"shipping-taxable","12":"purchasable","13":"product-type-simple"},"acf":[],"aioseo_notices":[],"jetpack_sharing_enabled":true,"_links":{"self":[{"href":"https:\/\/antcube.shop\/de\/wp-json\/wp\/v2\/product\/4143","targetHints":{"allow":["GET"]}}],"collection":[{"href":"https:\/\/antcube.shop\/de\/wp-json\/wp\/v2\/product"}],"about":[{"href":"https:\/\/antcube.shop\/de\/wp-json\/wp\/v2\/types\/product"}],"replies":[{"embeddable":true,"href":"https:\/\/antcube.shop\/de\/wp-json\/wp\/v2\/comments?post=4143"}],"wp:featuredmedia":[{"embeddable":true,"href":"https:\/\/antcube.shop\/de\/wp-json\/wp\/v2\/media\/4386"}],"wp:attachment":[{"href":"https:\/\/antcube.shop\/de\/wp-json\/wp\/v2\/media?parent=4143"}],"wp:term":[{"taxonomy":"product_brand","embeddable":true,"href":"https:\/\/antcube.shop\/de\/wp-json\/wp\/v2\/product_brand?post=4143"},{"taxonomy":"product_cat","embeddable":true,"href":"https:\/\/antcube.shop\/de\/wp-json\/wp\/v2\/product_cat?post=4143"},{"taxonomy":"product_tag","embeddable":true,"href":"https:\/\/antcube.shop\/de\/wp-json\/wp\/v2\/product_tag?post=4143"}],"curies":[{"name":"wp","href":"https:\/\/api.w.org\/{rel}","templated":true}]}}