{"id":4142,"date":"2022-02-14T15:33:55","date_gmt":"2022-02-14T14:33:55","guid":{"rendered":"https:\/\/antcube.shop\/produkt\/bodengrund-sand-lehm-rot-200g\/"},"modified":"2026-04-06T13:19:12","modified_gmt":"2026-04-06T11:19:12","slug":"bodengrund-sand-lehm-rot-200g","status":"publish","type":"product","link":"https:\/\/antcube.shop\/de\/produkt\/bodengrund-sand-lehm-rot-200g\/","title":{"rendered":"Erde - Sand-Lehm-Gemisch rot - 200g"},"content":{"rendered":"<p><strong>Inhalt:<\/strong> 200g<\/p>\n<p><strong>Material:<\/strong> Sand, Lehm<\/p>\n<p><strong>Farbe:<\/strong> rot<\/p>\n<p><strong>Mischungsverh\u00e4ltnis:<\/strong> diggable<\/p>\n<p><strong>Beschreibung:<\/strong> Dieses fertige Sand-Lehm-Gemisch ist ein reines Naturprodukt. Die F\u00e4rbung und Festigkeit wird durch nat\u00fcrliche Tonerde erzeugt, die f\u00fcr die Tiere unsch\u00e4dlich ist.<\/p>\n<p><strong>Anwendung:<\/strong> Grabende Erde, kann f\u00fcr Nest und Arena Bereich verwendet werden!<\/p>\n<p><strong>Anmerkung:<\/strong> Da es sich um ein reines Naturprodukt handelt, kann es zu leichten Unterschieden in Farbe und Struktur kommen, die wir nicht beeinflussen k\u00f6nnen.<\/p>\n<p><strong>Das ist wichtig:<\/strong> Bitte befeuchten Sie das Substrat vor der Verwendung, damit sich die Mischung verbinden und einen festen Halt im Ameisenbau entwickeln kann. Au\u00dferdem kann ein zu trockenes und staubiges Substrat dazu f\u00fchren, dass die Atemwege der Ameisen verstopfen und die Tiere im schlimmsten Fall ersticken.<\/p>","protected":false},"excerpt":{"rendered":"<p>Nat\u00fcrliches Substrat - grubberf\u00e4hig<\/p>","protected":false},"featured_media":4388,"comment_status":"open","ping_status":"closed","template":"","meta":{"_acf_changed":false,"content-type":"","_monsterinsights_skip_tracking":false,"_monsterinsights_sitenote_active":false,"_monsterinsights_sitenote_note":"","_monsterinsights_sitenote_category":0},"product_brand":[],"product_cat":[96],"product_tag":[],"class_list":{"0":"post-4142","1":"product","2":"type-product","3":"status-publish","4":"has-post-thumbnail","6":"product_cat-soil","8":"first","9":"instock","10":"taxable","11":"shipping-taxable","12":"purchasable","13":"product-type-simple"},"acf":[],"aioseo_notices":[],"jetpack_sharing_enabled":true,"_links":{"self":[{"href":"https:\/\/antcube.shop\/de\/wp-json\/wp\/v2\/product\/4142","targetHints":{"allow":["GET"]}}],"collection":[{"href":"https:\/\/antcube.shop\/de\/wp-json\/wp\/v2\/product"}],"about":[{"href":"https:\/\/antcube.shop\/de\/wp-json\/wp\/v2\/types\/product"}],"replies":[{"embeddable":true,"href":"https:\/\/antcube.shop\/de\/wp-json\/wp\/v2\/comments?post=4142"}],"wp:featuredmedia":[{"embeddable":true,"href":"https:\/\/antcube.shop\/de\/wp-json\/wp\/v2\/media\/4388"}],"wp:attachment":[{"href":"https:\/\/antcube.shop\/de\/wp-json\/wp\/v2\/media?parent=4142"}],"wp:term":[{"taxonomy":"product_brand","embeddable":true,"href":"https:\/\/antcube.shop\/de\/wp-json\/wp\/v2\/product_brand?post=4142"},{"taxonomy":"product_cat","embeddable":true,"href":"https:\/\/antcube.shop\/de\/wp-json\/wp\/v2\/product_cat?post=4142"},{"taxonomy":"product_tag","embeddable":true,"href":"https:\/\/antcube.shop\/de\/wp-json\/wp\/v2\/product_tag?post=4142"}],"curies":[{"name":"wp","href":"https:\/\/api.w.org\/{rel}","templated":true}]}}