{"id":4047,"date":"2021-11-30T15:12:53","date_gmt":"2021-11-30T14:12:53","guid":{"rendered":"https:\/\/antcube.shop\/produkt\/enamel-mug\/"},"modified":"2024-12-12T12:25:27","modified_gmt":"2024-12-12T11:25:27","slug":"emaille-becher","status":"publish","type":"product","link":"https:\/\/antcube.shop\/de\/produkt\/emaille-becher\/","title":{"rendered":"Emaille-Becher"},"content":{"rendered":"<p>Jeder gl\u00fcckliche Camper braucht eine einzigartige Camper-Tasse. Er ist leicht, robust und multifunktional. Verwenden Sie ihn f\u00fcr Ihr Lieblingsgetr\u00e4nk oder eine warme Mahlzeit und befestigen Sie ihn an Ihrer Tasche, um ihn auf einer Wanderung leicht zu erreichen.<\/p>\n<p>- Material: Emaille<br \/>\n- Abmessungen: H\u00f6he 3,14\u2033 (8 cm), Durchmesser 3,25\u2033(8,25 cm)<br \/>\n- Wei\u00dfe Beschichtung mit silbernem Rand<br \/>\n- Nur Handw\u00e4sche<br \/>\n- Rohling aus China importiert<\/p>\n<p><strong>Achtung! Erhitzen Sie keine Fl\u00fcssigkeiten oder Speisen direkt in der Tasse - dies kann die Beschichtung besch\u00e4digen.<\/strong><\/p>","protected":false},"excerpt":{"rendered":"<p>Jeder gl\u00fcckliche Camper braucht eine einzigartige Camper-Tasse. Er ist leicht, robust und multifunktional. Verwenden Sie ihn f\u00fcr Ihr Lieblingsgetr\u00e4nk oder eine warme Mahlzeit und befestigen Sie ihn an Ihrer Tasche, um ihn auf einer Wanderung leicht zu erreichen. - Material: Emaille - Ma\u00dfe: H\u00f6he 3,14\u2033 (8 cm), Durchmesser 3,25\u2033(8,25 cm) - Wei\u00dfe Beschichtung mit silbernem Rand - [...]","protected":false},"featured_media":4048,"comment_status":"open","ping_status":"closed","template":"","meta":{"_acf_changed":false,"content-type":"","_monsterinsights_skip_tracking":false,"_monsterinsights_sitenote_active":false,"_monsterinsights_sitenote_note":"","_monsterinsights_sitenote_category":0},"product_brand":[],"product_cat":[245],"product_tag":[],"class_list":{"0":"post-4047","1":"product","2":"type-product","3":"status-publish","4":"has-post-thumbnail","6":"product_cat-merchandise","8":"first","9":"instock","10":"taxable","11":"shipping-taxable","12":"purchasable","13":"product-type-simple"},"acf":[],"aioseo_notices":[],"jetpack_sharing_enabled":true,"_links":{"self":[{"href":"https:\/\/antcube.shop\/de\/wp-json\/wp\/v2\/product\/4047","targetHints":{"allow":["GET"]}}],"collection":[{"href":"https:\/\/antcube.shop\/de\/wp-json\/wp\/v2\/product"}],"about":[{"href":"https:\/\/antcube.shop\/de\/wp-json\/wp\/v2\/types\/product"}],"replies":[{"embeddable":true,"href":"https:\/\/antcube.shop\/de\/wp-json\/wp\/v2\/comments?post=4047"}],"wp:featuredmedia":[{"embeddable":true,"href":"https:\/\/antcube.shop\/de\/wp-json\/wp\/v2\/media\/4048"}],"wp:attachment":[{"href":"https:\/\/antcube.shop\/de\/wp-json\/wp\/v2\/media?parent=4047"}],"wp:term":[{"taxonomy":"product_brand","embeddable":true,"href":"https:\/\/antcube.shop\/de\/wp-json\/wp\/v2\/product_brand?post=4047"},{"taxonomy":"product_cat","embeddable":true,"href":"https:\/\/antcube.shop\/de\/wp-json\/wp\/v2\/product_cat?post=4047"},{"taxonomy":"product_tag","embeddable":true,"href":"https:\/\/antcube.shop\/de\/wp-json\/wp\/v2\/product_tag?post=4047"}],"curies":[{"name":"wp","href":"https:\/\/api.w.org\/{rel}","templated":true}]}}