{"id":4002,"date":"2021-11-30T13:36:03","date_gmt":"2021-11-30T12:36:03","guid":{"rendered":"https:\/\/antcube.shop\/produkt\/cuffed-beanie\/"},"modified":"2024-12-12T12:25:36","modified_gmt":"2024-12-12T11:25:36","slug":"manschetten-mutze","status":"publish","type":"product","link":"https:\/\/antcube.shop\/de\/produkt\/manschetten-mutze\/","title":{"rendered":"Beanie mit B\u00fcndchen"},"content":{"rendered":"<p>Eine kuschelige, gut sitzende M\u00fctze. Sie ist nicht nur ein toller W\u00e4rmespender f\u00fcr den Kopf, sondern auch ein unverzichtbares Accessoire in jedem Kleiderschrank.<\/p>\n<p>- 100% Turbo-Acryl<br \/>\n- 12\u2033 (30 cm) in der L\u00e4nge<br \/>\n- Hypoallergen<br \/>\n- Unisex-Stil<br \/>\n- Handwaschbar<br \/>\n- Leeres Produkt aus Vietnam oder Bangladesch<\/p>","protected":false},"excerpt":{"rendered":"<p>Eine kuschelige, gut sitzende M\u00fctze. Sie ist nicht nur ein gro\u00dfartiger Kopfw\u00e4rmer, sondern auch ein unverzichtbares Accessoire in jedem Kleiderschrank. - 100% Turbo-Acryl - 12\u2033 (30 cm) lang - Hypoallergen - Unisex-Stil - Handwaschbar - Blanko-Produkt aus Vietnam oder Bangladesch<\/p>","protected":false},"featured_media":4004,"comment_status":"open","ping_status":"closed","template":"","meta":{"_acf_changed":false,"content-type":"","_monsterinsights_skip_tracking":false,"_monsterinsights_sitenote_active":false,"_monsterinsights_sitenote_note":"","_monsterinsights_sitenote_category":0},"product_brand":[],"product_cat":[245],"product_tag":[],"class_list":{"0":"post-4002","1":"product","2":"type-product","3":"status-publish","4":"has-post-thumbnail","6":"product_cat-merchandise","8":"first","9":"instock","10":"taxable","11":"shipping-taxable","12":"purchasable","13":"product-type-simple"},"acf":[],"aioseo_notices":[],"jetpack_sharing_enabled":true,"_links":{"self":[{"href":"https:\/\/antcube.shop\/de\/wp-json\/wp\/v2\/product\/4002","targetHints":{"allow":["GET"]}}],"collection":[{"href":"https:\/\/antcube.shop\/de\/wp-json\/wp\/v2\/product"}],"about":[{"href":"https:\/\/antcube.shop\/de\/wp-json\/wp\/v2\/types\/product"}],"replies":[{"embeddable":true,"href":"https:\/\/antcube.shop\/de\/wp-json\/wp\/v2\/comments?post=4002"}],"wp:featuredmedia":[{"embeddable":true,"href":"https:\/\/antcube.shop\/de\/wp-json\/wp\/v2\/media\/4004"}],"wp:attachment":[{"href":"https:\/\/antcube.shop\/de\/wp-json\/wp\/v2\/media?parent=4002"}],"wp:term":[{"taxonomy":"product_brand","embeddable":true,"href":"https:\/\/antcube.shop\/de\/wp-json\/wp\/v2\/product_brand?post=4002"},{"taxonomy":"product_cat","embeddable":true,"href":"https:\/\/antcube.shop\/de\/wp-json\/wp\/v2\/product_cat?post=4002"},{"taxonomy":"product_tag","embeddable":true,"href":"https:\/\/antcube.shop\/de\/wp-json\/wp\/v2\/product_tag?post=4002"}],"curies":[{"name":"wp","href":"https:\/\/api.w.org\/{rel}","templated":true}]}}