{"id":3957,"date":"2021-11-30T13:32:38","date_gmt":"2021-11-30T12:32:38","guid":{"rendered":"https:\/\/antcube.shop\/produkt\/mens-high-top-canvas-shoes\/"},"modified":"2024-12-12T12:25:45","modified_gmt":"2024-12-12T11:25:45","slug":"herren-high-top-canvas-schuhe","status":"publish","type":"product","link":"https:\/\/antcube.shop\/de\/produkt\/herren-high-top-canvas-schuhe\/","title":{"rendered":"Hohe Segeltuchschuhe f\u00fcr M\u00e4nner"},"content":{"rendered":"<p>Verbessern Sie Ihr Schuhspiel mit den High Top Canvas Shoes. Diese handgefertigten, trendigen Schuhe peppen dein Outfit garantiert auf. Holen Sie sich Ihre jetzt!<\/p>\n<p>- 100% Polyester, Oberseite aus Segeltuch<br \/>\n- Au\u00dfensohle aus Ethylen-Vinylacetat-Gummi (EVA)<br \/>\n- Atmungsaktives Futter, weiche Innensohle<br \/>\n- Zehenkappe aus Kunstleder<br \/>\n- Wei\u00dfe Schn\u00fcrsenkel<br \/>\n- Gepolsterter Kragen, Schn\u00fcrung vorne<br \/>\n- Rohling aus China importiert<\/p>\n<p><strong>Das ist wichtig:<\/strong> Dieses Produkt ist in den folgenden L\u00e4ndern erh\u00e4ltlich: Vereinigte Staaten, Kanada, Australien, Neuseeland und Japan. Wenn Ihre Lieferadresse au\u00dferhalb dieser L\u00e4nder liegt, w\u00e4hlen Sie bitte ein anderes Produkt.<\/p>\n<p><strong>Haftungsausschluss:<\/strong> Beim \u00d6ffnen des Kartons riechen die Schuhe nach Klebstoff. Der Geruch verschwindet ein paar Tage nach dem Auspacken der Schuhe.<\/p>","protected":false},"excerpt":{"rendered":"<p>Verbessern Sie Ihr Schuhspiel mit den High Top Canvas Shoes. Diese handgefertigten, trendigen Schuhe peppen dein Outfit garantiert auf. Holen Sie sich Ihre jetzt! - 100% Polyester, Obermaterial aus Segeltuch - Laufsohle aus Ethylen-Vinylacetat (EVA) Gummi - Atmungsaktives Futter, weiche Innensohle - Zehenkappe aus Kunstleder - Wei\u00dfe Schn\u00fcrsenkel - Gepolsterter Kragen, Schn\u00fcrung [...]","protected":false},"featured_media":3975,"comment_status":"open","ping_status":"closed","template":"","meta":{"_acf_changed":false,"content-type":"","_monsterinsights_skip_tracking":false,"_monsterinsights_sitenote_active":false,"_monsterinsights_sitenote_note":"","_monsterinsights_sitenote_category":0},"product_brand":[],"product_cat":[245],"product_tag":[],"class_list":{"0":"post-3957","1":"product","2":"type-product","3":"status-publish","4":"has-post-thumbnail","6":"product_cat-merchandise","8":"first","9":"instock","10":"taxable","11":"shipping-taxable","12":"purchasable","13":"product-type-variable"},"acf":[],"aioseo_notices":[],"jetpack_sharing_enabled":true,"_links":{"self":[{"href":"https:\/\/antcube.shop\/de\/wp-json\/wp\/v2\/product\/3957","targetHints":{"allow":["GET"]}}],"collection":[{"href":"https:\/\/antcube.shop\/de\/wp-json\/wp\/v2\/product"}],"about":[{"href":"https:\/\/antcube.shop\/de\/wp-json\/wp\/v2\/types\/product"}],"replies":[{"embeddable":true,"href":"https:\/\/antcube.shop\/de\/wp-json\/wp\/v2\/comments?post=3957"}],"wp:featuredmedia":[{"embeddable":true,"href":"https:\/\/antcube.shop\/de\/wp-json\/wp\/v2\/media\/3975"}],"wp:attachment":[{"href":"https:\/\/antcube.shop\/de\/wp-json\/wp\/v2\/media?parent=3957"}],"wp:term":[{"taxonomy":"product_brand","embeddable":true,"href":"https:\/\/antcube.shop\/de\/wp-json\/wp\/v2\/product_brand?post=3957"},{"taxonomy":"product_cat","embeddable":true,"href":"https:\/\/antcube.shop\/de\/wp-json\/wp\/v2\/product_cat?post=3957"},{"taxonomy":"product_tag","embeddable":true,"href":"https:\/\/antcube.shop\/de\/wp-json\/wp\/v2\/product_tag?post=3957"}],"curies":[{"name":"wp","href":"https:\/\/api.w.org\/{rel}","templated":true}]}}