{"id":3875,"date":"2021-11-23T18:19:09","date_gmt":"2021-11-23T17:19:09","guid":{"rendered":"https:\/\/antcube.shop\/produkt\/ameisen-spiralturm-s-30\/"},"modified":"2026-03-26T09:29:21","modified_gmt":"2026-03-26T08:29:21","slug":"ameisen-spiralturm-s-30","status":"publish","type":"product","link":"https:\/\/antcube.shop\/de\/produkt\/ameisen-spiralturm-s-30\/","title":{"rendered":"Ameisenspiralturm S - 30"},"content":{"rendered":"<div><strong>Abmessungen<\/strong>: 19x19x30cm; <strong>S<\/strong> f\u00fcr Schlauch 10\/06 mm<\/div>\n<div><\/div>\n<div><strong>Material<\/strong>: PMMA, PVC<\/div>\n<div><\/div>\n<div><strong>Farbe<\/strong>kristallklar, transparent, lichtdurchl\u00e4ssig<\/div>\n<div><\/div>\n<div><strong>Inhalt<\/strong>:<\/div>\n<div>2x Boden-\/Abdeckplatte<\/div>\n<div>2x Schlauchanschluss f\u00fcr 10\/06 mm Schlauch<\/div>\n<div>4x Schlauchs\u00e4ule f\u00fcr 10\/06 mm Schlauch<\/div>\n<div>10x Spannstift<\/div>\n<div>7m Schlauch 10\/06mm<\/div>\n<div><strong>Hinweis<\/strong>: Die Teile werden als Bausatz oder Stecksystem geliefert. Ein Verkleben ist nicht erforderlich.<\/div>\n<div><\/div>\n<div><strong>Verbindung<\/strong>:<\/div>\n<div>2x Schlauch 10\/06 mm<\/div>\n<div><\/div>\n<div><strong>Beschreibung<\/strong>: Der Ameisenspiralturm dient zur \u00dcberbr\u00fcckung der H\u00f6he von der Arena zur Ameisenfarm und bietet den Tieren zus\u00e4tzlich viel Laufstrecke auf kompaktem Raum. Die zus\u00e4tzliche Laufstrecke simuliert die Wege, die Ameisen in der Natur zu ihren Nahrungsquellen zur\u00fccklegen m\u00fcssen und kann sich positiv auf die Entwicklung und das Verhalten des Ameisenvolkes auswirken.<\/div>\n<div><\/div>\n<div><strong>Anmeldung<\/strong>Gr\u00f6\u00dfe der Ameisenfarmen <strong>S<\/strong><\/div>","protected":false},"excerpt":{"rendered":"<p>Anschluss: Schlauch 10\/06 mm<br \/>\nGr\u00f6\u00dfe <strong>S<\/strong><\/p>","protected":false},"featured_media":3883,"comment_status":"open","ping_status":"closed","template":"","meta":{"_acf_changed":false,"content-type":"","_monsterinsights_skip_tracking":false,"_monsterinsights_sitenote_active":false,"_monsterinsights_sitenote_note":"","_monsterinsights_sitenote_category":0},"product_brand":[],"product_cat":[119,256],"product_tag":[],"class_list":{"0":"post-3875","1":"product","2":"type-product","3":"status-publish","4":"has-post-thumbnail","6":"product_cat-formicarium-components","7":"product_cat-spiral-tower","9":"first","10":"instock","11":"taxable","12":"shipping-taxable","13":"purchasable","14":"product-type-simple"},"acf":[],"aioseo_notices":[],"jetpack_sharing_enabled":true,"_links":{"self":[{"href":"https:\/\/antcube.shop\/de\/wp-json\/wp\/v2\/product\/3875","targetHints":{"allow":["GET"]}}],"collection":[{"href":"https:\/\/antcube.shop\/de\/wp-json\/wp\/v2\/product"}],"about":[{"href":"https:\/\/antcube.shop\/de\/wp-json\/wp\/v2\/types\/product"}],"replies":[{"embeddable":true,"href":"https:\/\/antcube.shop\/de\/wp-json\/wp\/v2\/comments?post=3875"}],"wp:featuredmedia":[{"embeddable":true,"href":"https:\/\/antcube.shop\/de\/wp-json\/wp\/v2\/media\/3883"}],"wp:attachment":[{"href":"https:\/\/antcube.shop\/de\/wp-json\/wp\/v2\/media?parent=3875"}],"wp:term":[{"taxonomy":"product_brand","embeddable":true,"href":"https:\/\/antcube.shop\/de\/wp-json\/wp\/v2\/product_brand?post=3875"},{"taxonomy":"product_cat","embeddable":true,"href":"https:\/\/antcube.shop\/de\/wp-json\/wp\/v2\/product_cat?post=3875"},{"taxonomy":"product_tag","embeddable":true,"href":"https:\/\/antcube.shop\/de\/wp-json\/wp\/v2\/product_tag?post=3875"}],"curies":[{"name":"wp","href":"https:\/\/api.w.org\/{rel}","templated":true}]}}