{"id":3625,"date":"2021-11-19T12:53:34","date_gmt":"2021-11-19T11:53:34","guid":{"rendered":"https:\/\/antcube.shop\/produkt\/snapback-hat\/"},"modified":"2024-12-12T12:26:44","modified_gmt":"2024-12-12T11:26:44","slug":"snapback-hut","status":"publish","type":"product","link":"https:\/\/antcube.shop\/de\/produkt\/snapback-hut\/","title":{"rendered":"Cap"},"content":{"rendered":"<p>Dieser Hut hat eine klassische Passform, eine flache Krempe und ist voll gepolstert. Der verstellbare Schnappverschluss macht ihn zu einem bequemen Hut, der in einer Gr\u00f6\u00dfe passt.<\/p>\n<p>- 80% Acryl, 20% Wolle<br \/>\n- Gr\u00fcnes Tarnmuster: 60% Baumwolle, 40% Polyester<br \/>\n- Strukturiert, 6-teilig, mit hohem Profil<br \/>\n- 6 gestickte \u00d6sen<br \/>\n- Kunststoff-Schnappverschluss<br \/>\n- Gr\u00fcner Unterw\u00e4scher<br \/>\n- Kopfumfang: 21\u215d\u2033-23\u215d\u2033 (54,9 cm-60 cm)<br \/>\n- Leeres Produkt aus Vietnam oder Bangladesch<\/p>\n<p>&nbsp;<\/p>\n<p>Die Lieferung und Produktion der Produkte in der Kategorie Merchandise wird von unserem Partner PRINTFUL durchgef\u00fchrt. Mit der Bestellung eines dieser Produkte akzeptieren Sie die Allgemeinen Gesch\u00e4ftsbedingungen, Datenschutzbestimmungen und R\u00fcckgabebedingungen von PRINTFUL.<\/p>\n<p><a href=\"https:\/\/www.printful.com\/policies\/terms-of-service\">Die Allgemeinen Gesch\u00e4ftsbedingungen von PRINTFUL finden Sie hier.<\/a><\/p>\n<p><a href=\"https:\/\/www.printful.com\/policies\/returns\">Hier finden Sie die R\u00fcckgabebedingungen von PRINTFUL.<\/a><\/p>\n<p><a href=\"https:\/\/www.printful.com\/policies\/privacy\">Hier finden Sie die Datenschutzbestimmungen von PRINTFUL.<\/a><\/p>","protected":false},"excerpt":{"rendered":"<p>Dieser Hut hat eine klassische Passform, eine flache Krempe und ist voll gepolstert. Der verstellbare Druckknopfverschluss macht ihn zu einem bequemen Hut, der in einer Gr\u00f6\u00dfe passt. - 80% Acryl, 20% Wolle - Green Camo ist 60% Baumwolle, 40% Polyester - Strukturiert, 6-Panel, hohes Profil - 6 gestickte \u00d6sen - Kunststoff-Schnappverschluss - Gr\u00fcner Unterschirm - Kopfumfang: 21\u215d\u2033-23\u215d\u2033 [...]","protected":false},"featured_media":3627,"comment_status":"open","ping_status":"closed","template":"","meta":{"_acf_changed":false,"content-type":"","_monsterinsights_skip_tracking":false,"_monsterinsights_sitenote_active":false,"_monsterinsights_sitenote_note":"","_monsterinsights_sitenote_category":0},"product_brand":[],"product_cat":[245],"product_tag":[],"class_list":{"0":"post-3625","1":"product","2":"type-product","3":"status-publish","4":"has-post-thumbnail","6":"product_cat-merchandise","8":"first","9":"instock","10":"taxable","11":"shipping-taxable","12":"purchasable","13":"product-type-simple"},"acf":[],"aioseo_notices":[],"jetpack_sharing_enabled":true,"_links":{"self":[{"href":"https:\/\/antcube.shop\/de\/wp-json\/wp\/v2\/product\/3625","targetHints":{"allow":["GET"]}}],"collection":[{"href":"https:\/\/antcube.shop\/de\/wp-json\/wp\/v2\/product"}],"about":[{"href":"https:\/\/antcube.shop\/de\/wp-json\/wp\/v2\/types\/product"}],"replies":[{"embeddable":true,"href":"https:\/\/antcube.shop\/de\/wp-json\/wp\/v2\/comments?post=3625"}],"wp:featuredmedia":[{"embeddable":true,"href":"https:\/\/antcube.shop\/de\/wp-json\/wp\/v2\/media\/3627"}],"wp:attachment":[{"href":"https:\/\/antcube.shop\/de\/wp-json\/wp\/v2\/media?parent=3625"}],"wp:term":[{"taxonomy":"product_brand","embeddable":true,"href":"https:\/\/antcube.shop\/de\/wp-json\/wp\/v2\/product_brand?post=3625"},{"taxonomy":"product_cat","embeddable":true,"href":"https:\/\/antcube.shop\/de\/wp-json\/wp\/v2\/product_cat?post=3625"},{"taxonomy":"product_tag","embeddable":true,"href":"https:\/\/antcube.shop\/de\/wp-json\/wp\/v2\/product_tag?post=3625"}],"curies":[{"name":"wp","href":"https:\/\/api.w.org\/{rel}","templated":true}]}}