{"id":3611,"date":"2021-11-19T12:49:31","date_gmt":"2021-11-19T11:49:31","guid":{"rendered":"https:\/\/antcube.shop\/produkt\/dad-hat\/"},"modified":"2024-12-12T12:26:53","modified_gmt":"2024-12-12T11:26:53","slug":"papa-hut","status":"publish","type":"product","link":"https:\/\/antcube.shop\/de\/produkt\/papa-hut\/","title":{"rendered":"Basecap"},"content":{"rendered":"<p>H\u00fcte f\u00fcr V\u00e4ter sind nicht nur f\u00fcr V\u00e4ter. Dieser Hut hat ein niedriges Profil mit einem verstellbaren Band und einem gebogenen Visier.<\/p>\n<p>- 100% Chino-Baumwollk\u00f6per<br \/>- Gr\u00fcnes Tarnmuster aus 35% Chino-Baumwollk\u00f6per, 65% Polyester<br \/>- Unstrukturiert, 6-bl\u00e4ttrig, niedriges Profil<br \/>- 6 gestickte \u00d6sen<br \/>- 3 \u215b\" (7,6 cm) Krone<br \/>- Verstellbarer Riemen mit antiker Schnalle<br \/>- Leeres Produkt aus Vietnam oder Bangladesch<\/p>\n<p>\u00a0<\/p>\n<p>Die Lieferung und Produktion der Produkte in der Kategorie Merchandise wird von unserem Partner PRINTFUL durchgef\u00fchrt. Mit der Bestellung eines dieser Produkte akzeptieren Sie die Allgemeinen Gesch\u00e4ftsbedingungen, Datenschutzbestimmungen und R\u00fcckgabebedingungen von PRINTFUL.\u00a0<\/p>\n<p><a href=\"https:\/\/www.printful.com\/policies\/terms-of-service\">Die Allgemeinen Gesch\u00e4ftsbedingungen von PRINTFUL finden Sie hier.<\/a><\/p>\n<p><a href=\"https:\/\/www.printful.com\/policies\/returns\">Hier finden Sie die R\u00fcckgabebedingungen von PRINTFUL.<\/a><\/p>\n<p><a href=\"https:\/\/www.printful.com\/policies\/privacy\">Hier finden Sie die Datenschutzbestimmungen von PRINTFUL.<\/a><\/p>","protected":false},"excerpt":{"rendered":"<p>H\u00fcte f\u00fcr V\u00e4ter sind nicht nur f\u00fcr V\u00e4ter. Dieser Hut hat ein niedriges Profil mit einem verstellbaren Riemen und einem gebogenen Visier. - 100% Chino-Baumwollk\u00f6per- Gr\u00fcnes Tarnmuster aus 35% Chino-Baumwollk\u00f6per, 65% Polyester- Unstrukturiert, 6 Felder, niedriges Profil- 6 gestickte \u00d6sen- 7,6 cm (3 \u215b\") Krone- Verstellbares Band mit antiker Schnalle- Blankes Produkt aus Vietnam [...]","protected":false},"featured_media":3613,"comment_status":"open","ping_status":"closed","template":"","meta":{"_acf_changed":false,"content-type":"","_monsterinsights_skip_tracking":false,"_monsterinsights_sitenote_active":false,"_monsterinsights_sitenote_note":"","_monsterinsights_sitenote_category":0},"product_brand":[],"product_cat":[245],"product_tag":[],"class_list":{"0":"post-3611","1":"product","2":"type-product","3":"status-publish","4":"has-post-thumbnail","6":"product_cat-merchandise","8":"first","9":"instock","10":"taxable","11":"shipping-taxable","12":"purchasable","13":"product-type-simple"},"acf":[],"aioseo_notices":[],"jetpack_sharing_enabled":true,"_links":{"self":[{"href":"https:\/\/antcube.shop\/de\/wp-json\/wp\/v2\/product\/3611","targetHints":{"allow":["GET"]}}],"collection":[{"href":"https:\/\/antcube.shop\/de\/wp-json\/wp\/v2\/product"}],"about":[{"href":"https:\/\/antcube.shop\/de\/wp-json\/wp\/v2\/types\/product"}],"replies":[{"embeddable":true,"href":"https:\/\/antcube.shop\/de\/wp-json\/wp\/v2\/comments?post=3611"}],"wp:featuredmedia":[{"embeddable":true,"href":"https:\/\/antcube.shop\/de\/wp-json\/wp\/v2\/media\/3613"}],"wp:attachment":[{"href":"https:\/\/antcube.shop\/de\/wp-json\/wp\/v2\/media?parent=3611"}],"wp:term":[{"taxonomy":"product_brand","embeddable":true,"href":"https:\/\/antcube.shop\/de\/wp-json\/wp\/v2\/product_brand?post=3611"},{"taxonomy":"product_cat","embeddable":true,"href":"https:\/\/antcube.shop\/de\/wp-json\/wp\/v2\/product_cat?post=3611"},{"taxonomy":"product_tag","embeddable":true,"href":"https:\/\/antcube.shop\/de\/wp-json\/wp\/v2\/product_tag?post=3611"}],"curies":[{"name":"wp","href":"https:\/\/api.w.org\/{rel}","templated":true}]}}