{"id":3599,"date":"2021-11-19T12:47:56","date_gmt":"2021-11-19T11:47:56","guid":{"rendered":"https:\/\/antcube.shop\/produkt\/premium-eco-hoodie\/"},"modified":"2024-12-12T12:27:02","modified_gmt":"2024-12-12T11:27:02","slug":"premium-oko-hoodie","status":"publish","type":"product","link":"https:\/\/antcube.shop\/de\/produkt\/premium-oko-hoodie\/","title":{"rendered":"Hochwertiger \u00d6ko-Kapuzenpullover"},"content":{"rendered":"<p>Das ist der hochwertige \u00d6ko-Kapuzenpullover aus organischen und recycelten Materialien. Mit seiner bequemen Passform, der Beuteltasche auf der Vorderseite und der doppellagigen Kapuze ist der Kapuzenpullover ein klassisches Streetwear-Teil, das sich zu vielen verschiedenen Looks stylen l\u00e4sst.<\/p>\n<p>- 85% Bio-Baumwolle, 15% recyceltes Polyester<br \/>\n- Rippen: 97% Bio-Baumwolle, 3% Elastan<br \/>\n- Geb\u00fcrsteter Fleecestoff innen<br \/>\n- Bequeme Unisex-Passform<br \/>\n- Doppellagige Kapuze<br \/>\n- Flache Kordelz\u00fcge mit Metall\u00f6sen f\u00fcr ein erstklassiges Gef\u00fchl<br \/>\n- K\u00e4ngurutasche<br \/>\n- Innen-\/Au\u00dfenetikettenaufn\u00e4her f\u00fcr das Branding<br \/>\n- Abrei\u00dfbares Pflegeetikett<\/p>\n<p>&nbsp;<\/p>\n<p>Die Lieferung und Produktion der Produkte in der Kategorie Merchandise wird von unserem Partner PRINTFUL durchgef\u00fchrt. Mit der Bestellung eines dieser Produkte akzeptieren Sie die Allgemeinen Gesch\u00e4ftsbedingungen, Datenschutzbestimmungen und R\u00fcckgabebedingungen von PRINTFUL.<\/p>\n<p><a href=\"https:\/\/www.printful.com\/policies\/terms-of-service\">Die Allgemeinen Gesch\u00e4ftsbedingungen von PRINTFUL finden Sie hier.<\/a><\/p>\n<p><a href=\"https:\/\/www.printful.com\/policies\/returns\">Hier finden Sie die R\u00fcckgabebedingungen von PRINTFUL.<\/a><\/p>\n<p><a href=\"https:\/\/www.printful.com\/policies\/privacy\">Hier finden Sie die Datenschutzbestimmungen von PRINTFUL.<\/a><\/p>","protected":false},"excerpt":{"rendered":"<p>Das ist der hochwertige \u00d6ko-Kapuzenpullover aus organischen und recycelten Materialien. Mit seiner bequemen Passform, der Beuteltasche auf der Vorderseite und der doppellagigen Kapuze ist der Kapuzenpullover ein klassisches Streetwear-Teil, das sich zu vielen verschiedenen Looks stylen l\u00e4sst. - 85% Bio-Baumwolle, 15% recyceltes Polyester - Rippen: 97% Bio-Baumwolle, 3% Elastan - Geb\u00fcrstetes Fleece-Material innen [...]","protected":false},"featured_media":3607,"comment_status":"open","ping_status":"closed","template":"","meta":{"_acf_changed":false,"content-type":"","_monsterinsights_skip_tracking":false,"_monsterinsights_sitenote_active":false,"_monsterinsights_sitenote_note":"","_monsterinsights_sitenote_category":0},"product_brand":[],"product_cat":[245],"product_tag":[],"class_list":{"0":"post-3599","1":"product","2":"type-product","3":"status-publish","4":"has-post-thumbnail","6":"product_cat-merchandise","8":"first","9":"instock","10":"taxable","11":"shipping-taxable","12":"purchasable","13":"product-type-variable"},"acf":[],"aioseo_notices":[],"jetpack_sharing_enabled":true,"_links":{"self":[{"href":"https:\/\/antcube.shop\/de\/wp-json\/wp\/v2\/product\/3599","targetHints":{"allow":["GET"]}}],"collection":[{"href":"https:\/\/antcube.shop\/de\/wp-json\/wp\/v2\/product"}],"about":[{"href":"https:\/\/antcube.shop\/de\/wp-json\/wp\/v2\/types\/product"}],"replies":[{"embeddable":true,"href":"https:\/\/antcube.shop\/de\/wp-json\/wp\/v2\/comments?post=3599"}],"wp:featuredmedia":[{"embeddable":true,"href":"https:\/\/antcube.shop\/de\/wp-json\/wp\/v2\/media\/3607"}],"wp:attachment":[{"href":"https:\/\/antcube.shop\/de\/wp-json\/wp\/v2\/media?parent=3599"}],"wp:term":[{"taxonomy":"product_brand","embeddable":true,"href":"https:\/\/antcube.shop\/de\/wp-json\/wp\/v2\/product_brand?post=3599"},{"taxonomy":"product_cat","embeddable":true,"href":"https:\/\/antcube.shop\/de\/wp-json\/wp\/v2\/product_cat?post=3599"},{"taxonomy":"product_tag","embeddable":true,"href":"https:\/\/antcube.shop\/de\/wp-json\/wp\/v2\/product_tag?post=3599"}],"curies":[{"name":"wp","href":"https:\/\/api.w.org\/{rel}","templated":true}]}}