{"id":3575,"date":"2021-11-19T12:45:26","date_gmt":"2021-11-19T11:45:26","guid":{"rendered":"https:\/\/antcube.shop\/produkt\/unisex-organic-cotton-t-shirt\/"},"modified":"2024-12-12T12:27:10","modified_gmt":"2024-12-12T11:27:10","slug":"unisex-bio-baumwoll-t-shirt","status":"publish","type":"product","link":"https:\/\/antcube.shop\/de\/produkt\/unisex-bio-baumwoll-t-shirt\/","title":{"rendered":"Unisex-T-Shirt aus Bio-Baumwolle"},"content":{"rendered":"<p>Dieses Unisex-T-Shirt aus 100% ringgesponnener Bio-Baumwolle ist ein absolutes Must-have. Es ist hochwertig, superbequem und vor allem umweltfreundlich.<\/p>\n<p>- 100% Bio-Baumwolle, ringgesponnen<br \/>\n- Stoffgewicht: 5,3 oz\/yd\u00b2 (180 g\/m\u00b2)<br \/>\n- Einzelnes Trikot<br \/>\n- Mittlere Passform<br \/>\n- Eingesetzte \u00c4rmel<br \/>\n- 1 \u00d7 1 Rippe am Kragen<br \/>\n- Breite Doppelsteppn\u00e4hte an den \u00c4rmeln und am unteren Saum<br \/>\n- Selbstgewebtes Nackenband (innen, hinten im Nacken)<br \/>\n- Rohling aus China oder Bangladesch<\/p>\n<p>&nbsp;<\/p>\n<p>Die Lieferung und Produktion der Produkte in der Kategorie Merchandise wird von unserem Partner PRINTFUL durchgef\u00fchrt. Mit der Bestellung eines dieser Produkte akzeptieren Sie die Allgemeinen Gesch\u00e4ftsbedingungen, Datenschutzbestimmungen und R\u00fcckgabebedingungen von PRINTFUL.<\/p>\n<p><a href=\"https:\/\/www.printful.com\/policies\/terms-of-service\">Die Allgemeinen Gesch\u00e4ftsbedingungen von PRINTFUL finden Sie hier.<\/a><\/p>\n<p><a href=\"https:\/\/www.printful.com\/policies\/returns\">Hier finden Sie die R\u00fcckgabebedingungen von PRINTFUL.<\/a><\/p>\n<p><a href=\"https:\/\/www.printful.com\/policies\/privacy\">Hier finden Sie die Datenschutzbestimmungen von PRINTFUL.<\/a><\/p>","protected":false},"excerpt":{"rendered":"<p>Dieses Unisex-T-Shirt aus 100% ringgesponnener Bio-Baumwolle ist ein absolutes Must-have. Es ist hochwertig, superbequem und vor allem umweltfreundlich. - 100% ringgesponnene Bio-Baumwolle - Stoffgewicht: 180 g\/m\u00b2 (5,3 oz\/yd\u00b2) - Single Jersey - Mittlere Passform - Eingesetzte \u00c4rmel - 1 \u00d7 1 Rippe am Kragen - Breite Doppelnadelsteppung am [...]","protected":false},"featured_media":3582,"comment_status":"open","ping_status":"closed","template":"","meta":{"_acf_changed":false,"content-type":"","_monsterinsights_skip_tracking":false,"_monsterinsights_sitenote_active":false,"_monsterinsights_sitenote_note":"","_monsterinsights_sitenote_category":0},"product_brand":[],"product_cat":[245],"product_tag":[],"class_list":{"0":"post-3575","1":"product","2":"type-product","3":"status-publish","4":"has-post-thumbnail","6":"product_cat-merchandise","8":"first","9":"instock","10":"taxable","11":"shipping-taxable","12":"purchasable","13":"product-type-variable"},"acf":[],"aioseo_notices":[],"jetpack_sharing_enabled":true,"_links":{"self":[{"href":"https:\/\/antcube.shop\/de\/wp-json\/wp\/v2\/product\/3575","targetHints":{"allow":["GET"]}}],"collection":[{"href":"https:\/\/antcube.shop\/de\/wp-json\/wp\/v2\/product"}],"about":[{"href":"https:\/\/antcube.shop\/de\/wp-json\/wp\/v2\/types\/product"}],"replies":[{"embeddable":true,"href":"https:\/\/antcube.shop\/de\/wp-json\/wp\/v2\/comments?post=3575"}],"wp:featuredmedia":[{"embeddable":true,"href":"https:\/\/antcube.shop\/de\/wp-json\/wp\/v2\/media\/3582"}],"wp:attachment":[{"href":"https:\/\/antcube.shop\/de\/wp-json\/wp\/v2\/media?parent=3575"}],"wp:term":[{"taxonomy":"product_brand","embeddable":true,"href":"https:\/\/antcube.shop\/de\/wp-json\/wp\/v2\/product_brand?post=3575"},{"taxonomy":"product_cat","embeddable":true,"href":"https:\/\/antcube.shop\/de\/wp-json\/wp\/v2\/product_cat?post=3575"},{"taxonomy":"product_tag","embeddable":true,"href":"https:\/\/antcube.shop\/de\/wp-json\/wp\/v2\/product_tag?post=3575"}],"curies":[{"name":"wp","href":"https:\/\/api.w.org\/{rel}","templated":true}]}}