{"id":3566,"date":"2021-11-19T12:43:48","date_gmt":"2021-11-19T11:43:48","guid":{"rendered":"https:\/\/antcube.shop\/produkt\/youth-short-sleeve-t-shirt\/"},"modified":"2024-12-12T12:27:18","modified_gmt":"2024-12-12T11:27:18","slug":"jugend-kurzarm-shirt","status":"publish","type":"product","link":"https:\/\/antcube.shop\/de\/produkt\/jugend-kurzarm-shirt\/","title":{"rendered":"Jugend T-Shirt mit kurzen \u00c4rmeln"},"content":{"rendered":"<p>Dieses T-Shirt ist genau das, wonach du gesucht hast, und es wird mit Sicherheit zu einem Lieblingsteil in der Garderobe eines jeden Jungen. Es ist leicht, weich und kommt mit einem einzigartigen Design.<\/p>\n<p>- 100% gek\u00e4mmte und ringgesponnene Baumwolle<br \/>\n- Heather-Farben: 52% gek\u00e4mmte und ringgesponnene Baumwolle, 48% Polyester<br \/>\n- Athletic Heather ist 90% gek\u00e4mmte und ringgesponnene Baumwolle, 10% Polyester<br \/>\n- Stoffgewicht: 4,2 oz\/yd\u00b2 (142 g\/m2)<br \/>\n- Vorgeschrumpftes Gewebe<br \/>\n- 32 Singles<br \/>\n- Entspannte Unisex-Passform<br \/>\n- Seitlich gen\u00e4hte Konstruktion<br \/>\n- Blankoerzeugnisse aus Nicaragua, den USA oder Honduras<\/p>\n<p>&nbsp;<\/p>\n<p>Die Lieferung und Produktion der Produkte in der Kategorie Merchandise wird von unserem Partner PRINTFUL durchgef\u00fchrt. Mit der Bestellung eines dieser Produkte akzeptieren Sie die Allgemeinen Gesch\u00e4ftsbedingungen, Datenschutzbestimmungen und R\u00fcckgabebedingungen von PRINTFUL.<\/p>\n<p><a href=\"https:\/\/www.printful.com\/policies\/terms-of-service\">Die Allgemeinen Gesch\u00e4ftsbedingungen von PRINTFUL finden Sie hier.<\/a><\/p>\n<p><a href=\"https:\/\/www.printful.com\/policies\/returns\">Hier finden Sie die R\u00fcckgabebedingungen von PRINTFUL.<\/a><\/p>\n<p><a href=\"https:\/\/www.printful.com\/policies\/privacy\">Hier finden Sie die Datenschutzbestimmungen von PRINTFUL.<\/a><\/p>","protected":false},"excerpt":{"rendered":"<p>Dieses T-Shirt ist genau das, wonach du gesucht hast, und es wird mit Sicherheit zu einem Lieblingsteil in der Garderobe eines jeden Jungen. Es ist leicht, weich und kommt mit einem einzigartigen Design. - 100% gek\u00e4mmte und ringgesponnene Baumwolle - Heather Farben sind 52% gek\u00e4mmte und ringgesponnene Baumwolle, 48% Polyester - Athletic Heather ist 90% gek\u00e4mmte und ringgesponnene Baumwolle, [...]","protected":false},"featured_media":3573,"comment_status":"open","ping_status":"closed","template":"","meta":{"_acf_changed":false,"content-type":"","_monsterinsights_skip_tracking":false,"_monsterinsights_sitenote_active":false,"_monsterinsights_sitenote_note":"","_monsterinsights_sitenote_category":0},"product_brand":[],"product_cat":[245],"product_tag":[],"class_list":{"0":"post-3566","1":"product","2":"type-product","3":"status-publish","4":"has-post-thumbnail","6":"product_cat-merchandise","8":"first","9":"instock","10":"taxable","11":"shipping-taxable","12":"purchasable","13":"product-type-variable"},"acf":[],"aioseo_notices":[],"jetpack_sharing_enabled":true,"_links":{"self":[{"href":"https:\/\/antcube.shop\/de\/wp-json\/wp\/v2\/product\/3566","targetHints":{"allow":["GET"]}}],"collection":[{"href":"https:\/\/antcube.shop\/de\/wp-json\/wp\/v2\/product"}],"about":[{"href":"https:\/\/antcube.shop\/de\/wp-json\/wp\/v2\/types\/product"}],"replies":[{"embeddable":true,"href":"https:\/\/antcube.shop\/de\/wp-json\/wp\/v2\/comments?post=3566"}],"wp:featuredmedia":[{"embeddable":true,"href":"https:\/\/antcube.shop\/de\/wp-json\/wp\/v2\/media\/3573"}],"wp:attachment":[{"href":"https:\/\/antcube.shop\/de\/wp-json\/wp\/v2\/media?parent=3566"}],"wp:term":[{"taxonomy":"product_brand","embeddable":true,"href":"https:\/\/antcube.shop\/de\/wp-json\/wp\/v2\/product_brand?post=3566"},{"taxonomy":"product_cat","embeddable":true,"href":"https:\/\/antcube.shop\/de\/wp-json\/wp\/v2\/product_cat?post=3566"},{"taxonomy":"product_tag","embeddable":true,"href":"https:\/\/antcube.shop\/de\/wp-json\/wp\/v2\/product_tag?post=3566"}],"curies":[{"name":"wp","href":"https:\/\/api.w.org\/{rel}","templated":true}]}}