{"id":3443,"date":"2021-11-18T15:53:00","date_gmt":"2021-11-18T14:53:00","guid":{"rendered":"https:\/\/antcube.shop\/produkt\/mens-heavyweight-tee\/"},"modified":"2024-12-12T12:27:24","modified_gmt":"2024-12-12T11:27:24","slug":"manner-schwergewichtstee","status":"publish","type":"product","link":"https:\/\/antcube.shop\/de\/produkt\/manner-schwergewichtstee\/","title":{"rendered":"T-Shirt aus hochwertiger Baumwolle f\u00fcr M\u00e4nner"},"content":{"rendered":"<p>Das 100% T-Shirt f\u00fcr M\u00e4nner aus Baumwolle verhilft dir zu einem strukturierten Look. Es sitzt gut, beh\u00e4lt scharfe Linien an den R\u00e4ndern bei und passt perfekt zu mehrschichtigen Streetwear-Outfits.<br \/>\n- 100% Baumwolle<br \/>\n- 90% Baumwolle, 10% Polyester<br \/>\n- Stoffgewicht: 5,0-5,3 oz\/yd\u00b2 (170-180 g\/m\u00b2)<br \/>\n- Open-End-Garn<br \/>\n- Schlauchf\u00f6rmiges Gewebe<br \/>\n- Nacken und Schultern abgeklebt<br \/>\n- Doppelnaht an \u00c4rmeln und Saum<br \/>\n- Rohlinge aus Honduras, Nicaragua, Haiti, der Dominikanischen Republik, Bangladesch und Mexiko<\/p>\n<p>&nbsp;<\/p>\n<p>Die Lieferung und Produktion der Produkte in der Kategorie Merchandise wird von unserem Partner PRINTFUL durchgef\u00fchrt. Mit der Bestellung eines dieser Produkte akzeptieren Sie die Allgemeinen Gesch\u00e4ftsbedingungen, Datenschutzbestimmungen und R\u00fcckgabebedingungen von PRINTFUL.<\/p>\n<p><a href=\"https:\/\/www.printful.com\/policies\/terms-of-service\">Die Allgemeinen Gesch\u00e4ftsbedingungen von PRINTFUL finden Sie hier.<\/a><\/p>\n<p><a href=\"https:\/\/www.printful.com\/policies\/returns\">Hier finden Sie die R\u00fcckgabebedingungen von PRINTFUL.<\/a><\/p>\n<p><a href=\"https:\/\/www.printful.com\/policies\/privacy\">Hier finden Sie die Datenschutzbestimmungen von PRINTFUL.<\/a><\/p>","protected":false},"excerpt":{"rendered":"<p>Das 100% T-Shirt f\u00fcr M\u00e4nner aus Baumwolle verhilft dir zu einem strukturierten Look. Es sitzt gut, beh\u00e4lt scharfe Linien an den R\u00e4ndern bei und passt perfekt zu mehrlagigen Streetwear-Outfits. - 100%-Baumwolle - 90%-Baumwolle, 10%-Polyester - Stoffgewicht: 5,0-5,3 oz\/yd\u00b2 (170-180 g\/m\u00b2) - Open-End-Garn - Schlauchware - verschwei\u00dfter Hals und [...]","protected":false},"featured_media":3451,"comment_status":"open","ping_status":"closed","template":"","meta":{"_acf_changed":false,"content-type":"","_monsterinsights_skip_tracking":false,"_monsterinsights_sitenote_active":false,"_monsterinsights_sitenote_note":"","_monsterinsights_sitenote_category":0},"product_brand":[],"product_cat":[245],"product_tag":[],"class_list":{"0":"post-3443","1":"product","2":"type-product","3":"status-publish","4":"has-post-thumbnail","6":"product_cat-merchandise","8":"first","9":"instock","10":"taxable","11":"shipping-taxable","12":"purchasable","13":"product-type-variable"},"acf":[],"aioseo_notices":[],"jetpack_sharing_enabled":true,"_links":{"self":[{"href":"https:\/\/antcube.shop\/de\/wp-json\/wp\/v2\/product\/3443","targetHints":{"allow":["GET"]}}],"collection":[{"href":"https:\/\/antcube.shop\/de\/wp-json\/wp\/v2\/product"}],"about":[{"href":"https:\/\/antcube.shop\/de\/wp-json\/wp\/v2\/types\/product"}],"replies":[{"embeddable":true,"href":"https:\/\/antcube.shop\/de\/wp-json\/wp\/v2\/comments?post=3443"}],"wp:featuredmedia":[{"embeddable":true,"href":"https:\/\/antcube.shop\/de\/wp-json\/wp\/v2\/media\/3451"}],"wp:attachment":[{"href":"https:\/\/antcube.shop\/de\/wp-json\/wp\/v2\/media?parent=3443"}],"wp:term":[{"taxonomy":"product_brand","embeddable":true,"href":"https:\/\/antcube.shop\/de\/wp-json\/wp\/v2\/product_brand?post=3443"},{"taxonomy":"product_cat","embeddable":true,"href":"https:\/\/antcube.shop\/de\/wp-json\/wp\/v2\/product_cat?post=3443"},{"taxonomy":"product_tag","embeddable":true,"href":"https:\/\/antcube.shop\/de\/wp-json\/wp\/v2\/product_tag?post=3443"}],"curies":[{"name":"wp","href":"https:\/\/api.w.org\/{rel}","templated":true}]}}