{"id":3174,"date":"2021-11-08T12:21:44","date_gmt":"2021-11-08T11:21:44","guid":{"rendered":"https:\/\/antcube.shop\/produkt\/ytongnest-40x20-mit-arena\/"},"modified":"2026-04-07T13:50:18","modified_gmt":"2026-04-07T11:50:18","slug":"ytongnest-40x20-mit-arena","status":"publish","type":"product","link":"https:\/\/antcube.shop\/de\/produkt\/ytongnest-40x20-mit-arena\/","title":{"rendered":"Ytongnest - 40\u00d720 mit Arena"},"content":{"rendered":"<p><strong>Material:<\/strong> Porenbeton, Glas, Kunststoff PMMA und PVC<\/p>\n<p><strong>Verbindung:<\/strong> 1x 14mm \u00d6ffnung; 1x 27mm \u00d6ffnung<\/p>\n<p><strong>Inhalt:<\/strong><br \/>\n1x Porenbetonblock 40x20x5 cm mit 20mm tiefen Kammern.<br \/>\n1x Glasplatte 40\u00d720 cm mit einer \u00d6ffnung von 50 mm und eine Arena 20\u00d720 cm<br \/>\n1x Ameisenarena-Rahmen 20\u00d720<br \/>\n1x Ameisenarena-Abdeckung 20\u00d720<br \/>\n1x 50mm Ring mit 27mm \u00d6ffnung<br \/>\n1x Formicarium-Stopfen 13mm<br \/>\n2x Formicarium-Stopfen 27mm<br \/>\n2x Formicarium-Stopfen 50mm<\/p>\n<p><strong>Beschreibung:<\/strong><br \/>\nYtong ist ein Markenname, das Material selbst wird Porenbeton genannt.<br \/>\nAufgrund der Wasserspeichereigenschaft ist das Material gut f\u00fcr die Ameisenhaltung geeignet. Es kann verwendet werden, um eine gro\u00dfe Anzahl von w\u00fchlenden Arten zu halten, sowohl aus trockenen als auch aus feuchten Lebensr\u00e4umen. Je nach Ameisenart ist es empfehlenswert, den Boden der Kammern mit Substrat zu bedecken. Einige Arten f\u00fchlen sich auf diese Weise wohler, und zum Beispiel brauchen Ponerinae-Ameisenarten Erde, damit sich ihre Larven richtig verpuppen k\u00f6nnen. Da dieses Nest bereits eine Arena enth\u00e4lt, kann es als komplettes Formicarium verwendet werden.<\/p>\n<p><strong>Tipp:<\/strong><br \/>\nUm zu verhindern, dass Wasser nach dem Befeuchten der Nestfl\u00e4che aus dem Ytong ausl\u00e4uft und sich auf der Oberfl\u00e4che der darunter liegenden M\u00f6bel sammelt oder das raue Material die Oberfl\u00e4chen zerkratzt, empfehlen wir, zu unseren Ytong-Nestern eine unserer passenden Glaswannen zu bestellen. Diese sind wasserdicht und sch\u00fctzen so die darunter liegenden Fl\u00e4chen effektiv vor Wasser- und Kratzsch\u00e4den.<\/p>\n<p><strong>Verwendung:<\/strong><br \/>\nF\u00fcr Ameisenarten der Gr\u00f6\u00dfe <b>M<\/b> <b>&#8211;\u00a0<\/b><b>L<\/b>.<br \/>\nPorenbeton ist ein sehr spr\u00f6des und zerbrechliches Material. Daher ist es aufgrund des Herstellungsprozesses unm\u00f6glich zu verhindern, dass Ecken und Kanten leichte Br\u00fcche und Unebenheiten aufweisen. Aus diesem Grund sind Ytong-Nester nicht f\u00fcr sehr kleine Ameisenarten der Gr\u00f6\u00dfe <b>S<\/b>da diese Arten hier leicht ausbrechen k\u00f6nnen.<\/p>","protected":false},"excerpt":{"rendered":"<p>Anschluss: 1x14mm 1x27mm<br \/>\nGr\u00f6\u00dfe: <strong><span style=\"color: #339966;\">M<\/span><\/strong><strong> &#8211; <span style=\"color: #0000ff;\">L<\/span><\/strong><\/p>","protected":false},"featured_media":3011,"comment_status":"open","ping_status":"closed","template":"","meta":{"_acf_changed":false,"content-type":"","_monsterinsights_skip_tracking":false,"_monsterinsights_sitenote_active":false,"_monsterinsights_sitenote_note":"","_monsterinsights_sitenote_category":0},"product_brand":[],"product_cat":[85,86],"product_tag":[],"class_list":{"0":"post-3174","1":"product","2":"type-product","3":"status-publish","4":"has-post-thumbnail","6":"product_cat-ant-arenas","7":"product_cat-formicariums","9":"first","10":"instock","11":"taxable","12":"shipping-taxable","13":"purchasable","14":"product-type-simple"},"acf":[],"aioseo_notices":[],"jetpack_sharing_enabled":true,"_links":{"self":[{"href":"https:\/\/antcube.shop\/de\/wp-json\/wp\/v2\/product\/3174","targetHints":{"allow":["GET"]}}],"collection":[{"href":"https:\/\/antcube.shop\/de\/wp-json\/wp\/v2\/product"}],"about":[{"href":"https:\/\/antcube.shop\/de\/wp-json\/wp\/v2\/types\/product"}],"replies":[{"embeddable":true,"href":"https:\/\/antcube.shop\/de\/wp-json\/wp\/v2\/comments?post=3174"}],"wp:featuredmedia":[{"embeddable":true,"href":"https:\/\/antcube.shop\/de\/wp-json\/wp\/v2\/media\/3011"}],"wp:attachment":[{"href":"https:\/\/antcube.shop\/de\/wp-json\/wp\/v2\/media?parent=3174"}],"wp:term":[{"taxonomy":"product_brand","embeddable":true,"href":"https:\/\/antcube.shop\/de\/wp-json\/wp\/v2\/product_brand?post=3174"},{"taxonomy":"product_cat","embeddable":true,"href":"https:\/\/antcube.shop\/de\/wp-json\/wp\/v2\/product_cat?post=3174"},{"taxonomy":"product_tag","embeddable":true,"href":"https:\/\/antcube.shop\/de\/wp-json\/wp\/v2\/product_tag?post=3174"}],"curies":[{"name":"wp","href":"https:\/\/api.w.org\/{rel}","templated":true}]}}