{"id":3169,"date":"2021-11-08T10:47:59","date_gmt":"2021-11-08T09:47:59","guid":{"rendered":"https:\/\/antcube.shop\/produkt\/fuhrungsleisten-l-20-2-st\/"},"modified":"2026-04-13T10:48:59","modified_gmt":"2026-04-13T08:48:59","slug":"fahrleisten-l-20-2-st","status":"publish","type":"product","link":"https:\/\/antcube.shop\/de\/produkt\/fahrleisten-l-20-2-st\/","title":{"rendered":"F\u00fchrungsschienen L 20 - 2 St\u00fcck."},"content":{"rendered":"<p><strong>Abmessungen:<\/strong> 4x20x160mm<\/p>\n<p><strong>Inhalt:<\/strong> 2x F\u00fchrungsschiene<\/p>\n<p><strong>Material:<\/strong> PMMA<\/p>\n<p><strong>Farbe:<\/strong> klar, transparent<\/p>\n<p><strong>Beschreibung:<\/strong> Die F\u00fchrungsschienen erm\u00f6glichen das exakte Einsetzen von Nesteins\u00e4tzen\/Nestplatten in die Kombi-Arenen oder Wandfarmen mit der Nestbreite L oder 20mm.<\/p>","protected":false},"excerpt":{"rendered":"<p>F\u00fcr Kork- und Gipsnester, wenn sie in einem ANTCUBE combi platziert werden<\/p>","protected":false},"featured_media":2994,"comment_status":"open","ping_status":"closed","template":"","meta":{"_acf_changed":false,"content-type":"","_monsterinsights_skip_tracking":false,"_monsterinsights_sitenote_active":false,"_monsterinsights_sitenote_note":"","_monsterinsights_sitenote_category":0},"product_brand":[],"product_cat":[119,239],"product_tag":[],"class_list":{"0":"post-3169","1":"product","2":"type-product","3":"status-publish","4":"has-post-thumbnail","6":"product_cat-formicarium-components","7":"product_cat-useful-additions","9":"first","10":"instock","11":"taxable","12":"shipping-taxable","13":"purchasable","14":"product-type-simple"},"acf":[],"aioseo_notices":[],"jetpack_sharing_enabled":true,"_links":{"self":[{"href":"https:\/\/antcube.shop\/de\/wp-json\/wp\/v2\/product\/3169","targetHints":{"allow":["GET"]}}],"collection":[{"href":"https:\/\/antcube.shop\/de\/wp-json\/wp\/v2\/product"}],"about":[{"href":"https:\/\/antcube.shop\/de\/wp-json\/wp\/v2\/types\/product"}],"replies":[{"embeddable":true,"href":"https:\/\/antcube.shop\/de\/wp-json\/wp\/v2\/comments?post=3169"}],"wp:featuredmedia":[{"embeddable":true,"href":"https:\/\/antcube.shop\/de\/wp-json\/wp\/v2\/media\/2994"}],"wp:attachment":[{"href":"https:\/\/antcube.shop\/de\/wp-json\/wp\/v2\/media?parent=3169"}],"wp:term":[{"taxonomy":"product_brand","embeddable":true,"href":"https:\/\/antcube.shop\/de\/wp-json\/wp\/v2\/product_brand?post=3169"},{"taxonomy":"product_cat","embeddable":true,"href":"https:\/\/antcube.shop\/de\/wp-json\/wp\/v2\/product_cat?post=3169"},{"taxonomy":"product_tag","embeddable":true,"href":"https:\/\/antcube.shop\/de\/wp-json\/wp\/v2\/product_tag?post=3169"}],"curies":[{"name":"wp","href":"https:\/\/api.w.org\/{rel}","templated":true}]}}