{"id":3167,"date":"2021-11-08T10:47:42","date_gmt":"2021-11-08T09:47:42","guid":{"rendered":"https:\/\/antcube.shop\/produkt\/glaswanne-40x20\/"},"modified":"2026-04-01T09:55:46","modified_gmt":"2026-04-01T07:55:46","slug":"glaswanne-40x20","status":"publish","type":"product","link":"https:\/\/antcube.shop\/de\/produkt\/glaswanne-40x20\/","title":{"rendered":"Glaswanne 40\u00d720"},"content":{"rendered":"<p><strong>Abmessungen:<\/strong> 42 x 22 x 2 cm<br \/>\n<strong>Innere Abmessungen:<\/strong> 41 x 21 x 1,6 cm<\/p>\n<p><strong>Inhalt:<\/strong><br \/>\n1x Wanne 42x22x2 cm aus 4mm Floatglas.<\/p>\n<p><strong>Beschreibung:<\/strong><br \/>\nDie Glaswanne hat keine L\u00f6cher, ist wasserdicht verklebt und kann daher auch mit Wasser gef\u00fcllt werden. Sie wurde f\u00fcr unsere Ytong-Nester f\u00fcr Ameisen entworfen. Diese k\u00f6nnen leicht bew\u00e4ssert und bewegt werden, ohne dass Wasser auf die darunter liegende Oberfl\u00e4che (Tisch, Schrank, etc.) gelangt oder der raue Ytong die darunter liegende Oberfl\u00e4che zerkratzt. Optional k\u00f6nnen verschiedene Nester als Insel in der Mitte platziert werden.<\/p>\n<p>&nbsp;<\/p>","protected":false},"excerpt":{"rendered":"<p>Glaswanne f\u00fcr unser Ytong-Nest mit Arena 40\u00d720<\/p>","protected":false},"featured_media":3007,"comment_status":"open","ping_status":"closed","template":"","meta":{"_acf_changed":false,"content-type":"","_monsterinsights_skip_tracking":false,"_monsterinsights_sitenote_active":false,"_monsterinsights_sitenote_note":"","_monsterinsights_sitenote_category":0},"product_brand":[],"product_cat":[119,239],"product_tag":[],"class_list":{"0":"post-3167","1":"product","2":"type-product","3":"status-publish","4":"has-post-thumbnail","6":"product_cat-formicarium-components","7":"product_cat-useful-additions","9":"first","10":"instock","11":"taxable","12":"shipping-taxable","13":"purchasable","14":"product-type-simple"},"acf":[],"aioseo_notices":[],"jetpack_sharing_enabled":true,"_links":{"self":[{"href":"https:\/\/antcube.shop\/de\/wp-json\/wp\/v2\/product\/3167","targetHints":{"allow":["GET"]}}],"collection":[{"href":"https:\/\/antcube.shop\/de\/wp-json\/wp\/v2\/product"}],"about":[{"href":"https:\/\/antcube.shop\/de\/wp-json\/wp\/v2\/types\/product"}],"replies":[{"embeddable":true,"href":"https:\/\/antcube.shop\/de\/wp-json\/wp\/v2\/comments?post=3167"}],"wp:featuredmedia":[{"embeddable":true,"href":"https:\/\/antcube.shop\/de\/wp-json\/wp\/v2\/media\/3007"}],"wp:attachment":[{"href":"https:\/\/antcube.shop\/de\/wp-json\/wp\/v2\/media?parent=3167"}],"wp:term":[{"taxonomy":"product_brand","embeddable":true,"href":"https:\/\/antcube.shop\/de\/wp-json\/wp\/v2\/product_brand?post=3167"},{"taxonomy":"product_cat","embeddable":true,"href":"https:\/\/antcube.shop\/de\/wp-json\/wp\/v2\/product_cat?post=3167"},{"taxonomy":"product_tag","embeddable":true,"href":"https:\/\/antcube.shop\/de\/wp-json\/wp\/v2\/product_tag?post=3167"}],"curies":[{"name":"wp","href":"https:\/\/api.w.org\/{rel}","templated":true}]}}