{"id":3162,"date":"2021-11-08T10:46:52","date_gmt":"2021-11-08T09:46:52","guid":{"rendered":"https:\/\/antcube.shop\/produkt\/antcube-eck-plattform-8x8-magnet\/"},"modified":"2026-04-20T16:40:41","modified_gmt":"2026-04-20T14:40:41","slug":"antcube-eck-plattform-8x8-magnet-2","status":"publish","type":"product","link":"https:\/\/antcube.shop\/de\/produkt\/antcube-eck-plattform-8x8-magnet-2\/","title":{"rendered":"ANTCUBE Eckplattform 8\u00d78 - magnetisch"},"content":{"rendered":"<p><strong>Abmessungen:<\/strong> 80 x 80 x 22 mm<\/p>\n<p><strong>Material:<\/strong> Acrylglas<\/p>\n<p><strong>Farbe:<\/strong> transparent<\/p>\n<p><strong>Inhalt:<\/strong> 1 Stk. (3 Teile)<\/p>\n<p><strong>Beschreibung:<\/strong><br \/>\nDie ANTCUBE Eckplattform 8\u00d78 - magnetisch kann mit Hilfe der Magnete in jedem Formicarium befestigt werden. Es eignet sich besonders in unseren h\u00f6heren ANTCUBE Formicarien, um Futterautomaten, Schalen oder Tr\u00e4nken darauf zu platzieren.<br \/>\nDas ANTCUBE Eckpodest 8\u00d78 - Magnetic kann von au\u00dfen mit den Magneten auf die gew\u00fcnschte H\u00f6he oder Tiefe gebracht werden.<\/p>\n<p><strong>Hinweis:<\/strong><br \/>\nAufgrund des Herstellungsprozesses kann es zu leichten bis mittleren Rissen an den Magnetteilen kommen.<\/p>\n<p>&nbsp;<\/p>","protected":false},"excerpt":{"rendered":"<p>Abmessungen: 80 x 80 x 22 mm Material: Acrylglas Farbe: transparent Inhalt: 1 Stk. (3 Teile) Beschreibung: Das ANTCUBE Eckpodest 8x8 - magnetisch kann mit Hilfe der Magnete in jedem Formicarium befestigt werden. Es eignet sich besonders in unseren h\u00f6heren ANTCUBE Formicarien, um Futterautomaten, Schalen oder Tr\u00e4nken darauf zu platzieren. Die","protected":false},"featured_media":3140,"comment_status":"open","ping_status":"closed","template":"","meta":{"_acf_changed":false,"content-type":"","_monsterinsights_skip_tracking":false,"_monsterinsights_sitenote_active":false,"_monsterinsights_sitenote_note":"","_monsterinsights_sitenote_category":0},"product_brand":[],"product_cat":[119,239],"product_tag":[],"class_list":{"0":"post-3162","1":"product","2":"type-product","3":"status-publish","4":"has-post-thumbnail","6":"product_cat-formicarium-components","7":"product_cat-useful-additions","9":"first","10":"instock","11":"taxable","12":"shipping-taxable","13":"purchasable","14":"product-type-simple"},"acf":[],"aioseo_notices":[],"jetpack_sharing_enabled":true,"_links":{"self":[{"href":"https:\/\/antcube.shop\/de\/wp-json\/wp\/v2\/product\/3162","targetHints":{"allow":["GET"]}}],"collection":[{"href":"https:\/\/antcube.shop\/de\/wp-json\/wp\/v2\/product"}],"about":[{"href":"https:\/\/antcube.shop\/de\/wp-json\/wp\/v2\/types\/product"}],"replies":[{"embeddable":true,"href":"https:\/\/antcube.shop\/de\/wp-json\/wp\/v2\/comments?post=3162"}],"wp:featuredmedia":[{"embeddable":true,"href":"https:\/\/antcube.shop\/de\/wp-json\/wp\/v2\/media\/3140"}],"wp:attachment":[{"href":"https:\/\/antcube.shop\/de\/wp-json\/wp\/v2\/media?parent=3162"}],"wp:term":[{"taxonomy":"product_brand","embeddable":true,"href":"https:\/\/antcube.shop\/de\/wp-json\/wp\/v2\/product_brand?post=3162"},{"taxonomy":"product_cat","embeddable":true,"href":"https:\/\/antcube.shop\/de\/wp-json\/wp\/v2\/product_cat?post=3162"},{"taxonomy":"product_tag","embeddable":true,"href":"https:\/\/antcube.shop\/de\/wp-json\/wp\/v2\/product_tag?post=3162"}],"curies":[{"name":"wp","href":"https:\/\/api.w.org\/{rel}","templated":true}]}}