{"id":3161,"date":"2021-11-08T10:46:44","date_gmt":"2021-11-08T09:46:44","guid":{"rendered":"https:\/\/antcube.shop\/produkt\/malvenbluten-100g-getrocknet\/"},"modified":"2026-04-21T18:47:05","modified_gmt":"2026-04-21T16:47:05","slug":"malvenbluten-100g-getrocknet","status":"publish","type":"product","link":"https:\/\/antcube.shop\/de\/produkt\/malvenbluten-100g-getrocknet\/","title":{"rendered":"Malvenbl\u00fcten 100g - getrocknet"},"content":{"rendered":"<p><strong>Inhalt:<\/strong><br \/>\n100 g getrocknete Malvenbl\u00fcten<\/p>\n<p><strong>Beschreibung:<\/strong><br \/>\nMalvenbl\u00fcten als Brutst\u00e4tte f\u00fcr pilzbr\u00fctende Ameisenarten. Es handelt sich um ein reines Naturprodukt.<\/p>\n<p><strong>Verwendung:<\/strong><br \/>\nMalvenbl\u00fcten = f\u00fcr pilzbr\u00fctende Ameisenarten.<br \/>\nDie trockenen Bl\u00fcten dienen nur als N\u00e4hrboden f\u00fcr den Pilz der Blattschneiderameisen (es empfiehlt sich, gleichzeitig frische Bl\u00e4tter als Feuchtigkeitsspender anzubieten).<br \/>\nLegen Sie die zu f\u00fctternden Blumen einfach in eine Trockenfutterkammer.<\/p>\n<p><strong>Lagerung:<\/strong><br \/>\nIn einer trockenen Umgebung<\/p>\n<p><strong>Enth\u00e4lt:<\/strong><br \/>\n100% getrocknete Malvenbl\u00fcten<\/p>","protected":false},"excerpt":{"rendered":"<p>Inhalt: 100g getrocknete Malvenbl\u00fcten Beschreibung: Malvenbl\u00fcten als Brutst\u00e4tte f\u00fcr pilzbr\u00fctende Ameisenarten. Es handelt sich um ein reines Naturprodukt. Verwendung: Malvenbl\u00fcten = f\u00fcr pilzbr\u00fctende Ameisenarten. Die getrockneten Bl\u00fcten dienen nur den pilzz\u00fcchtenden Ameisenarten als N\u00e4hrboden (die frischen Bl\u00e4tter werden gleichzeitig als Feuchtigkeitsspender angeboten [...]","protected":false},"featured_media":5483,"comment_status":"open","ping_status":"closed","template":"","meta":{"_acf_changed":false,"content-type":"","_monsterinsights_skip_tracking":false,"_monsterinsights_sitenote_active":false,"_monsterinsights_sitenote_note":"","_monsterinsights_sitenote_category":0},"product_brand":[],"product_cat":[115,116],"product_tag":[],"class_list":{"0":"post-3161","1":"product","2":"type-product","3":"status-publish","4":"has-post-thumbnail","6":"product_cat-food-and-feeding","7":"product_cat-food","9":"first","10":"instock","11":"taxable","12":"shipping-taxable","13":"purchasable","14":"product-type-simple"},"acf":[],"aioseo_notices":[],"jetpack_sharing_enabled":true,"_links":{"self":[{"href":"https:\/\/antcube.shop\/de\/wp-json\/wp\/v2\/product\/3161","targetHints":{"allow":["GET"]}}],"collection":[{"href":"https:\/\/antcube.shop\/de\/wp-json\/wp\/v2\/product"}],"about":[{"href":"https:\/\/antcube.shop\/de\/wp-json\/wp\/v2\/types\/product"}],"replies":[{"embeddable":true,"href":"https:\/\/antcube.shop\/de\/wp-json\/wp\/v2\/comments?post=3161"}],"wp:featuredmedia":[{"embeddable":true,"href":"https:\/\/antcube.shop\/de\/wp-json\/wp\/v2\/media\/5483"}],"wp:attachment":[{"href":"https:\/\/antcube.shop\/de\/wp-json\/wp\/v2\/media?parent=3161"}],"wp:term":[{"taxonomy":"product_brand","embeddable":true,"href":"https:\/\/antcube.shop\/de\/wp-json\/wp\/v2\/product_brand?post=3161"},{"taxonomy":"product_cat","embeddable":true,"href":"https:\/\/antcube.shop\/de\/wp-json\/wp\/v2\/product_cat?post=3161"},{"taxonomy":"product_tag","embeddable":true,"href":"https:\/\/antcube.shop\/de\/wp-json\/wp\/v2\/product_tag?post=3161"}],"curies":[{"name":"wp","href":"https:\/\/api.w.org\/{rel}","templated":true}]}}