{"id":3159,"date":"2021-11-08T10:46:28","date_gmt":"2021-11-08T09:46:28","guid":{"rendered":"https:\/\/antcube.shop\/produkt\/rosenblutenblatter-100g-getrocknet\/"},"modified":"2026-04-06T21:05:24","modified_gmt":"2026-04-06T19:05:24","slug":"rosenblutenblatter-100g-getrocknet","status":"publish","type":"product","link":"https:\/\/antcube.shop\/de\/produkt\/rosenblutenblatter-100g-getrocknet\/","title":{"rendered":"Rosenbl\u00fctenbl\u00e4tter 100g - getrocknet"},"content":{"rendered":"<p><strong>Inhalt:<\/strong><br \/>\n100 g getrocknete Rosenbl\u00fctenbl\u00e4tter<\/p>\n<p><strong>Beschreibung:<\/strong><br \/>\nRosenbl\u00fcten als Brutst\u00e4tte f\u00fcr pilzbr\u00fctende Ameisenarten. Es handelt sich um ein reines Naturprodukt.<\/p>\n<p><strong>Verwendung:<\/strong><br \/>\nRosenbl\u00fcten = f\u00fcr pilzz\u00fcchtende Ameisenarten.<br \/>\nDie trockenen Bl\u00fctenbl\u00e4tter dienen nur als N\u00e4hrboden f\u00fcr den Pilz der Blattschneiderameisen (es empfiehlt sich, gleichzeitig frische Bl\u00e4tter als Feuchtigkeitsspender anzubieten).<br \/>\nLegen Sie die zu f\u00fctternden Bl\u00fctenbl\u00e4tter einfach in eine Trockenfutterkammer.<\/p>\n<p><strong>Lagerung:<\/strong><br \/>\nIn einer trockenen Umgebung<\/p>\n<p><strong>Enth\u00e4lt:<\/strong><br \/>\n100% getrocknete Rosenbl\u00fctenbl\u00e4tter<\/p>","protected":false},"excerpt":{"rendered":"<p>Inhalt: 100g getrocknete Rosenbl\u00fctenbl\u00e4tter Beschreibung: Rosenbl\u00fctenbl\u00e4tter als Brutst\u00e4tte f\u00fcr pilzbr\u00fctende Ameisenarten. Es handelt sich um ein reines Naturprodukt. Verwendung: Rosenbl\u00fctenbl\u00e4tter = f\u00fcr pilzbr\u00fctende Ameisenarten. Die getrockneten Bl\u00fctenbl\u00e4tter dienen lediglich als N\u00e4hrboden f\u00fcr den Pilz der Blattschneiderameisen (das Anbieten von frischen Bl\u00e4ttern als [...]","protected":false},"featured_media":5485,"comment_status":"open","ping_status":"closed","template":"","meta":{"_acf_changed":false,"content-type":"","_monsterinsights_skip_tracking":false,"_monsterinsights_sitenote_active":false,"_monsterinsights_sitenote_note":"","_monsterinsights_sitenote_category":0},"product_brand":[],"product_cat":[115,116],"product_tag":[],"class_list":{"0":"post-3159","1":"product","2":"type-product","3":"status-publish","4":"has-post-thumbnail","6":"product_cat-food-and-feeding","7":"product_cat-food","9":"first","10":"instock","11":"taxable","12":"shipping-taxable","13":"purchasable","14":"product-type-simple"},"acf":[],"aioseo_notices":[],"jetpack_sharing_enabled":true,"_links":{"self":[{"href":"https:\/\/antcube.shop\/de\/wp-json\/wp\/v2\/product\/3159","targetHints":{"allow":["GET"]}}],"collection":[{"href":"https:\/\/antcube.shop\/de\/wp-json\/wp\/v2\/product"}],"about":[{"href":"https:\/\/antcube.shop\/de\/wp-json\/wp\/v2\/types\/product"}],"replies":[{"embeddable":true,"href":"https:\/\/antcube.shop\/de\/wp-json\/wp\/v2\/comments?post=3159"}],"wp:featuredmedia":[{"embeddable":true,"href":"https:\/\/antcube.shop\/de\/wp-json\/wp\/v2\/media\/5485"}],"wp:attachment":[{"href":"https:\/\/antcube.shop\/de\/wp-json\/wp\/v2\/media?parent=3159"}],"wp:term":[{"taxonomy":"product_brand","embeddable":true,"href":"https:\/\/antcube.shop\/de\/wp-json\/wp\/v2\/product_brand?post=3159"},{"taxonomy":"product_cat","embeddable":true,"href":"https:\/\/antcube.shop\/de\/wp-json\/wp\/v2\/product_cat?post=3159"},{"taxonomy":"product_tag","embeddable":true,"href":"https:\/\/antcube.shop\/de\/wp-json\/wp\/v2\/product_tag?post=3159"}],"curies":[{"name":"wp","href":"https:\/\/api.w.org\/{rel}","templated":true}]}}