{"id":3158,"date":"2021-11-08T10:46:20","date_gmt":"2021-11-08T09:46:20","guid":{"rendered":"https:\/\/antcube.shop\/produkt\/zuckerlosung-in-2ml-futterrohrchen-10-st\/"},"modified":"2026-04-21T18:47:05","modified_gmt":"2026-04-21T16:47:05","slug":"zuckerlos-in-2ml-futterrohrchen-10-st","status":"publish","type":"product","link":"https:\/\/antcube.shop\/de\/produkt\/zuckerlos-in-2ml-futterrohrchen-10-st\/","title":{"rendered":"Zuckerl\u00f6sung in einem 2-ml-Schlauch - 10 St\u00fcck."},"content":{"rendered":"<p><strong>Inhalt:<\/strong> 10x 2ml<\/p>\n<p><strong>Beschreibung:<\/strong> Die Zuckerl\u00f6sung ist ein Erg\u00e4nzungsfuttermittel zu anderen Futtermitteln.<\/p>\n<p><strong>Verwendung:<\/strong><br \/>\nZuckerl\u00f6sung = f\u00fcr zuckerfressende Ameisenarten.<br \/>\nEs handelt sich um ein Erg\u00e4nzungsfuttermittel (Einzelfuttermittel)<br \/>\nEs kann den Tieren im angelieferten Zustand angeboten werden. Es kann verwendet werden, bis der Zucker ausgetrocknet ist. Reinigen Sie den Futternapf\/die Tube vor der Wiederverwendung gr\u00fcndlich.<br \/>\nEine ge\u00f6ffnete Packung kann dicht verschlossen bis zum angegebenen Mindesthaltbarkeitsdatum verwendet werden.<\/p>\n<p><strong>Enth\u00e4lt:<\/strong><br \/>\nInvertzucker 55%<br \/>\nSaccharose 45%<\/p>\n<p><strong>Lagerung:<\/strong> Um die Qualit\u00e4t des Futters zu gew\u00e4hrleisten, sollte es an einem dunklen und trockenen Ort gelagert werden.<\/p>\n<p><strong>Hinweis:<\/strong><br \/>\nInformationen zur Verwendung der Futterr\u00f6hren finden Sie hier: Link<br \/>\nDie Zusammensetzung, die analytischen Bestandteile, das Mindesthaltbarkeitsdatum und die Chargennummer entnehmen Sie bitte der Packungsbeilage.<\/p>\n<p>Informations-Hotline +49 30 439703870<\/p>\n<p>Zust\u00e4ndige Veterin\u00e4r- und Lebensmittel\u00fcberwachungsbeh\u00f6rde:<br \/>\nVeterin\u00e4ramt Steglitz<br \/>\nK\u00f6nigin-Luise-Str. 92<br \/>\n14195 Berlin<\/p>","protected":false},"excerpt":{"rendered":"<p>Erg\u00e4nzende Lebensmittel<\/p>","protected":false},"featured_media":3147,"comment_status":"open","ping_status":"closed","template":"","meta":{"_acf_changed":false,"content-type":"","_monsterinsights_skip_tracking":false,"_monsterinsights_sitenote_active":false,"_monsterinsights_sitenote_note":"","_monsterinsights_sitenote_category":0},"product_brand":[],"product_cat":[115,116],"product_tag":[],"class_list":{"0":"post-3158","1":"product","2":"type-product","3":"status-publish","4":"has-post-thumbnail","6":"product_cat-food-and-feeding","7":"product_cat-food","9":"first","10":"instock","11":"taxable","12":"shipping-taxable","13":"purchasable","14":"product-type-simple"},"acf":[],"aioseo_notices":[],"jetpack_sharing_enabled":true,"_links":{"self":[{"href":"https:\/\/antcube.shop\/de\/wp-json\/wp\/v2\/product\/3158","targetHints":{"allow":["GET"]}}],"collection":[{"href":"https:\/\/antcube.shop\/de\/wp-json\/wp\/v2\/product"}],"about":[{"href":"https:\/\/antcube.shop\/de\/wp-json\/wp\/v2\/types\/product"}],"replies":[{"embeddable":true,"href":"https:\/\/antcube.shop\/de\/wp-json\/wp\/v2\/comments?post=3158"}],"wp:featuredmedia":[{"embeddable":true,"href":"https:\/\/antcube.shop\/de\/wp-json\/wp\/v2\/media\/3147"}],"wp:attachment":[{"href":"https:\/\/antcube.shop\/de\/wp-json\/wp\/v2\/media?parent=3158"}],"wp:term":[{"taxonomy":"product_brand","embeddable":true,"href":"https:\/\/antcube.shop\/de\/wp-json\/wp\/v2\/product_brand?post=3158"},{"taxonomy":"product_cat","embeddable":true,"href":"https:\/\/antcube.shop\/de\/wp-json\/wp\/v2\/product_cat?post=3158"},{"taxonomy":"product_tag","embeddable":true,"href":"https:\/\/antcube.shop\/de\/wp-json\/wp\/v2\/product_tag?post=3158"}],"curies":[{"name":"wp","href":"https:\/\/api.w.org\/{rel}","templated":true}]}}