{"id":3154,"date":"2021-11-08T10:45:55","date_gmt":"2021-11-08T09:45:55","guid":{"rendered":"https:\/\/antcube.shop\/produkt\/kornerfutter-major-in-2ml-futterrohrchen-10-st\/"},"modified":"2026-04-14T12:07:39","modified_gmt":"2026-04-14T10:07:39","slug":"kornerfutter-major-in-2ml-futterrohrchen-10-st","status":"publish","type":"product","link":"https:\/\/antcube.shop\/de\/produkt\/kornerfutter-major-in-2ml-futterrohrchen-10-st\/","title":{"rendered":"K\u00f6rnerfutter major in 2ml-Futterr\u00f6hrchen - 10 St\u00fcck."},"content":{"rendered":"<p><strong>Inhalt:<\/strong> 10x 2 ml<\/p>\n<p><strong>Beschreibung:<\/strong> Gr\u00f6\u00dfere K\u00f6rner\/Samen f\u00fcr gr\u00f6\u00dfere Kolonien k\u00f6rnersammelnder Ameisenarten wie der Gattung Messor, in denen sich bereits gro\u00dfe Arbeiterameisen befinden.<\/p>\n<p><strong>Anwendung:<\/strong> Die Futterr\u00f6hre kann als Ganzes in das Formicarium gelegt werden, alternativ k\u00f6nnen je nach Bedarf bzw. Gr\u00f6\u00dfe der Kolonie kleinere Mengen in eine Futterschale gegeben werden. K\u00f6rnerfutter wird vor allem von k\u00f6rnersammelnden Arten wie den Arten der Gattung Messor oder auch Pheidole angenommen.<\/p>\n<p><strong>Hinweis:<\/strong><br \/>\nInformationen \u00fcber den Einsatz von Ern\u00e4hrungssonden finden Sie hier: Link<br \/>\nErg\u00e4nzungsfuttermittel f\u00fcr k\u00f6rnerfressende Ameisen.<br \/>\nDie Zusammensetzung, die analytischen Bestandteile, das Mindesthaltbarkeitsdatum und die Chargennummer entnehmen Sie bitte der Packungsbeilage.<\/p>\n<p>Informations-Hotline +49 30 439703870<\/p>\n<p>Zust\u00e4ndige Veterin\u00e4r- und Lebensmittel\u00fcberwachungsbeh\u00f6rde:<br \/>\nVeterin\u00e4ramt Steglitz<br \/>\nK\u00f6nigin-Luise-Str. 92<br \/>\n14195 Berlin<\/p>","protected":false},"excerpt":{"rendered":"<p>Erg\u00e4nzende Lebensmittel<\/p>","protected":false},"featured_media":3151,"comment_status":"open","ping_status":"closed","template":"","meta":{"_acf_changed":false,"content-type":"","_monsterinsights_skip_tracking":false,"_monsterinsights_sitenote_active":false,"_monsterinsights_sitenote_note":"","_monsterinsights_sitenote_category":0},"product_brand":[],"product_cat":[115,116],"product_tag":[],"class_list":{"0":"post-3154","1":"product","2":"type-product","3":"status-publish","4":"has-post-thumbnail","6":"product_cat-food-and-feeding","7":"product_cat-food","9":"first","10":"instock","11":"taxable","12":"shipping-taxable","13":"purchasable","14":"product-type-simple"},"acf":[],"aioseo_notices":[],"jetpack_sharing_enabled":true,"_links":{"self":[{"href":"https:\/\/antcube.shop\/de\/wp-json\/wp\/v2\/product\/3154","targetHints":{"allow":["GET"]}}],"collection":[{"href":"https:\/\/antcube.shop\/de\/wp-json\/wp\/v2\/product"}],"about":[{"href":"https:\/\/antcube.shop\/de\/wp-json\/wp\/v2\/types\/product"}],"replies":[{"embeddable":true,"href":"https:\/\/antcube.shop\/de\/wp-json\/wp\/v2\/comments?post=3154"}],"wp:featuredmedia":[{"embeddable":true,"href":"https:\/\/antcube.shop\/de\/wp-json\/wp\/v2\/media\/3151"}],"wp:attachment":[{"href":"https:\/\/antcube.shop\/de\/wp-json\/wp\/v2\/media?parent=3154"}],"wp:term":[{"taxonomy":"product_brand","embeddable":true,"href":"https:\/\/antcube.shop\/de\/wp-json\/wp\/v2\/product_brand?post=3154"},{"taxonomy":"product_cat","embeddable":true,"href":"https:\/\/antcube.shop\/de\/wp-json\/wp\/v2\/product_cat?post=3154"},{"taxonomy":"product_tag","embeddable":true,"href":"https:\/\/antcube.shop\/de\/wp-json\/wp\/v2\/product_tag?post=3154"}],"curies":[{"name":"wp","href":"https:\/\/api.w.org\/{rel}","templated":true}]}}