{"id":3087,"date":"2021-10-21T13:24:43","date_gmt":"2021-10-21T11:24:43","guid":{"rendered":"https:\/\/antcube.shop\/produkt\/tranke-2ml-front-dosierbar\/"},"modified":"2026-04-21T09:56:26","modified_gmt":"2026-04-21T07:56:26","slug":"tranke-2ml-front-dosierbar","status":"publish","type":"product","link":"https:\/\/antcube.shop\/de\/produkt\/tranke-2ml-front-dosierbar\/","title":{"rendered":"Tr\u00e4nke 2ml - Front-Dosierung"},"content":{"rendered":"<p><strong>Abmessungen:<\/strong> 30x40x52 mm, 2 ml<\/p>\n<p><strong>Inhalt:<\/strong><br \/>\n1x Fu\u00df mit 1x 5mm \u00d6ffnung (0-1mm dosierbar).<br \/>\n1x Ameisenfutterr\u00f6hre<\/p>\n<p><strong>Material:<\/strong> PMMA, PS<\/p>\n<p><strong>Beschreibung:<\/strong> So k\u00f6nnen sich die Ameisen in einem Formicarium mit ausreichend Feuchtigkeit versorgen. Ideal auch f\u00fcr die Urlaubssaison. Die 2ml Ameisenfutterr\u00f6hrchen k\u00f6nnen nun in den Fu\u00df eingef\u00fchrt werden. Durch die Einstecktiefe kann die Futtermenge dosiert werden.<\/p>\n<p><strong>Farben:<\/strong> transparent<\/p>","protected":false},"excerpt":{"rendered":"<p>Abmessungen: 30x40x52 mm, 2 ml<\/p>","protected":false},"featured_media":3136,"comment_status":"open","ping_status":"closed","template":"","meta":{"_acf_changed":false,"content-type":"","_monsterinsights_skip_tracking":false,"_monsterinsights_sitenote_active":false,"_monsterinsights_sitenote_note":"","_monsterinsights_sitenote_category":0},"product_brand":[],"product_cat":[115,117],"product_tag":[],"class_list":{"0":"post-3087","1":"product","2":"type-product","3":"status-publish","4":"has-post-thumbnail","6":"product_cat-food-and-feeding","7":"product_cat-drinkers-for-ants","9":"first","10":"instock","11":"taxable","12":"shipping-taxable","13":"purchasable","14":"product-type-simple"},"acf":[],"aioseo_notices":[],"jetpack_sharing_enabled":true,"_links":{"self":[{"href":"https:\/\/antcube.shop\/de\/wp-json\/wp\/v2\/product\/3087","targetHints":{"allow":["GET"]}}],"collection":[{"href":"https:\/\/antcube.shop\/de\/wp-json\/wp\/v2\/product"}],"about":[{"href":"https:\/\/antcube.shop\/de\/wp-json\/wp\/v2\/types\/product"}],"replies":[{"embeddable":true,"href":"https:\/\/antcube.shop\/de\/wp-json\/wp\/v2\/comments?post=3087"}],"wp:featuredmedia":[{"embeddable":true,"href":"https:\/\/antcube.shop\/de\/wp-json\/wp\/v2\/media\/3136"}],"wp:attachment":[{"href":"https:\/\/antcube.shop\/de\/wp-json\/wp\/v2\/media?parent=3087"}],"wp:term":[{"taxonomy":"product_brand","embeddable":true,"href":"https:\/\/antcube.shop\/de\/wp-json\/wp\/v2\/product_brand?post=3087"},{"taxonomy":"product_cat","embeddable":true,"href":"https:\/\/antcube.shop\/de\/wp-json\/wp\/v2\/product_cat?post=3087"},{"taxonomy":"product_tag","embeddable":true,"href":"https:\/\/antcube.shop\/de\/wp-json\/wp\/v2\/product_tag?post=3087"}],"curies":[{"name":"wp","href":"https:\/\/api.w.org\/{rel}","templated":true}]}}