{"id":2869,"date":"2021-10-13T18:46:31","date_gmt":"2021-10-13T16:46:31","guid":{"rendered":"https:\/\/antcube.shop\/produkt\/antcube-gipsnest-20x20-liegend\/"},"modified":"2026-04-14T09:34:55","modified_gmt":"2026-04-14T07:34:55","slug":"antcube-gipsnest-20x20-liegend","status":"publish","type":"product","link":"https:\/\/antcube.shop\/de\/produkt\/antcube-gipsnest-20x20-liegend\/","title":{"rendered":"ANTCUBE - Gipsnest 20\u00d720 - liegend"},"content":{"rendered":"<p><strong>Abmessungen:<\/strong><br \/>\n<strong>Gipsnest: <\/strong>190 x 190 x 20 mm<br \/>\n<strong>Glasabdeckung:<\/strong> 179 x 179 x 4 mm<\/p>\n<p><strong>Material:<\/strong> Gips<\/p>\n<p><strong>Inhalt:<\/strong><br \/>\n1x Gipsnest 20\u00d720 mit zwei Anschlussdosen M 10\/08<br \/>\n1x Glasabdeckung mit 50mm Loch<br \/>\n1x Acryl - Ring 50mm f\u00fcr 27mm Loch<br \/>\n1x Formicarium Unterlage 20\u00d720<br \/>\n2x Gitterkappe - 10mm - Edelstahl<br \/>\n1x Gittereinsatz - 27mm - rostfreier Stahl<\/p>\n<p><strong>Beschreibung:<\/strong> Unser Gipsnest mit vorgefertigten G\u00e4ngen und Kammern ist f\u00fcr viele Ameisenarten geeignet, insbesondere f\u00fcr Arten, die ihre Nester in sehr sandigen oder steinigen B\u00f6den bauen. Es hat zwei Anschlussstutzen als Nestzugang. Gips hat die Eigenschaft, Wasser zu absorbieren, so dass eine gewisse Menge an Feuchtigkeit gespeichert wird. Trotzdem sollte das Gipsnest nicht dauerhaft feucht gehalten werden, da es sonst zu Schimmel (durch Nahrungsreste oder Kot der Ameisen) kommen kann. Daher sollten hier nach M\u00f6glichkeit Arten aus eher trockenen Regionen gehalten werden. Das w\u00e4ren zum Beispiel Arten aus Mittelmeer- oder W\u00fcstenregionen.<\/p>\n<p><strong>Anmerkung:<\/strong> Aufgrund der Konstruktion sind sie f\u00fcr sehr kleine Arten (z.B.: Pheidole-Arten, Temnothorax-Arten) nicht geeignet, es k\u00f6nnen L\u00fccken von 0,3 - 0,5 mm entstehen.<\/p>\n<p>Hinweis zu den Anschlussbuchsen<br \/>\nWenn Sie Schl\u00e4uche anbringen oder abnehmen, beachten Sie bitte die folgenden Hinweise:<br \/>\nWenn sich der Schlauch nur sehr schwer auf die Anschlussbuchse aufstecken l\u00e4sst, sollte die Buchse leicht mit einem Tropfen unseres Ausbruchsicherungs\u00f6ls oder -pulvers eingerieben werden. Der Schlauch sollte dann durch Dreh- oder Schraubbewegungen auf die Buchse geschoben werden, ohne die Buchse durch Auf- und Abbewegungen zu belasten. Das gleiche gilt f\u00fcr das Abziehen der Schl\u00e4uche von der Anschlussbuchse. Bitte nicht einfach abziehen!<\/p>\n<p>&nbsp;<\/p>\n<p>&nbsp;<\/p>","protected":false},"excerpt":{"rendered":"<p>Abmessungen: Gipsnest: 190 x 190 x 20mm Glasabdeckung: 179 x 179 x 4 mm Material: Gips Inhalt: 1x Gipsnest 20\u00d720 mit zwei Anschlussdosen M 10\/08 1x Glasabdeckung mit 50mm Loch 1x Acryl - Ring 50mm f\u00fcr 27mm Loch 1x Formicarium Sockel 20\u00d720 2x Gitterkappe - 10mm - Edelstahl 1x [...]","protected":false},"featured_media":3194,"comment_status":"open","ping_status":"closed","template":"","meta":{"_acf_changed":false,"content-type":"","_monsterinsights_skip_tracking":false,"_monsterinsights_sitenote_active":false,"_monsterinsights_sitenote_note":"","_monsterinsights_sitenote_category":0},"product_brand":[],"product_cat":[80,86],"product_tag":[],"class_list":{"0":"post-2869","1":"product","2":"type-product","3":"status-publish","4":"has-post-thumbnail","6":"product_cat-antfarms","7":"product_cat-formicariums","9":"first","10":"instock","11":"taxable","12":"shipping-taxable","13":"purchasable","14":"product-type-simple"},"acf":[],"aioseo_notices":[],"jetpack_sharing_enabled":true,"_links":{"self":[{"href":"https:\/\/antcube.shop\/de\/wp-json\/wp\/v2\/product\/2869","targetHints":{"allow":["GET"]}}],"collection":[{"href":"https:\/\/antcube.shop\/de\/wp-json\/wp\/v2\/product"}],"about":[{"href":"https:\/\/antcube.shop\/de\/wp-json\/wp\/v2\/types\/product"}],"replies":[{"embeddable":true,"href":"https:\/\/antcube.shop\/de\/wp-json\/wp\/v2\/comments?post=2869"}],"wp:featuredmedia":[{"embeddable":true,"href":"https:\/\/antcube.shop\/de\/wp-json\/wp\/v2\/media\/3194"}],"wp:attachment":[{"href":"https:\/\/antcube.shop\/de\/wp-json\/wp\/v2\/media?parent=2869"}],"wp:term":[{"taxonomy":"product_brand","embeddable":true,"href":"https:\/\/antcube.shop\/de\/wp-json\/wp\/v2\/product_brand?post=2869"},{"taxonomy":"product_cat","embeddable":true,"href":"https:\/\/antcube.shop\/de\/wp-json\/wp\/v2\/product_cat?post=2869"},{"taxonomy":"product_tag","embeddable":true,"href":"https:\/\/antcube.shop\/de\/wp-json\/wp\/v2\/product_tag?post=2869"}],"curies":[{"name":"wp","href":"https:\/\/api.w.org\/{rel}","templated":true}]}}