{"id":2868,"date":"2021-10-13T18:43:30","date_gmt":"2021-10-13T16:43:30","guid":{"rendered":"https:\/\/antcube.shop\/produkt\/antcube-gipsnest-20x20-stehend\/"},"modified":"2026-04-05T22:20:14","modified_gmt":"2026-04-05T20:20:14","slug":"antcube-gipsnest-20x20-stehend","status":"publish","type":"product","link":"https:\/\/antcube.shop\/de\/produkt\/antcube-gipsnest-20x20-stehend\/","title":{"rendered":"ANTCUBE - Gipsnest 20\u00d720 - stehend"},"content":{"rendered":"<p><strong>Abmessungen:<\/strong> 182 x 159 x 19,5 mm<\/p>\n<p><strong>Material:<\/strong> Gips\/ Gips<\/p>\n<p>Passt nur in unsere Ameisenfarmen Gr\u00f6\u00dfe <strong>L<\/strong><\/p>\n<p><strong>Beschreibung:<\/strong> Unser Gipsnest mit vorgefertigten G\u00e4ngen und Kammern ist f\u00fcr viele Ameisenarten geeignet, insbesondere f\u00fcr Arten, die ihre Nester in sehr sandigen oder steinigen B\u00f6den bauen. Es hat ein Loch f\u00fcr den Zugang zum Nest. Gips hat die Eigenschaft, Wasser zu absorbieren, so dass eine gewisse Menge an Feuchtigkeit gespeichert wird. Trotzdem sollte das Gipsnest nicht dauerhaft feucht verwendet werden, da es sonst zu Schimmel (durch Nahrungsreste oder Kot der Ameisen) kommen kann. Daher sollten hier nach M\u00f6glichkeit Arten aus eher trockenen Regionen gehalten werden. Das w\u00e4ren zum Beispiel Arten aus Mittelmeer- oder W\u00fcstenregionen.<\/p>\n<p>&nbsp;<\/p>","protected":false},"excerpt":{"rendered":"<p>Passt nur in unsere Ameisenfarmen Gr\u00f6\u00dfe <strong>L<\/strong><\/p>","protected":false},"featured_media":351,"comment_status":"open","ping_status":"closed","template":"","meta":{"_acf_changed":false,"content-type":"","_monsterinsights_skip_tracking":false,"_monsterinsights_sitenote_active":false,"_monsterinsights_sitenote_note":"","_monsterinsights_sitenote_category":0},"product_brand":[],"product_cat":[87,90],"product_tag":[],"class_list":{"0":"post-2868","1":"product","2":"type-product","3":"status-publish","4":"has-post-thumbnail","6":"product_cat-nest-insets","7":"product_cat-gypsum","9":"first","10":"instock","11":"taxable","12":"shipping-taxable","13":"purchasable","14":"product-type-simple"},"acf":[],"aioseo_notices":[],"jetpack_sharing_enabled":true,"_links":{"self":[{"href":"https:\/\/antcube.shop\/de\/wp-json\/wp\/v2\/product\/2868","targetHints":{"allow":["GET"]}}],"collection":[{"href":"https:\/\/antcube.shop\/de\/wp-json\/wp\/v2\/product"}],"about":[{"href":"https:\/\/antcube.shop\/de\/wp-json\/wp\/v2\/types\/product"}],"replies":[{"embeddable":true,"href":"https:\/\/antcube.shop\/de\/wp-json\/wp\/v2\/comments?post=2868"}],"wp:featuredmedia":[{"embeddable":true,"href":"https:\/\/antcube.shop\/de\/wp-json\/wp\/v2\/media\/351"}],"wp:attachment":[{"href":"https:\/\/antcube.shop\/de\/wp-json\/wp\/v2\/media?parent=2868"}],"wp:term":[{"taxonomy":"product_brand","embeddable":true,"href":"https:\/\/antcube.shop\/de\/wp-json\/wp\/v2\/product_brand?post=2868"},{"taxonomy":"product_cat","embeddable":true,"href":"https:\/\/antcube.shop\/de\/wp-json\/wp\/v2\/product_cat?post=2868"},{"taxonomy":"product_tag","embeddable":true,"href":"https:\/\/antcube.shop\/de\/wp-json\/wp\/v2\/product_tag?post=2868"}],"curies":[{"name":"wp","href":"https:\/\/api.w.org\/{rel}","templated":true}]}}