{"id":2865,"date":"2021-10-13T18:42:51","date_gmt":"2021-10-13T16:42:51","guid":{"rendered":"https:\/\/antcube.shop\/produkt\/futterspender-2ml-dosierbar\/"},"modified":"2026-04-08T08:47:59","modified_gmt":"2026-04-08T06:47:59","slug":"futterspender-2ml-dosierbar-2","status":"publish","type":"product","link":"https:\/\/antcube.shop\/de\/produkt\/futterspender-2ml-dosierbar-2\/","title":{"rendered":"Futtermittelspender 2ml - dosierbar"},"content":{"rendered":"<p><strong>Abmessungen:<\/strong> 30x40x50 mm, 2 ml<\/p>\n<p><strong>Inhalt:<\/strong><br \/>\n1x Fu\u00df mit 1x 2,5mm \u00d6ffnung (1-2 mm k\u00f6nnen dosiert werden).<br \/>\n1x Ameisenfutterr\u00f6hre<\/p>\n<p><strong>Material:<\/strong> PMMA, PS<\/p>\n<p><strong>Beschreibung:<\/strong> Mit diesem Spender k\u00f6nnen sich die Ameisen in einem Formicarium selbst mit dem angebotenen Futter versorgen. Ideal auch f\u00fcr die Urlaubssaison. Die 2ml Ameisenfutterr\u00f6hrchen k\u00f6nnen in den Sockel gesteckt werden. Durch die Einstecktiefe kann die zur Verf\u00fcgung stehende Menge an Futter dosiert werden. Der Spender mit dem 2,5mm breiten Auslass ist f\u00fcr alle unsere Futter in Pulverform, sowie die Minor- und Media-Kornmischungen geeignet.<\/p>\n<p><strong>Farben:<\/strong> transparent<\/p>","protected":false},"excerpt":{"rendered":"<p>Abmessungen: 30x40x50 mm, 2 ml<\/p>","protected":false},"featured_media":306,"comment_status":"open","ping_status":"closed","template":"","meta":{"_acf_changed":false,"content-type":"","_monsterinsights_skip_tracking":false,"_monsterinsights_sitenote_active":false,"_monsterinsights_sitenote_note":"","_monsterinsights_sitenote_category":0},"product_brand":[],"product_cat":[115,118],"product_tag":[],"class_list":{"0":"post-2865","1":"product","2":"type-product","3":"status-publish","4":"has-post-thumbnail","6":"product_cat-food-and-feeding","7":"product_cat-feeding-bowls","9":"first","10":"instock","11":"taxable","12":"shipping-taxable","13":"purchasable","14":"product-type-simple"},"acf":[],"aioseo_notices":[],"jetpack_sharing_enabled":true,"_links":{"self":[{"href":"https:\/\/antcube.shop\/de\/wp-json\/wp\/v2\/product\/2865","targetHints":{"allow":["GET"]}}],"collection":[{"href":"https:\/\/antcube.shop\/de\/wp-json\/wp\/v2\/product"}],"about":[{"href":"https:\/\/antcube.shop\/de\/wp-json\/wp\/v2\/types\/product"}],"replies":[{"embeddable":true,"href":"https:\/\/antcube.shop\/de\/wp-json\/wp\/v2\/comments?post=2865"}],"wp:featuredmedia":[{"embeddable":true,"href":"https:\/\/antcube.shop\/de\/wp-json\/wp\/v2\/media\/306"}],"wp:attachment":[{"href":"https:\/\/antcube.shop\/de\/wp-json\/wp\/v2\/media?parent=2865"}],"wp:term":[{"taxonomy":"product_brand","embeddable":true,"href":"https:\/\/antcube.shop\/de\/wp-json\/wp\/v2\/product_brand?post=2865"},{"taxonomy":"product_cat","embeddable":true,"href":"https:\/\/antcube.shop\/de\/wp-json\/wp\/v2\/product_cat?post=2865"},{"taxonomy":"product_tag","embeddable":true,"href":"https:\/\/antcube.shop\/de\/wp-json\/wp\/v2\/product_tag?post=2865"}],"curies":[{"name":"wp","href":"https:\/\/api.w.org\/{rel}","templated":true}]}}