{"id":2859,"date":"2021-10-13T18:41:44","date_gmt":"2021-10-13T16:41:44","guid":{"rendered":"https:\/\/antcube.shop\/produkt\/tranke-klar-20ml-schwamm\/"},"modified":"2026-04-22T12:31:14","modified_gmt":"2026-04-22T10:31:14","slug":"tranke-klar-20ml-schwamm","status":"publish","type":"product","link":"https:\/\/antcube.shop\/de\/produkt\/tranke-klar-20ml-schwamm\/","title":{"rendered":"Tr\u00e4nke klar 20ml - Schwamm"},"content":{"rendered":"<p><strong>Abmessungen:<\/strong> 40x50x68 mm, 20 ml<\/p>\n<p><strong>Inhalt:<\/strong><br \/>\n1x Sockel mit 4x 3mm \u00d6ffnungen und integriertem Schwamm.<br \/>\n1x Wassertank 62x22mm (20ml)<br \/>\n1x Schwamm 30mm<\/p>\n<p><strong>Material:<\/strong> PS, PMMA, Schaumstoff (extrem feinporig und saugf\u00e4hig)<\/p>\n<p><strong>Beschreibung:<\/strong> So k\u00f6nnen sich die Ameisen in einem Formicarium mit ausreichend Feuchtigkeit versorgen. Ideal auch f\u00fcr die Urlaubssaison. Der 20ml Wassertank kann in den Fu\u00df eingesetzt werden (Achtung: Den Tank nicht ganz einf\u00fchren, sondern nur bis zur H\u00f6he des Schwamms, um die Wasserzufuhr nicht zu unterbrechen). Der Schwamm hat einen gr\u00f6\u00dferen Durchmesser als der angebrachte Tank, so dass die Feuchtigkeit in den Fu\u00df eindringen kann. Die 4 feinen 18-mm-\u00d6ffnungen im Bodengrund, die in allen vier Himmelsrichtungen angebracht sind, erm\u00f6glichen die F\u00fctterung von Kolonien mit einer gro\u00dfen Anzahl von Tieren. Durch das Entfernen des Schaums sorgen die Tiere f\u00fcr eine ausreichende Fl\u00fcssigkeitszufuhr.<\/p>\n<p><strong>Farben:<\/strong> kristallklar, grau<\/p>\n<p>&nbsp;<\/p>","protected":false},"excerpt":{"rendered":"<p><strong>Abmessungen:<\/strong> 40x50x68 mm, 20 ml<\/p>","protected":false},"featured_media":3004,"comment_status":"open","ping_status":"closed","template":"","meta":{"_acf_changed":false,"content-type":"","_monsterinsights_skip_tracking":false,"_monsterinsights_sitenote_active":false,"_monsterinsights_sitenote_note":"","_monsterinsights_sitenote_category":0},"product_brand":[],"product_cat":[115,117],"product_tag":[],"class_list":{"0":"post-2859","1":"product","2":"type-product","3":"status-publish","4":"has-post-thumbnail","6":"product_cat-food-and-feeding","7":"product_cat-drinkers-for-ants","9":"first","10":"instock","11":"taxable","12":"shipping-taxable","13":"purchasable","14":"product-type-simple"},"acf":[],"aioseo_notices":[],"jetpack_sharing_enabled":true,"_links":{"self":[{"href":"https:\/\/antcube.shop\/de\/wp-json\/wp\/v2\/product\/2859","targetHints":{"allow":["GET"]}}],"collection":[{"href":"https:\/\/antcube.shop\/de\/wp-json\/wp\/v2\/product"}],"about":[{"href":"https:\/\/antcube.shop\/de\/wp-json\/wp\/v2\/types\/product"}],"replies":[{"embeddable":true,"href":"https:\/\/antcube.shop\/de\/wp-json\/wp\/v2\/comments?post=2859"}],"wp:featuredmedia":[{"embeddable":true,"href":"https:\/\/antcube.shop\/de\/wp-json\/wp\/v2\/media\/3004"}],"wp:attachment":[{"href":"https:\/\/antcube.shop\/de\/wp-json\/wp\/v2\/media?parent=2859"}],"wp:term":[{"taxonomy":"product_brand","embeddable":true,"href":"https:\/\/antcube.shop\/de\/wp-json\/wp\/v2\/product_brand?post=2859"},{"taxonomy":"product_cat","embeddable":true,"href":"https:\/\/antcube.shop\/de\/wp-json\/wp\/v2\/product_cat?post=2859"},{"taxonomy":"product_tag","embeddable":true,"href":"https:\/\/antcube.shop\/de\/wp-json\/wp\/v2\/product_tag?post=2859"}],"curies":[{"name":"wp","href":"https:\/\/api.w.org\/{rel}","templated":true}]}}