{"id":2857,"date":"2021-10-13T18:41:25","date_gmt":"2021-10-13T16:41:25","guid":{"rendered":"https:\/\/antcube.shop\/produkt\/antcube-ameisenfarm-l-20x20-stehend\/"},"modified":"2026-04-06T20:03:13","modified_gmt":"2026-04-06T18:03:13","slug":"antcube-ameisenfarm-l-20x20-stehend","status":"publish","type":"product","link":"https:\/\/antcube.shop\/de\/produkt\/antcube-ameisenfarm-l-20x20-stehend\/","title":{"rendered":"ANTCUBE - Ameisenfarm - L - 20\u00d720 - stehend"},"content":{"rendered":"<p><strong>Abmessungen (LxBxH):\u00a0<\/strong><br \/>\nAu\u00dfen: 234x58x199 mm<br \/>\nInnen: 184x20x190 mm<\/p>\n<p><strong>Material:<\/strong><br \/>\nFloatglas, Kunststoff<\/p>\n<p><strong>Farbe:<\/strong><br \/>\nkristallklar<\/p>\n<p><strong>Inhalt:<\/strong><br \/>\n1x ANTCUBE Ameisenfarm - 20mm Plattenabstand.<br \/>\n1x Ameisenfarmabdeckung L 20\u00d73<br \/>\n2x Stecker 4mm<\/p>\n<p><strong>Verbindung:<\/strong><br \/>\n2x 14\/16\/18\/20 x 20mm Buchse<br \/>\n2x 4mm L\u00f6cher mit 4mm Stopfen<\/p>\n<p>Der 14\/10-Schlauch wird mit festem Sitz in die 14-mm-Muffe eingef\u00fchrt.<br \/>\nDas 20\/16-Rohr wird auf der ersten 16-mm-Stufe befestigt.<br \/>\nDer 22\/18er-Schlauch wird auf der zweiten 20-mm-Stufe fest montiert.<br \/>\n24\/20-Schlauch wird lose auf die zweite 20mm-Stufe montiert<\/p>\n<p><strong>Beschreibung:<\/strong><br \/>\nDiese vollst\u00e4ndig transparente Ameisenfarm ist f\u00fcr Ameisenarten der Gr\u00f6\u00dfe L geeignet.<\/p>\n<p><strong>Hinweise zur Produktion<\/strong><br \/>\nDas Glas ist nach DIN 1249 mit einer Toleranz von +\/- 1mm geschliffen. F\u00fcr extrem kleine Ameisenarten ist ein zus\u00e4tzlicher Ausbruchsschutz erforderlich.<\/p>\n<p><strong>Anmerkung zum Bauernhof<\/strong><br \/>\nBeim Anbringen oder Entfernen von Schl\u00e4uchen ist Folgendes zu beachten:<br \/>\nWenn sich der Schlauch nur sehr schwer auf die Anschlussbuchse aufstecken l\u00e4sst, sollte die Buchse leicht mit einem Tropfen unseres Ausbruchsicherungs\u00f6ls oder -pulvers eingerieben werden. Der Schlauch sollte dann durch Dreh- oder Schraubbewegungen auf die Buchse geschoben werden, ohne die Buchse durch Auf- und Abbewegungen zu belasten. Das Gleiche gilt f\u00fcr das Abziehen der Schl\u00e4uche von der Anschlussbuchse des Betriebes. Bitte nicht einfach abziehen!<\/p>\n<p>&nbsp;<\/p>","protected":false},"excerpt":{"rendered":"<p>Anschluss: Steckdose 2x 14\/16\/18\/20 mm + Abdeckung<\/p>\n<p>Abstand zwischen den Platten: Innen 20 mm \/ Au\u00dfen 28 mm<br \/>\nGr\u00f6\u00dfe: <strong><span style=\"color: #0000ff;\">L<\/span><\/strong><\/p>","protected":false},"featured_media":347,"comment_status":"open","ping_status":"closed","template":"","meta":{"_acf_changed":false,"content-type":"","_monsterinsights_skip_tracking":false,"_monsterinsights_sitenote_active":false,"_monsterinsights_sitenote_note":"","_monsterinsights_sitenote_category":0},"product_brand":[],"product_cat":[80,83],"product_tag":[],"class_list":{"0":"post-2857","1":"product","2":"type-product","3":"status-publish","4":"has-post-thumbnail","6":"product_cat-antfarms","7":"product_cat-antfarms-l","9":"first","10":"instock","11":"taxable","12":"shipping-taxable","13":"purchasable","14":"product-type-simple"},"acf":[],"aioseo_notices":[],"jetpack_sharing_enabled":true,"_links":{"self":[{"href":"https:\/\/antcube.shop\/de\/wp-json\/wp\/v2\/product\/2857","targetHints":{"allow":["GET"]}}],"collection":[{"href":"https:\/\/antcube.shop\/de\/wp-json\/wp\/v2\/product"}],"about":[{"href":"https:\/\/antcube.shop\/de\/wp-json\/wp\/v2\/types\/product"}],"replies":[{"embeddable":true,"href":"https:\/\/antcube.shop\/de\/wp-json\/wp\/v2\/comments?post=2857"}],"wp:featuredmedia":[{"embeddable":true,"href":"https:\/\/antcube.shop\/de\/wp-json\/wp\/v2\/media\/347"}],"wp:attachment":[{"href":"https:\/\/antcube.shop\/de\/wp-json\/wp\/v2\/media?parent=2857"}],"wp:term":[{"taxonomy":"product_brand","embeddable":true,"href":"https:\/\/antcube.shop\/de\/wp-json\/wp\/v2\/product_brand?post=2857"},{"taxonomy":"product_cat","embeddable":true,"href":"https:\/\/antcube.shop\/de\/wp-json\/wp\/v2\/product_cat?post=2857"},{"taxonomy":"product_tag","embeddable":true,"href":"https:\/\/antcube.shop\/de\/wp-json\/wp\/v2\/product_tag?post=2857"}],"curies":[{"name":"wp","href":"https:\/\/api.w.org\/{rel}","templated":true}]}}