{"id":2856,"date":"2021-10-13T18:41:15","date_gmt":"2021-10-13T16:41:15","guid":{"rendered":"https:\/\/antcube.shop\/produkt\/antcube-ameisenfarm-m-20x20-stehend\/"},"modified":"2026-04-06T09:42:12","modified_gmt":"2026-04-06T07:42:12","slug":"antcube-ameisenfarm-m-20x20-stehend","status":"publish","type":"product","link":"https:\/\/antcube.shop\/de\/produkt\/antcube-ameisenfarm-m-20x20-stehend\/","title":{"rendered":"ANTCUBE - Ameisenfarm - M - 20\u00d720 - stehend"},"content":{"rendered":"<p><strong>Abmessungen (LxBxH):\u00a0<\/strong><br \/>\nAu\u00dfen: 232x58x199 mm<br \/>\nInnen: 184x10x190 mm<\/p>\n<p><strong>Material:<\/strong><br \/>\nFloatglas, Kunststoff<\/p>\n<p><strong>Farbe:<\/strong><br \/>\nkristallklar<\/p>\n<p><strong>Inhalt:<\/strong><br \/>\n1x ANTCUBE Ameisenfarm - 10mm Plattenabstand.<br \/>\n1x Ameisenfarmabdeckung M 20\u00d72<br \/>\n2x Stecker 4mm<\/p>\n<p><strong>Verbindung:<\/strong><br \/>\n2x 8\/10 x 10mm Steckdose<br \/>\n2x 4mm L\u00f6cher mit 4mm Stopfen<\/p>\n<p><strong>Beschreibung:<\/strong><br \/>\nDiese vollst\u00e4ndig transparente Ameisenfarm ist f\u00fcr Ameisenarten der Gr\u00f6\u00dfe M geeignet.<\/p>\n<p><strong>Hinweise zur Produktion<\/strong><br \/>\nDas Glas ist nach DIN 1249 mit einer Toleranz von +\/- 1mm geschliffen. F\u00fcr extrem kleine Ameisenarten ist ein zus\u00e4tzlicher Ausbruchsschutz erforderlich.<\/p>\n<p><strong>Anmerkung zum Bauernhof<\/strong><br \/>\nWenn Sie Schl\u00e4uche anbringen oder abnehmen, beachten Sie bitte die folgenden Hinweise:<br \/>\nWenn sich der Schlauch nur sehr schwer auf die Anschlussbuchse aufstecken l\u00e4sst, sollte die Buchse leicht mit einem Tropfen unseres Ausbruchsicherungs\u00f6ls oder -pulvers eingerieben werden. Der Schlauch sollte dann durch Dreh- oder Schraubbewegungen auf die Buchse geschoben werden, ohne die Buchse durch Auf- und Abbewegungen zu belasten. Das Gleiche gilt f\u00fcr das Abziehen der Schl\u00e4uche von der Anschlussbuchse des Betriebes. Bitte nicht einfach abziehen!<\/p>\n<p>&nbsp;<\/p>","protected":false},"excerpt":{"rendered":"<p>Anschluss: Buchse 2x 8\/10 mm + Abdeckung<\/p>\n<p>Abstand zwischen den Platten: Innen 10 mm \/ Au\u00dfen 18 mm<br \/>\nGr\u00f6\u00dfe: <strong><span style=\"color: #339966;\">M<\/span><\/strong><\/p>","protected":false},"featured_media":348,"comment_status":"open","ping_status":"closed","template":"","meta":{"_acf_changed":false,"content-type":"","_monsterinsights_skip_tracking":false,"_monsterinsights_sitenote_active":false,"_monsterinsights_sitenote_note":"","_monsterinsights_sitenote_category":0},"product_brand":[],"product_cat":[80,82],"product_tag":[],"class_list":{"0":"post-2856","1":"product","2":"type-product","3":"status-publish","4":"has-post-thumbnail","6":"product_cat-antfarms","7":"product_cat-antfarms-m","9":"first","10":"instock","11":"taxable","12":"shipping-taxable","13":"purchasable","14":"product-type-simple"},"acf":[],"aioseo_notices":[],"jetpack_sharing_enabled":true,"_links":{"self":[{"href":"https:\/\/antcube.shop\/de\/wp-json\/wp\/v2\/product\/2856","targetHints":{"allow":["GET"]}}],"collection":[{"href":"https:\/\/antcube.shop\/de\/wp-json\/wp\/v2\/product"}],"about":[{"href":"https:\/\/antcube.shop\/de\/wp-json\/wp\/v2\/types\/product"}],"replies":[{"embeddable":true,"href":"https:\/\/antcube.shop\/de\/wp-json\/wp\/v2\/comments?post=2856"}],"wp:featuredmedia":[{"embeddable":true,"href":"https:\/\/antcube.shop\/de\/wp-json\/wp\/v2\/media\/348"}],"wp:attachment":[{"href":"https:\/\/antcube.shop\/de\/wp-json\/wp\/v2\/media?parent=2856"}],"wp:term":[{"taxonomy":"product_brand","embeddable":true,"href":"https:\/\/antcube.shop\/de\/wp-json\/wp\/v2\/product_brand?post=2856"},{"taxonomy":"product_cat","embeddable":true,"href":"https:\/\/antcube.shop\/de\/wp-json\/wp\/v2\/product_cat?post=2856"},{"taxonomy":"product_tag","embeddable":true,"href":"https:\/\/antcube.shop\/de\/wp-json\/wp\/v2\/product_tag?post=2856"}],"curies":[{"name":"wp","href":"https:\/\/api.w.org\/{rel}","templated":true}]}}