{"id":2854,"date":"2021-10-13T18:40:55","date_gmt":"2021-10-13T16:40:55","guid":{"rendered":"https:\/\/antcube.shop\/produkt\/mini-thermo-hygrometer-analog-display-hangend\/"},"modified":"2026-04-11T10:12:08","modified_gmt":"2026-04-11T08:12:08","slug":"mini-thermo-hygrometer-analog-anzeige-hangend","status":"publish","type":"product","link":"https:\/\/antcube.shop\/de\/produkt\/mini-thermo-hygrometer-analog-anzeige-hangend\/","title":{"rendered":"Mini-Thermo-Hygrometer analog - Anzeige - h\u00e4ngend"},"content":{"rendered":"<p><strong>Abmessungen:<\/strong> 75mm x 45mm, 20mm tief<\/p>\n<p><strong>Material:<\/strong> Metall\/Acryl<\/p>\n<p><strong>Farbe:<\/strong> Metall, silber \/ transparent<\/p>\n<p><strong>Inhalt:<\/strong> 1x Mini-Thermometer analog Metall - 25mm, 1x Mini-Hygrometer analog Metall - 25mm, 1x Acrylglashalter mit Aussparungen f\u00fcr die Messger\u00e4te - 75x45mm, 1x Acrylglasboden - 75x20mm, 2x transparente Klebepads - 30x20mm<\/p>\n<p><strong>Beschreibung:<\/strong><br \/>\nDas Set besteht aus einem analogen Thermometer und Hygrometer aus Metall (25mm), die in eine Acrylglasplatte (75x45mm) eingesetzt sind. Das Display wird mit zwei transparenten Klebepads befestigt, mit denen die Basis (75x20mm) \u00fcber Kopf an Abdeckungen oder Rahmen befestigt werden kann.<\/p>\n<p><strong>Hinweis:<\/strong><br \/>\nDie Messinstrumente auf der R\u00fcckseite m\u00fcssen frei bleiben, da sonst Messfehler auftreten k\u00f6nnen.<\/p>\n<p><strong>Genauigkeit:<\/strong> +\/- 2\u00b0C , +\/- 4\u00b0F<br \/>\n<strong>Genauigkeit:<\/strong> +\/- 5%<\/p>","protected":false},"excerpt":{"rendered":"<p>Set aus Thermometer und Hygrometer aus Metall (25mm) eingelegt in Acrylglasplatte (75x45mm)<\/p>","protected":false},"featured_media":311,"comment_status":"open","ping_status":"closed","template":"","meta":{"_acf_changed":false,"content-type":"","_monsterinsights_skip_tracking":false,"_monsterinsights_sitenote_active":false,"_monsterinsights_sitenote_note":"","_monsterinsights_sitenote_category":0},"product_brand":[],"product_cat":[119,239],"product_tag":[],"class_list":{"0":"post-2854","1":"product","2":"type-product","3":"status-publish","4":"has-post-thumbnail","6":"product_cat-formicarium-components","7":"product_cat-useful-additions","9":"first","10":"instock","11":"taxable","12":"shipping-taxable","13":"purchasable","14":"product-type-simple"},"acf":[],"aioseo_notices":[],"jetpack_sharing_enabled":true,"_links":{"self":[{"href":"https:\/\/antcube.shop\/de\/wp-json\/wp\/v2\/product\/2854","targetHints":{"allow":["GET"]}}],"collection":[{"href":"https:\/\/antcube.shop\/de\/wp-json\/wp\/v2\/product"}],"about":[{"href":"https:\/\/antcube.shop\/de\/wp-json\/wp\/v2\/types\/product"}],"replies":[{"embeddable":true,"href":"https:\/\/antcube.shop\/de\/wp-json\/wp\/v2\/comments?post=2854"}],"wp:featuredmedia":[{"embeddable":true,"href":"https:\/\/antcube.shop\/de\/wp-json\/wp\/v2\/media\/311"}],"wp:attachment":[{"href":"https:\/\/antcube.shop\/de\/wp-json\/wp\/v2\/media?parent=2854"}],"wp:term":[{"taxonomy":"product_brand","embeddable":true,"href":"https:\/\/antcube.shop\/de\/wp-json\/wp\/v2\/product_brand?post=2854"},{"taxonomy":"product_cat","embeddable":true,"href":"https:\/\/antcube.shop\/de\/wp-json\/wp\/v2\/product_cat?post=2854"},{"taxonomy":"product_tag","embeddable":true,"href":"https:\/\/antcube.shop\/de\/wp-json\/wp\/v2\/product_tag?post=2854"}],"curies":[{"name":"wp","href":"https:\/\/api.w.org\/{rel}","templated":true}]}}