{"id":2853,"date":"2021-10-13T18:40:45","date_gmt":"2021-10-13T16:40:45","guid":{"rendered":"https:\/\/antcube.shop\/produkt\/gittereinsatz-50mm-edelstahl\/"},"modified":"2026-04-16T22:29:14","modified_gmt":"2026-04-16T20:29:14","slug":"gittereinsatz-50mm-edelstahl","status":"publish","type":"product","link":"https:\/\/antcube.shop\/de\/produkt\/gittereinsatz-50mm-edelstahl\/","title":{"rendered":"Gittereinsatz - 50mm - Edelstahl"},"content":{"rendered":"<p><strong>Menge:<\/strong> 1 St\u00fcck<\/p>\n<p><strong>Abmessungen:<\/strong> 50 mm (Innendurchmesser), 56\u00d74 mm (Au\u00dfenabmessungen)<\/p>\n<p><strong>Farbe:<\/strong> transparent<\/p>\n<p><strong>Material:<\/strong> Edelstahl, Acrylglas<\/p>\n<p><strong>Beschreibung:<\/strong><br \/>\nDieser Gittereinsatz mit sehr feinem Edelstahlgitter (0,2 mm) kann in die 50mm-L\u00f6cher eingesetzt werden und sorgt f\u00fcr eine gute Formicarium-Bel\u00fcftung, ohne dass die Ameisen ausbrechen k\u00f6nnen.<br \/>\nBei seitlicher Befestigung empfehlen wir eine zus\u00e4tzliche Sicherung mit handels\u00fcblichen Klebern, um ein Herausfallen durch m\u00f6gliche St\u00f6\u00dfe zu vermeiden.<\/p>\n<p><strong>Anmerkung:<\/strong> Auch f\u00fcr sehr stark bei\u00dfende Arten wie Blattschneiderameisen geeignet!<\/p>\n<p>&nbsp;<\/p>","protected":false},"excerpt":{"rendered":"<p>Menge: 1 St\u00fcck Abmessungen: 50 mm (Innendurchmesser), 56\u00d74 mm (Au\u00dfenma\u00dfe) Farbe: transparent Material: Edelstahl, Acrylglas Beschreibung: Dieser Gittereinsatz mit sehr feinem Edelstahlgitter (0,2 mm) kann in die 50mm L\u00f6cher eingesetzt werden und sorgt f\u00fcr eine gute Formicariumbel\u00fcftung, ohne dass die Ameisen ausbrechen k\u00f6nnen. Im Falle einer seitlichen Befestigung, [...]","protected":false},"featured_media":338,"comment_status":"open","ping_status":"closed","template":"","meta":{"_acf_changed":false,"content-type":"","_monsterinsights_skip_tracking":false,"_monsterinsights_sitenote_active":false,"_monsterinsights_sitenote_note":"","_monsterinsights_sitenote_category":0},"product_brand":[],"product_cat":[238],"product_tag":[],"class_list":{"0":"post-2853","1":"product","2":"type-product","3":"status-publish","4":"has-post-thumbnail","6":"product_cat-grid-caps-plugs-and-inserts","8":"first","9":"outofstock","10":"taxable","11":"shipping-taxable","12":"purchasable","13":"product-type-simple"},"acf":[],"aioseo_notices":[],"jetpack_sharing_enabled":true,"_links":{"self":[{"href":"https:\/\/antcube.shop\/de\/wp-json\/wp\/v2\/product\/2853","targetHints":{"allow":["GET"]}}],"collection":[{"href":"https:\/\/antcube.shop\/de\/wp-json\/wp\/v2\/product"}],"about":[{"href":"https:\/\/antcube.shop\/de\/wp-json\/wp\/v2\/types\/product"}],"replies":[{"embeddable":true,"href":"https:\/\/antcube.shop\/de\/wp-json\/wp\/v2\/comments?post=2853"}],"wp:featuredmedia":[{"embeddable":true,"href":"https:\/\/antcube.shop\/de\/wp-json\/wp\/v2\/media\/338"}],"wp:attachment":[{"href":"https:\/\/antcube.shop\/de\/wp-json\/wp\/v2\/media?parent=2853"}],"wp:term":[{"taxonomy":"product_brand","embeddable":true,"href":"https:\/\/antcube.shop\/de\/wp-json\/wp\/v2\/product_brand?post=2853"},{"taxonomy":"product_cat","embeddable":true,"href":"https:\/\/antcube.shop\/de\/wp-json\/wp\/v2\/product_cat?post=2853"},{"taxonomy":"product_tag","embeddable":true,"href":"https:\/\/antcube.shop\/de\/wp-json\/wp\/v2\/product_tag?post=2853"}],"curies":[{"name":"wp","href":"https:\/\/api.w.org\/{rel}","templated":true}]}}