{"id":2852,"date":"2021-10-13T18:40:35","date_gmt":"2021-10-13T16:40:35","guid":{"rendered":"https:\/\/antcube.shop\/produkt\/gittereinsatz-27mm-edelstahl\/"},"modified":"2026-04-08T12:12:48","modified_gmt":"2026-04-08T10:12:48","slug":"gittereinsatz-27mm-edelstahl","status":"publish","type":"product","link":"https:\/\/antcube.shop\/de\/produkt\/gittereinsatz-27mm-edelstahl\/","title":{"rendered":"Gittereinsatz - 27mm - Edelstahl"},"content":{"rendered":"<p><strong>Menge:<\/strong> 1 St\u00fcck<\/p>\n<p><strong>Abmessungen:<\/strong> 27 mm (Innendurchmesser), 33\u00d74 mm (Au\u00dfenabmessungen)<\/p>\n<p><strong>Farbe:<\/strong> transparent<\/p>\n<p><strong>Material:<\/strong> Edelstahl, Acryl<\/p>\n<p><strong>Beschreibung:<\/strong><br \/>\nDieser Gittereinsatz mit sehr feinem Edelstahlgitter (0,2 mm) kann in die L\u00f6cher 27mm eingesetzt werden und sorgt f\u00fcr eine gute Formicariumbel\u00fcftung, ohne dass die Ameisen ausbrechen k\u00f6nnen.<br \/>\nBei seitlicher Befestigung empfehlen wir eine zus\u00e4tzliche Sicherung mit handels\u00fcblichen Klebern, um ein Herausfallen durch m\u00f6gliche St\u00f6\u00dfe zu vermeiden.<\/p>\n<p><strong>Anmerkung:<\/strong> Auch f\u00fcr sehr stark bei\u00dfende Arten wie Blattschneiderameisen geeignet!<\/p>","protected":false},"excerpt":{"rendered":"<p>Menge: 1 St\u00fcck Abmessungen: 27 mm (Innendurchmesser), 33\u00d74 mm (Au\u00dfenma\u00dfe) Farbe: transparent Material: Edelstahl, Acryl Beschreibung: Dieser Gittereinsatz mit sehr feinem Edelstahlgitter (0,2 mm) kann in die L\u00f6cher 27mm eingesetzt werden und sorgt f\u00fcr eine gute Formicariumbel\u00fcftung, ohne dass die Ameisen ausbrechen k\u00f6nnen. Bei einer seitlichen Befestigung empfehlen wir [...]","protected":false},"featured_media":337,"comment_status":"open","ping_status":"closed","template":"","meta":{"_acf_changed":false,"content-type":"","_monsterinsights_skip_tracking":false,"_monsterinsights_sitenote_active":false,"_monsterinsights_sitenote_note":"","_monsterinsights_sitenote_category":0},"product_brand":[],"product_cat":[238],"product_tag":[],"class_list":{"0":"post-2852","1":"product","2":"type-product","3":"status-publish","4":"has-post-thumbnail","6":"product_cat-grid-caps-plugs-and-inserts","8":"first","9":"instock","10":"taxable","11":"shipping-taxable","12":"purchasable","13":"product-type-simple"},"acf":[],"aioseo_notices":[],"jetpack_sharing_enabled":true,"_links":{"self":[{"href":"https:\/\/antcube.shop\/de\/wp-json\/wp\/v2\/product\/2852","targetHints":{"allow":["GET"]}}],"collection":[{"href":"https:\/\/antcube.shop\/de\/wp-json\/wp\/v2\/product"}],"about":[{"href":"https:\/\/antcube.shop\/de\/wp-json\/wp\/v2\/types\/product"}],"replies":[{"embeddable":true,"href":"https:\/\/antcube.shop\/de\/wp-json\/wp\/v2\/comments?post=2852"}],"wp:featuredmedia":[{"embeddable":true,"href":"https:\/\/antcube.shop\/de\/wp-json\/wp\/v2\/media\/337"}],"wp:attachment":[{"href":"https:\/\/antcube.shop\/de\/wp-json\/wp\/v2\/media?parent=2852"}],"wp:term":[{"taxonomy":"product_brand","embeddable":true,"href":"https:\/\/antcube.shop\/de\/wp-json\/wp\/v2\/product_brand?post=2852"},{"taxonomy":"product_cat","embeddable":true,"href":"https:\/\/antcube.shop\/de\/wp-json\/wp\/v2\/product_cat?post=2852"},{"taxonomy":"product_tag","embeddable":true,"href":"https:\/\/antcube.shop\/de\/wp-json\/wp\/v2\/product_tag?post=2852"}],"curies":[{"name":"wp","href":"https:\/\/api.w.org\/{rel}","templated":true}]}}