{"id":2851,"date":"2021-10-13T18:40:25","date_gmt":"2021-10-13T16:40:25","guid":{"rendered":"https:\/\/antcube.shop\/produkt\/gitterkappe-10mm-edelstahl\/"},"modified":"2026-04-15T17:09:34","modified_gmt":"2026-04-15T15:09:34","slug":"gitterkappe-10mm-edelstahl","status":"publish","type":"product","link":"https:\/\/antcube.shop\/de\/produkt\/gitterkappe-10mm-edelstahl\/","title":{"rendered":"Gitterkappe - 10mm - Rostfreier Stahl"},"content":{"rendered":"<p><strong>Menge:<\/strong> 1 St\u00fcck<\/p>\n<p><strong>Abmessungen:<\/strong> 10 mm (Innendurchmesser), 14\u00d74 mm (Au\u00dfenabmessungen)<\/p>\n<p><strong>Farbe:<\/strong> transparent<\/p>\n<p><strong>Material:<\/strong> Edelstahl, Acryl<\/p>\n<p><strong>Beschreibung:<\/strong><br \/>\nDiese Gitterkappe mit sehr feinem Edelstahlgitter (0,2 mm) kann auf einen Stutzen, ein Rohr oder ein Schlauchende aufgesetzt werden und sorgt f\u00fcr eine gute Bel\u00fcftung des Formicariums, ohne dass die Ameisen ausbrechen k\u00f6nnen. Sowohl das Edelstahlgitter als auch der Acrylglasrahmen sind transparent.<\/p>\n<p><strong>Anmerkung:<\/strong> Auch f\u00fcr sehr stark bei\u00dfende Arten wie Blattschneiderameisen geeignet!<\/p>\n<p>&nbsp;<\/p>","protected":false},"excerpt":{"rendered":"<p>Menge: 1 St\u00fcck Abmessungen: 10 mm (Innendurchmesser), 14\u00d74 mm (Au\u00dfenma\u00dfe) Farbe: transparent Material: Edelstahl, Acryl Beschreibung: Diese Gitterkappe mit sehr feinem Edelstahlgitter (0,2 mm) kann auf einen Stutzen, ein Rohr oder ein Schlauchende aufgesetzt werden und sorgt f\u00fcr eine gute Bel\u00fcftung des Formicariums, ohne dass die Ameisen ausbrechen k\u00f6nnen. Beide [...]","protected":false},"featured_media":335,"comment_status":"open","ping_status":"closed","template":"","meta":{"_acf_changed":false,"content-type":"","_monsterinsights_skip_tracking":false,"_monsterinsights_sitenote_active":false,"_monsterinsights_sitenote_note":"","_monsterinsights_sitenote_category":0},"product_brand":[],"product_cat":[238],"product_tag":[],"class_list":{"0":"post-2851","1":"product","2":"type-product","3":"status-publish","4":"has-post-thumbnail","6":"product_cat-grid-caps-plugs-and-inserts","8":"first","9":"instock","10":"taxable","11":"shipping-taxable","12":"purchasable","13":"product-type-simple"},"acf":[],"aioseo_notices":[],"jetpack_sharing_enabled":true,"_links":{"self":[{"href":"https:\/\/antcube.shop\/de\/wp-json\/wp\/v2\/product\/2851","targetHints":{"allow":["GET"]}}],"collection":[{"href":"https:\/\/antcube.shop\/de\/wp-json\/wp\/v2\/product"}],"about":[{"href":"https:\/\/antcube.shop\/de\/wp-json\/wp\/v2\/types\/product"}],"replies":[{"embeddable":true,"href":"https:\/\/antcube.shop\/de\/wp-json\/wp\/v2\/comments?post=2851"}],"wp:featuredmedia":[{"embeddable":true,"href":"https:\/\/antcube.shop\/de\/wp-json\/wp\/v2\/media\/335"}],"wp:attachment":[{"href":"https:\/\/antcube.shop\/de\/wp-json\/wp\/v2\/media?parent=2851"}],"wp:term":[{"taxonomy":"product_brand","embeddable":true,"href":"https:\/\/antcube.shop\/de\/wp-json\/wp\/v2\/product_brand?post=2851"},{"taxonomy":"product_cat","embeddable":true,"href":"https:\/\/antcube.shop\/de\/wp-json\/wp\/v2\/product_cat?post=2851"},{"taxonomy":"product_tag","embeddable":true,"href":"https:\/\/antcube.shop\/de\/wp-json\/wp\/v2\/product_tag?post=2851"}],"curies":[{"name":"wp","href":"https:\/\/api.w.org\/{rel}","templated":true}]}}