{"id":2848,"date":"2021-10-13T18:39:56","date_gmt":"2021-10-13T16:39:56","guid":{"rendered":"https:\/\/antcube.shop\/produkt\/tranke-2ml-360-grad\/"},"modified":"2026-04-08T09:49:29","modified_gmt":"2026-04-08T07:49:29","slug":"tranke-2ml-360-grad","status":"publish","type":"product","link":"https:\/\/antcube.shop\/de\/produkt\/tranke-2ml-360-grad\/","title":{"rendered":"Tr\u00e4nke 2ml - 360 Grad"},"content":{"rendered":"<p><strong>Abmessungen:<\/strong> 30x40x52 mm, 2 ml<\/p>\n<p><strong>Inhalt:<\/strong><br \/>\n1x Fu\u00df mit 24x 0,5mm \u00d6ffnungen<br \/>\n1x Ameisenfutterr\u00f6hre<\/p>\n<p><strong>Material:<\/strong> PLA, PS, PMMA<\/p>\n<p><strong>Beschreibung:<\/strong> So k\u00f6nnen sich die Ameisen in einem Formicarium mit ausreichend Feuchtigkeit versorgen. Ideal auch f\u00fcr die Urlaubssaison. Die 2ml Ameisenfutterr\u00f6hrchen k\u00f6nnen nun in den Fu\u00df eingesetzt werden. Durch die 24 feinen 0,5mm-\u00d6ffnungen, die in 360\u00b0 angeordnet sind, k\u00f6nnen Kolonien mit sehr vielen und sehr kleinen Arten versorgt werden.<\/p>\n<p><strong>Farbe:<\/strong> transparent<\/p>\n<p>&nbsp;<\/p>","protected":false},"excerpt":{"rendered":"<p>Abmessungen: 30x40x52 mm, 2 ml<\/p>","protected":false},"featured_media":305,"comment_status":"open","ping_status":"closed","template":"","meta":{"_acf_changed":false,"content-type":"","_monsterinsights_skip_tracking":false,"_monsterinsights_sitenote_active":false,"_monsterinsights_sitenote_note":"","_monsterinsights_sitenote_category":0},"product_brand":[],"product_cat":[115,117],"product_tag":[],"class_list":{"0":"post-2848","1":"product","2":"type-product","3":"status-publish","4":"has-post-thumbnail","6":"product_cat-food-and-feeding","7":"product_cat-drinkers-for-ants","9":"first","10":"instock","11":"taxable","12":"shipping-taxable","13":"purchasable","14":"product-type-simple"},"acf":[],"aioseo_notices":[],"jetpack_sharing_enabled":true,"_links":{"self":[{"href":"https:\/\/antcube.shop\/de\/wp-json\/wp\/v2\/product\/2848","targetHints":{"allow":["GET"]}}],"collection":[{"href":"https:\/\/antcube.shop\/de\/wp-json\/wp\/v2\/product"}],"about":[{"href":"https:\/\/antcube.shop\/de\/wp-json\/wp\/v2\/types\/product"}],"replies":[{"embeddable":true,"href":"https:\/\/antcube.shop\/de\/wp-json\/wp\/v2\/comments?post=2848"}],"wp:featuredmedia":[{"embeddable":true,"href":"https:\/\/antcube.shop\/de\/wp-json\/wp\/v2\/media\/305"}],"wp:attachment":[{"href":"https:\/\/antcube.shop\/de\/wp-json\/wp\/v2\/media?parent=2848"}],"wp:term":[{"taxonomy":"product_brand","embeddable":true,"href":"https:\/\/antcube.shop\/de\/wp-json\/wp\/v2\/product_brand?post=2848"},{"taxonomy":"product_cat","embeddable":true,"href":"https:\/\/antcube.shop\/de\/wp-json\/wp\/v2\/product_cat?post=2848"},{"taxonomy":"product_tag","embeddable":true,"href":"https:\/\/antcube.shop\/de\/wp-json\/wp\/v2\/product_tag?post=2848"}],"curies":[{"name":"wp","href":"https:\/\/api.w.org\/{rel}","templated":true}]}}