{"id":2841,"date":"2021-10-13T18:37:30","date_gmt":"2021-10-13T16:37:30","guid":{"rendered":"https:\/\/antcube.shop\/produkt\/food-mix-set-standard\/"},"modified":"2026-04-06T15:55:35","modified_gmt":"2026-04-06T13:55:35","slug":"food-mix-set-standard","status":"publish","type":"product","link":"https:\/\/antcube.shop\/de\/produkt\/food-mix-set-standard\/","title":{"rendered":"Lebensmittel-Mix-Set - Standard"},"content":{"rendered":"<p><strong>Inhalt:<\/strong> 2ml pro Zuf\u00fchrungsschlauch<br \/>\n2x Eiwei\u00dffutter (PP)<br \/>\n2x Eiwei\u00dffutter FD-Insekten (PI)<br \/>\n2x kohlenhydrathaltige Lebensmittel (K)<br \/>\n2x Fruchtfutter (F)<br \/>\n2x Zucker-Honig-L\u00f6sung (ZH)<br \/>\n1x Schwamm<\/p>\n<p><span data-text-color=\"alert\"><strong>Achtung!<\/strong> <\/span>Bitte mischen Sie das Pulver mit einem Tropfen Wasser, da es im trockenen Zustand von den Tieren nicht angenommen wird!<\/p>\n<p><strong>Beschreibung:<\/strong><br \/>\nDies ist ein Futtermischungsset f\u00fcr verschiedene Ameisenarten, die sich von Kohlenhydraten und Proteinen ern\u00e4hren. Es enth\u00e4lt alles, was die Ameisen f\u00fcr eine ausgewogene Ern\u00e4hrung ben\u00f6tigen. Da die einzelnen Futterrationen in separaten Tuben abgef\u00fcllt sind, lassen sie sich leicht dosieren. Es wird empfohlen, das Eiwei\u00df-, Kohlenhydrat- und Fruchtfutter minimal mit etwas Wasser anzufeuchten. Dies verhindert auch, dass das Pulver bei der Verwendung im \"mittleren\" Formicarium im Loch herausrieselt.<\/p>\n<p><strong>Verwendung\/Anwendung:<\/strong><br \/>\nProteinfutter = f\u00fcr insektenfressende Ameisenarten (Eulipotyphla).<br \/>\nEs ist ein Erg\u00e4nzungsfuttermittel (Mischfuttermittel)<br \/>\nEs sollte mit einem Tropfen Wasser gemischt werden und ist dann nur 1 Tag haltbar, wenn es feucht ist. Reinigen Sie den Futternapf\/die Tube vor der Wiederverwendung gr\u00fcndlich.<br \/>\nEine ge\u00f6ffnete Packung sollte gut verschlossen (bei trockener Lagerung) bis zum angegebenen Mindesthaltbarkeitsdatum verwendet werden.<\/p>\n<p>Proteinfutter FD = f\u00fcr insektenfressende Ameisenarten (Eulipotyphla)<br \/>\nEs handelt sich um ein Erg\u00e4nzungsfuttermittel (Mischfuttermittel).<br \/>\nEs sollte mit einem Tropfen Wasser gemischt werden und ist dann nur 1 Tag haltbar, wenn es feucht ist. Reinigen Sie den Futternapf\/die Tube vor der Wiederverwendung gr\u00fcndlich.<br \/>\nEine ge\u00f6ffnete Packung sollte gut verschlossen (bei trockener Lagerung) bis zum angegebenen Mindesthaltbarkeitsdatum verwendet werden.<\/p>\n<p>Kohlenhydrathaltige Nahrung = f\u00fcr Zucker\/Honig fressende Ameisenarten<br \/>\nEs handelt sich um ein Erg\u00e4nzungsfuttermittel (Mischfuttermittel)<br \/>\nEs kann mit einem Tropfen Wasser gemischt werden und ist dann feucht 3 Tage haltbar. Reinigen Sie den Futternapf\/die Tube vor der Wiederverwendung gr\u00fcndlich.<br \/>\nEine ge\u00f6ffnete Packung ist gut verschlossen (bei trockener Lagerung) bis zum angegebenen Mindesthaltbarkeitsdatum zu verwenden.<\/p>\n<p>Obstnahrung = f\u00fcr fruchtfressende Ameisenarten (Frugivoren)<br \/>\nEs handelt sich um ein Erg\u00e4nzungsfuttermittel (Einzelfuttermittel)<br \/>\nEs kann mit einem Tropfen Wasser gemischt werden und ist im feuchten Zustand 3 Tage haltbar. Reinigen Sie den Futternapf\/die Tube vor der Wiederverwendung gr\u00fcndlich.<br \/>\nEine ge\u00f6ffnete Packung ist gut verschlossen (bei trockener Lagerung) bis zum angegebenen Mindesthaltbarkeitsdatum zu verwenden.<\/p>\n<p>Zucker-Honig-L\u00f6sung = f\u00fcr Zucker\/Honig fressende Ameisenarten.<br \/>\nEs handelt sich um ein Erg\u00e4nzungsfuttermittel (Mischfuttermittel)<br \/>\nEs kann den Tieren im angelieferten Zustand angeboten werden. Da Feuchtigkeit die Zuckerkonzentration verringert und ein G\u00e4rungsprozess einsetzt, sollte das Futter alle 3 Tage ausgetauscht werden. Fressnapf\/R\u00f6hre vor der Wiederverwendung gr\u00fcndlich reinigen.<br \/>\nEine ge\u00f6ffnete Packung sollte fest verschlossen bis zum angegebenen Mindesthaltbarkeitsdatum verwendet werden.<\/p>\n<p><strong>Hinweis:<\/strong><br \/>\nInformationen \u00fcber die Verwendung der Ern\u00e4hrungssonden finden Sie hier: Link<br \/>\nAlleinfuttermittel f\u00fcr insektenfressende Ameisen.<br \/>\nDie Zusammensetzung, die analytischen Bestandteile, das Mindesthaltbarkeitsdatum und die Chargennummer entnehmen Sie bitte der Packungsbeilage.<\/p>\n<p>Informations-Hotline +49 30 439703870<\/p>\n<p>Zust\u00e4ndige Veterin\u00e4r- und Lebensmittel\u00fcberwachungsbeh\u00f6rde:<br \/>\nVeterin\u00e4ramt Steglitz<br \/>\nK\u00f6nigin-Luise-Str. 92<br \/>\n14195 Berlin<\/p>","protected":false},"excerpt":{"rendered":"<p>Alleinfuttermittel<\/p>","protected":false},"featured_media":309,"comment_status":"open","ping_status":"closed","template":"","meta":{"_acf_changed":false,"content-type":"","_monsterinsights_skip_tracking":false,"_monsterinsights_sitenote_active":false,"_monsterinsights_sitenote_note":"","_monsterinsights_sitenote_category":0},"product_brand":[],"product_cat":[115,116],"product_tag":[],"class_list":{"0":"post-2841","1":"product","2":"type-product","3":"status-publish","4":"has-post-thumbnail","6":"product_cat-food-and-feeding","7":"product_cat-food","9":"first","10":"instock","11":"taxable","12":"shipping-taxable","13":"purchasable","14":"product-type-simple"},"acf":[],"aioseo_notices":[],"jetpack_sharing_enabled":true,"_links":{"self":[{"href":"https:\/\/antcube.shop\/de\/wp-json\/wp\/v2\/product\/2841","targetHints":{"allow":["GET"]}}],"collection":[{"href":"https:\/\/antcube.shop\/de\/wp-json\/wp\/v2\/product"}],"about":[{"href":"https:\/\/antcube.shop\/de\/wp-json\/wp\/v2\/types\/product"}],"replies":[{"embeddable":true,"href":"https:\/\/antcube.shop\/de\/wp-json\/wp\/v2\/comments?post=2841"}],"wp:featuredmedia":[{"embeddable":true,"href":"https:\/\/antcube.shop\/de\/wp-json\/wp\/v2\/media\/309"}],"wp:attachment":[{"href":"https:\/\/antcube.shop\/de\/wp-json\/wp\/v2\/media?parent=2841"}],"wp:term":[{"taxonomy":"product_brand","embeddable":true,"href":"https:\/\/antcube.shop\/de\/wp-json\/wp\/v2\/product_brand?post=2841"},{"taxonomy":"product_cat","embeddable":true,"href":"https:\/\/antcube.shop\/de\/wp-json\/wp\/v2\/product_cat?post=2841"},{"taxonomy":"product_tag","embeddable":true,"href":"https:\/\/antcube.shop\/de\/wp-json\/wp\/v2\/product_tag?post=2841"}],"curies":[{"name":"wp","href":"https:\/\/api.w.org\/{rel}","templated":true}]}}