{"id":2839,"date":"2021-10-13T18:37:12","date_gmt":"2021-10-13T16:37:12","guid":{"rendered":"https:\/\/antcube.shop\/produkt\/bodengrund-regenwald-1-kg\/"},"modified":"2026-04-24T10:00:37","modified_gmt":"2026-04-24T08:00:37","slug":"bodengrund-regenwald-1-kg","status":"publish","type":"product","link":"https:\/\/antcube.shop\/de\/produkt\/bodengrund-regenwald-1-kg\/","title":{"rendered":"Substrat - Regenwald - 1 kg"},"content":{"rendered":"<p><strong>Inhalt:<\/strong> 1 kg<\/p>\n<p><strong>Material:<\/strong> Sand, Torf, Humus, Lehm<\/p>\n<p><strong>Farbe:<\/strong> braun, beige<\/p>\n<p><strong>Beschreibung:<\/strong> Dieser nat\u00fcrliche Regenwaldboden besteht aus einer Mischung aus Sand, Torf, Humus und Ton.<br \/>\nEr hat einen etwas geringeren Tongehalt als normale Regenwaldb\u00f6den, was den Ameisen jedoch das Graben erleichtert und von ihnen viel besser angenommen wird. Sie ist f\u00fcr alle Ameisenarten geeignet, die in Regenwaldb\u00f6den oder allgemein in feuchten tropischen Lebensr\u00e4umen leben.<\/p>\n<p><strong>Anwendung:<\/strong> Erdaushub kann f\u00fcr Nest- und Arenabereich verwendet werden!<\/p>\n<p><strong>Anmerkung:<\/strong> Da es sich um ein reines Naturprodukt handelt, kann es kleine Unterschiede in Farbe und Struktur geben, die wir nicht beeinflussen k\u00f6nnen.<\/p>\n<p><strong>Das ist wichtig:<\/strong> Bitte befeuchten Sie das Substrat vor der Verwendung, damit sich die Mischung verbinden und einen festen Halt im Ameisenbau entwickeln kann. Au\u00dferdem kann ein zu trockenes und staubiges Substrat dazu f\u00fchren, dass die Atemwege der Ameisen verstopft werden und die Tiere im schlimmsten Fall ersticken.<\/p>","protected":false},"excerpt":{"rendered":"<p>Nat\u00fcrlicher besonderer Lebensraum Boden\/Substrat<\/p>","protected":false},"featured_media":5501,"comment_status":"open","ping_status":"closed","template":"","meta":{"_acf_changed":false,"content-type":"","_monsterinsights_skip_tracking":false,"_monsterinsights_sitenote_active":false,"_monsterinsights_sitenote_note":"","_monsterinsights_sitenote_category":0},"product_brand":[],"product_cat":[96],"product_tag":[],"class_list":{"0":"post-2839","1":"product","2":"type-product","3":"status-publish","4":"has-post-thumbnail","6":"product_cat-soil","8":"first","9":"instock","10":"taxable","11":"shipping-taxable","12":"purchasable","13":"product-type-simple"},"acf":[],"aioseo_notices":[],"jetpack_sharing_enabled":true,"_links":{"self":[{"href":"https:\/\/antcube.shop\/de\/wp-json\/wp\/v2\/product\/2839","targetHints":{"allow":["GET"]}}],"collection":[{"href":"https:\/\/antcube.shop\/de\/wp-json\/wp\/v2\/product"}],"about":[{"href":"https:\/\/antcube.shop\/de\/wp-json\/wp\/v2\/types\/product"}],"replies":[{"embeddable":true,"href":"https:\/\/antcube.shop\/de\/wp-json\/wp\/v2\/comments?post=2839"}],"wp:featuredmedia":[{"embeddable":true,"href":"https:\/\/antcube.shop\/de\/wp-json\/wp\/v2\/media\/5501"}],"wp:attachment":[{"href":"https:\/\/antcube.shop\/de\/wp-json\/wp\/v2\/media?parent=2839"}],"wp:term":[{"taxonomy":"product_brand","embeddable":true,"href":"https:\/\/antcube.shop\/de\/wp-json\/wp\/v2\/product_brand?post=2839"},{"taxonomy":"product_cat","embeddable":true,"href":"https:\/\/antcube.shop\/de\/wp-json\/wp\/v2\/product_cat?post=2839"},{"taxonomy":"product_tag","embeddable":true,"href":"https:\/\/antcube.shop\/de\/wp-json\/wp\/v2\/product_tag?post=2839"}],"curies":[{"name":"wp","href":"https:\/\/api.w.org\/{rel}","templated":true}]}}