{"id":2829,"date":"2021-10-13T18:35:37","date_gmt":"2021-10-13T16:35:37","guid":{"rendered":"https:\/\/antcube.shop\/produkt\/formicarienstopfen-fur-50mm-bohrung\/"},"modified":"2026-04-14T19:51:10","modified_gmt":"2026-04-14T17:51:10","slug":"formicarienstopfen-fur-50mm-bohrung","status":"publish","type":"product","link":"https:\/\/antcube.shop\/de\/produkt\/formicarienstopfen-fur-50mm-bohrung\/","title":{"rendered":"Formicarium-Stopfen f\u00fcr 50-mm-Loch"},"content":{"rendered":"<p><strong>Menge:<\/strong> 1 St\u00fcck<\/p>\n<p><strong>Abmessungen:<\/strong> 59 x 10 mm<\/p>\n<p><strong>Material:<\/strong> PE-Kunststoff<\/p>\n<p><strong>Farbe:<\/strong> transparent, milchig<\/p>\n<p><strong>Beschreibung:<\/strong> Zum Verschlie\u00dfen von runden \u00d6ffnungen in Formicarien mit 50 mm Durchmesser.<\/p>\n<p><strong>Optional mit Loch:<\/strong><br \/>\n- 20mm Bohrung passend f\u00fcr Tankrohranschl\u00fcsse 27mm - 14, 16, 20mm - transparent.<br \/>\n- 27-mm-Bohrung passend f\u00fcr 3\/4-Zoll- und M25-Anschl\u00fcsse<\/p>","protected":false},"excerpt":{"rendered":"<p>Menge: 1 St\u00fcck Abmessungen: 59 x 10mm Material: PE-Kunststoff Farbe: transparent, milchig Beschreibung: Zum Verschlie\u00dfen von runden \u00d6ffnungen in Formicarien mit 50mm Durchmesser. Optional mit Loch: - 20mm Bohrung passend f\u00fcr Tankschlauchanschl\u00fcsse 27mm - 14, 16, 20mm - transparent. - 27mm Bohrung passend f\u00fcr 3\/4 Zoll und M25 Fittings<\/p>","protected":false},"featured_media":343,"comment_status":"open","ping_status":"closed","template":"","meta":{"_acf_changed":false,"content-type":"","_monsterinsights_skip_tracking":false,"_monsterinsights_sitenote_active":false,"_monsterinsights_sitenote_note":"","_monsterinsights_sitenote_category":0},"product_brand":[],"product_cat":[238],"product_tag":[],"class_list":{"0":"post-2829","1":"product","2":"type-product","3":"status-publish","4":"has-post-thumbnail","6":"product_cat-grid-caps-plugs-and-inserts","8":"first","9":"instock","10":"taxable","11":"shipping-taxable","12":"purchasable","13":"product-type-simple"},"acf":[],"aioseo_notices":[],"jetpack_sharing_enabled":true,"_links":{"self":[{"href":"https:\/\/antcube.shop\/de\/wp-json\/wp\/v2\/product\/2829","targetHints":{"allow":["GET"]}}],"collection":[{"href":"https:\/\/antcube.shop\/de\/wp-json\/wp\/v2\/product"}],"about":[{"href":"https:\/\/antcube.shop\/de\/wp-json\/wp\/v2\/types\/product"}],"replies":[{"embeddable":true,"href":"https:\/\/antcube.shop\/de\/wp-json\/wp\/v2\/comments?post=2829"}],"wp:featuredmedia":[{"embeddable":true,"href":"https:\/\/antcube.shop\/de\/wp-json\/wp\/v2\/media\/343"}],"wp:attachment":[{"href":"https:\/\/antcube.shop\/de\/wp-json\/wp\/v2\/media?parent=2829"}],"wp:term":[{"taxonomy":"product_brand","embeddable":true,"href":"https:\/\/antcube.shop\/de\/wp-json\/wp\/v2\/product_brand?post=2829"},{"taxonomy":"product_cat","embeddable":true,"href":"https:\/\/antcube.shop\/de\/wp-json\/wp\/v2\/product_cat?post=2829"},{"taxonomy":"product_tag","embeddable":true,"href":"https:\/\/antcube.shop\/de\/wp-json\/wp\/v2\/product_tag?post=2829"}],"curies":[{"name":"wp","href":"https:\/\/api.w.org\/{rel}","templated":true}]}}