{"id":2826,"date":"2021-10-13T18:34:38","date_gmt":"2021-10-13T16:34:38","guid":{"rendered":"https:\/\/antcube.shop\/produkt\/schaumstoffwischer-150x18x25mm-5er-pack\/"},"modified":"2026-04-08T16:06:12","modified_gmt":"2026-04-08T14:06:12","slug":"schaumstoffwischer-150x18x25mm-5er-pack","status":"publish","type":"product","link":"https:\/\/antcube.shop\/de\/produkt\/schaumstoffwischer-150x18x25mm-5er-pack\/","title":{"rendered":"Schaumstoffwischer 150x18x2,5mm - 5er-Pack"},"content":{"rendered":"<p><strong>Abmessungen:<\/strong> 150mm L\u00e4nge, Schaumstoffkopf 40x40x20mm.<\/p>\n<p><strong>Menge:<\/strong> 5 Stk.<\/p>\n<p><strong>Material:<\/strong> Schaumstoff, PS<\/p>\n<p><strong>Beschreibung:<\/strong><br \/>\nSchaumstoffwischer mit quadratischem Kopf f\u00fcr verschiedene Anwendungen.<br \/>\nBeispiele:<br \/>\n1.) Fenster zu reinigen.<\/p>\n<p>2.) Als Honigschwamm<\/p>\n<p>3.) Als Tr\u00e4nke, da sie Wasser ansaugt<\/p>\n<p>4.) das Ausbruchsschutz\u00f6l aufzutragen<\/p>\n<p>&nbsp;<\/p>","protected":false},"excerpt":{"rendered":"<p>Abmessungen: 150mm L\u00e4nge, Schaumstoffkopf 40x40x20mm. Menge: 5 St\u00fcck. Material: Schaumstoff, PS Beschreibung: Schaumstoffwischer mit quadratischem Kopf f\u00fcr verschiedene Anwendungen. Beispiele: 1.) zum Reinigen von Fenstern. 2.) Als Honigschwamm 3.) Als Tr\u00e4nke, da er Wasser aufsaugt 4.) zum Auftragen des Ausbruchsschutz\u00f6ls &nbsp;<\/p>","protected":false},"featured_media":307,"comment_status":"open","ping_status":"closed","template":"","meta":{"_acf_changed":false,"content-type":"","_monsterinsights_skip_tracking":false,"_monsterinsights_sitenote_active":false,"_monsterinsights_sitenote_note":"","_monsterinsights_sitenote_category":0},"product_brand":[],"product_cat":[237],"product_tag":[],"class_list":{"0":"post-2826","1":"product","2":"type-product","3":"status-publish","4":"has-post-thumbnail","6":"product_cat-tools","8":"first","9":"instock","10":"taxable","11":"shipping-taxable","12":"purchasable","13":"product-type-simple"},"acf":[],"aioseo_notices":[],"jetpack_sharing_enabled":true,"_links":{"self":[{"href":"https:\/\/antcube.shop\/de\/wp-json\/wp\/v2\/product\/2826","targetHints":{"allow":["GET"]}}],"collection":[{"href":"https:\/\/antcube.shop\/de\/wp-json\/wp\/v2\/product"}],"about":[{"href":"https:\/\/antcube.shop\/de\/wp-json\/wp\/v2\/types\/product"}],"replies":[{"embeddable":true,"href":"https:\/\/antcube.shop\/de\/wp-json\/wp\/v2\/comments?post=2826"}],"wp:featuredmedia":[{"embeddable":true,"href":"https:\/\/antcube.shop\/de\/wp-json\/wp\/v2\/media\/307"}],"wp:attachment":[{"href":"https:\/\/antcube.shop\/de\/wp-json\/wp\/v2\/media?parent=2826"}],"wp:term":[{"taxonomy":"product_brand","embeddable":true,"href":"https:\/\/antcube.shop\/de\/wp-json\/wp\/v2\/product_brand?post=2826"},{"taxonomy":"product_cat","embeddable":true,"href":"https:\/\/antcube.shop\/de\/wp-json\/wp\/v2\/product_cat?post=2826"},{"taxonomy":"product_tag","embeddable":true,"href":"https:\/\/antcube.shop\/de\/wp-json\/wp\/v2\/product_tag?post=2826"}],"curies":[{"name":"wp","href":"https:\/\/api.w.org\/{rel}","templated":true}]}}