{"id":2825,"date":"2021-10-13T18:33:32","date_gmt":"2021-10-13T16:33:32","guid":{"rendered":"https:\/\/antcube.shop\/produkt\/ytongnest-20x20\/"},"modified":"2026-04-16T20:25:13","modified_gmt":"2026-04-16T18:25:13","slug":"ytongnest-20x20-2","status":"publish","type":"product","link":"https:\/\/antcube.shop\/de\/produkt\/ytongnest-20x20-2\/","title":{"rendered":"Ytongnest - 20\u00d720"},"content":{"rendered":"<p><strong>Material:<\/strong> Porenbeton, Glas, Kunststoff PMMA und PVC<\/p>\n<p><strong>Verbindung:<\/strong> 2x 14mm L\u00f6cher<\/p>\n<p><strong>Inhalt:<\/strong><br \/>\n1x Porenbetonblock 20x20x5 cm mit 20 mm tiefen Kammern.<br \/>\n1x Glasplatte 20\u00d720 cm mit einer \u00d6ffnung von 50 mm<br \/>\n1x 50mm Ring mit 27mm \u00d6ffnung<br \/>\n2x Formicarium-Stopfen 13mm<br \/>\n1x Formicarium-Stopfen 27mm<\/p>\n<p><strong>Beschreibung:<\/strong><br \/>\nYtong ist ein Markenname, das Material selbst wird Porenbeton genannt.<br \/>\nAufgrund der wasserspeichernden Eigenschaft ist das Material gut f\u00fcr die Ameisenhaltung geeignet.<br \/>\nEs ist m\u00f6glich, darin eine gro\u00dfe Anzahl von grabenden Arten zu halten, sowohl aus trockenen als auch aus feuchten Lebensr\u00e4umen.<br \/>\nJe nach Ameisenart ist es empfehlenswert, den Boden der Kammern mit Erdsubstrat zu bedecken. Einige Arten f\u00fchlen sich auf diese Weise wohler, und zum Beispiel Ponerinae-Ameisenarten brauchen Erde, damit sich ihre Larven richtig verpuppen k\u00f6nnen.<br \/>\nWir empfehlen, eine Arena am Nest zu befestigen, um es als vollwertiges Formicarium zu nutzen.<\/p>\n<p><strong>Tipp:<\/strong><br \/>\nUm zu verhindern, dass Wasser nach dem Befeuchten der Nestfl\u00e4che aus dem Ytong ausl\u00e4uft und sich auf der Oberfl\u00e4che der darunter liegenden M\u00f6bel sammelt oder das raue Material die Oberfl\u00e4chen zerkratzt, empfehlen wir, zu unseren Ytong-Nestern eine unserer passenden Glaswannen zu bestellen. Diese sind wasserdicht und sch\u00fctzen so die darunter liegenden Fl\u00e4chen effektiv vor Wasser- und Kratzsch\u00e4den.<\/p>\n<p><strong>Verwendung:<\/strong><br \/>\n<strong>F\u00fcr Ameisenarten der Gr\u00f6\u00dfe M - L.<\/strong><br \/>\nPorenbeton ist ein sehr spr\u00f6des und zerbrechliches Material. Daher l\u00e4sst es sich aufgrund des Herstellungsprozesses nicht vermeiden, dass Ecken und Kanten leichte Br\u00fcche und Unebenheiten aufweisen.<br \/>\nAus diesem Grund sind Ytong-Nester f\u00fcr sehr kleine Ameisenarten der Gr\u00f6\u00dfe S nicht geeignet, da diese Arten hier leicht ausbrechen k\u00f6nnten.<\/p>","protected":false},"excerpt":{"rendered":"<p>Anschluss: 2x 14mm \u00d6ffnung<br \/>\nGr\u00f6\u00dfe: <strong><span style=\"color: #339966;\">M<\/span><\/strong><strong> &#8211; <span style=\"color: #0000ff;\">L<\/span><\/strong><\/p>","protected":false},"featured_media":3010,"comment_status":"open","ping_status":"closed","template":"","meta":{"_acf_changed":false,"content-type":"","_monsterinsights_skip_tracking":false,"_monsterinsights_sitenote_active":false,"_monsterinsights_sitenote_note":"","_monsterinsights_sitenote_category":0},"product_brand":[],"product_cat":[80,86],"product_tag":[],"class_list":{"0":"post-2825","1":"product","2":"type-product","3":"status-publish","4":"has-post-thumbnail","6":"product_cat-antfarms","7":"product_cat-formicariums","9":"first","10":"instock","11":"taxable","12":"shipping-taxable","13":"purchasable","14":"product-type-simple"},"acf":[],"aioseo_notices":[],"jetpack_sharing_enabled":true,"_links":{"self":[{"href":"https:\/\/antcube.shop\/de\/wp-json\/wp\/v2\/product\/2825","targetHints":{"allow":["GET"]}}],"collection":[{"href":"https:\/\/antcube.shop\/de\/wp-json\/wp\/v2\/product"}],"about":[{"href":"https:\/\/antcube.shop\/de\/wp-json\/wp\/v2\/types\/product"}],"replies":[{"embeddable":true,"href":"https:\/\/antcube.shop\/de\/wp-json\/wp\/v2\/comments?post=2825"}],"wp:featuredmedia":[{"embeddable":true,"href":"https:\/\/antcube.shop\/de\/wp-json\/wp\/v2\/media\/3010"}],"wp:attachment":[{"href":"https:\/\/antcube.shop\/de\/wp-json\/wp\/v2\/media?parent=2825"}],"wp:term":[{"taxonomy":"product_brand","embeddable":true,"href":"https:\/\/antcube.shop\/de\/wp-json\/wp\/v2\/product_brand?post=2825"},{"taxonomy":"product_cat","embeddable":true,"href":"https:\/\/antcube.shop\/de\/wp-json\/wp\/v2\/product_cat?post=2825"},{"taxonomy":"product_tag","embeddable":true,"href":"https:\/\/antcube.shop\/de\/wp-json\/wp\/v2\/product_tag?post=2825"}],"curies":[{"name":"wp","href":"https:\/\/api.w.org\/{rel}","templated":true}]}}