{"id":2824,"date":"2021-10-13T18:33:13","date_gmt":"2021-10-13T16:33:13","guid":{"rendered":"https:\/\/antcube.shop\/produkt\/food-mix-set-fur-kornersammler\/"},"modified":"2026-04-28T17:20:02","modified_gmt":"2026-04-28T15:20:02","slug":"food-mix-set-fur-kornersammler","status":"publish","type":"product","link":"https:\/\/antcube.shop\/de\/produkt\/food-mix-set-fur-kornersammler\/","title":{"rendered":"Futter-Mix-Set - f\u00fcr K\u00f6rner sammelnde Ameisen"},"content":{"rendered":"<p><strong>Inhalt:<\/strong> 2ml pro Zuf\u00fchrungsschlauch<br \/>\n2x Getreidefutter Minor (Mi)<br \/>\n1x K\u00f6rnerfutter Media (Me)<br \/>\n1x Getreidefutter Major (Ma)<br \/>\n1x Bl\u00fctenpollen (B)<br \/>\n1x Kohlenhydratfutter (K)<br \/>\n2x Eiwei\u00dffuttermittel (PP)<br \/>\n1x Eiwei\u00dffuttermittel FD-Insekten Pi)<br \/>\n1x Fruchtfutter (F)<\/p>\n<p><span data-text-color=\"alert\"><strong>Achtung!<\/strong> <\/span>Bitte mischen Sie das Pulver mit einem Tropfen Wasser, da es im trockenen Zustand von den Tieren nicht angenommen wird!<\/p>\n<p><strong>Beschreibung:<\/strong> Dies ist ein Futterset f\u00fcr k\u00f6rnersammelnde Arten wie die Gattung Messor und enth\u00e4lt Proteine, Kohlenhydrate und K\u00f6rner\/Samen f\u00fcr alle Arbeiterk\u00e4sten. Da sich die einzelnen Futterrationen in separaten Tuben befinden, sind sie leicht zu dosieren.<\/p>\n<p><strong>Verwendung \/ Anwendung:<\/strong><br \/>\nProteinfutter = f\u00fcr insektenfressende Ameisenarten (Eulipotyphla).<br \/>\nEs ist ein Erg\u00e4nzungsfuttermittel (Mischfuttermittel)<br \/>\nEs sollte mit einem Tropfen Wasser gemischt werden und ist dann im feuchten Zustand nur 1 Tag haltbar. Reinigen Sie den Futternapf\/die Tube vor der Wiederverwendung gr\u00fcndlich.<br \/>\nEine ge\u00f6ffnete Packung sollte gut verschlossen (bei trockener Lagerung) bis zum angegebenen Mindesthaltbarkeitsdatum verwendet werden.<\/p>\n<p>Proteinfutter FD = f\u00fcr insektenfressende Ameisenarten (Eulipotyphla)<br \/>\nEs handelt sich um ein Erg\u00e4nzungsfuttermittel (Mischfuttermittel).<br \/>\nEs sollte mit einem Tropfen Wasser gemischt werden und ist dann nur 1 Tag haltbar, wenn es feucht ist. Reinigen Sie den Futternapf\/die Tube vor der Wiederverwendung gr\u00fcndlich.<br \/>\nEine ge\u00f6ffnete Packung sollte gut verschlossen (bei trockener Lagerung) bis zum angegebenen Mindesthaltbarkeitsdatum verwendet werden.<\/p>\n<p>Kohlenhydrathaltige Nahrung = f\u00fcr Zucker\/Honig fressende Ameisenarten<br \/>\nEs handelt sich um ein Erg\u00e4nzungsfuttermittel (Mischfuttermittel)<br \/>\nEs kann mit einem Tropfen Wasser gemischt werden und ist dann feucht 3 Tage haltbar. Reinigen Sie den Futternapf\/die Tube vor der Wiederverwendung gr\u00fcndlich.<br \/>\nEine ge\u00f6ffnete Packung ist gut verschlossen (bei trockener Lagerung) bis zum angegebenen Mindesthaltbarkeitsdatum zu verwenden.<\/p>\n<p>Obstnahrung = f\u00fcr fruchtfressende Ameisenarten (Frugivoren)<br \/>\nEs handelt sich um ein Erg\u00e4nzungsfuttermittel (Einzelfuttermittel)<br \/>\nEs kann mit einem Tropfen Wasser gemischt werden und ist im feuchten Zustand 3 Tage haltbar. Reinigen Sie den Futternapf\/die Tube vor der Wiederverwendung gr\u00fcndlich.<br \/>\nEine ge\u00f6ffnete Packung ist gut verschlossen (bei trockener Lagerung) bis zum angegebenen Mindesthaltbarkeitsdatum zu verwenden.<\/p>\n<p>Bl\u00fctenpollen = f\u00fcr bl\u00fctenpollenfressende Ameisenarten.<br \/>\nEs handelt sich um ein Erg\u00e4nzungsfuttermittel (Einzelfuttermittel)<br \/>\nEs kann den Tieren im angelieferten Zustand angeboten werden. Da Feuchtigkeit die Konsistenz aufweicht, sollte das Futter alle 5 Tage ausgetauscht werden. Reinigen Sie den Futternapf\/die Tube vor der Wiederverwendung gr\u00fcndlich.<br \/>\nEine ge\u00f6ffnete Packung sollte gut verschlossen (bei trockener Lagerung) bis zum angegebenen Mindesthaltbarkeitsdatum verwendet werden.<\/p>\n<p>K\u00f6rnerfutter Geringf\u00fcgig<br \/>\nK\u00f6rnerfuttermittel Medien<br \/>\nK\u00f6rnernahrung Major = f\u00fcr K\u00f6rner fressende Ameisenarten = (K\u00f6rnerfresser)<br \/>\nEs ist ein Erg\u00e4nzungsfuttermittel (Mischfuttermittel)<br \/>\nEs kann den Tieren im angelieferten Zustand angeboten werden. Der Futternapf\/die Futterr\u00f6hre sollte an einem trockenen Ort aufgestellt werden. In feuchtem Zustand k\u00f6nnen die K\u00f6rner (Samen) zu keimen beginnen. Wenn dies bemerkt wird, sollte das Futter ausgetauscht werden.<br \/>\nEine ge\u00f6ffnete Packung sollte gut verschlossen (bei trockener Lagerung) bis zum angegebenen Mindesthaltbarkeitsdatum verwendet werden.<\/p>\n<p><strong>Hinweis:<\/strong><br \/>\nInformationen zur Verwendung der Futterr\u00f6hren finden Sie hier: Link<br \/>\nAlleinfuttermittel f\u00fcr k\u00f6rnerfressende Ameisen.<br \/>\nDie Zusammensetzung, die analytischen Bestandteile, das Mindesthaltbarkeitsdatum und die Chargennummer entnehmen Sie bitte der Packungsbeilage.<\/p>\n<p>Informations-Hotline +49 30 439703870<\/p>\n<p>Zust\u00e4ndige Veterin\u00e4r- und Lebensmittel\u00fcberwachungsbeh\u00f6rde:<br \/>\nVeterin\u00e4ramt Steglitz<br \/>\nK\u00f6nigin-Luise-Str. 92<br \/>\n14195 Berlin<\/p>\n<p>&nbsp;<\/p>","protected":false},"excerpt":{"rendered":"<p>Alleinfuttermittel<\/p>","protected":false},"featured_media":308,"comment_status":"open","ping_status":"closed","template":"","meta":{"_acf_changed":false,"content-type":"","_monsterinsights_skip_tracking":false,"_monsterinsights_sitenote_active":false,"_monsterinsights_sitenote_note":"","_monsterinsights_sitenote_category":0},"product_brand":[],"product_cat":[115,116],"product_tag":[],"class_list":{"0":"post-2824","1":"product","2":"type-product","3":"status-publish","4":"has-post-thumbnail","6":"product_cat-food-and-feeding","7":"product_cat-food","9":"first","10":"instock","11":"taxable","12":"shipping-taxable","13":"purchasable","14":"product-type-simple"},"acf":[],"aioseo_notices":[],"jetpack_sharing_enabled":true,"_links":{"self":[{"href":"https:\/\/antcube.shop\/de\/wp-json\/wp\/v2\/product\/2824","targetHints":{"allow":["GET"]}}],"collection":[{"href":"https:\/\/antcube.shop\/de\/wp-json\/wp\/v2\/product"}],"about":[{"href":"https:\/\/antcube.shop\/de\/wp-json\/wp\/v2\/types\/product"}],"replies":[{"embeddable":true,"href":"https:\/\/antcube.shop\/de\/wp-json\/wp\/v2\/comments?post=2824"}],"wp:featuredmedia":[{"embeddable":true,"href":"https:\/\/antcube.shop\/de\/wp-json\/wp\/v2\/media\/308"}],"wp:attachment":[{"href":"https:\/\/antcube.shop\/de\/wp-json\/wp\/v2\/media?parent=2824"}],"wp:term":[{"taxonomy":"product_brand","embeddable":true,"href":"https:\/\/antcube.shop\/de\/wp-json\/wp\/v2\/product_brand?post=2824"},{"taxonomy":"product_cat","embeddable":true,"href":"https:\/\/antcube.shop\/de\/wp-json\/wp\/v2\/product_cat?post=2824"},{"taxonomy":"product_tag","embeddable":true,"href":"https:\/\/antcube.shop\/de\/wp-json\/wp\/v2\/product_tag?post=2824"}],"curies":[{"name":"wp","href":"https:\/\/api.w.org\/{rel}","templated":true}]}}