{"id":2823,"date":"2021-10-13T18:33:03","date_gmt":"2021-10-13T16:33:03","guid":{"rendered":"https:\/\/antcube.shop\/produkt\/becken-schlauchverbinder-27mm-14-16-20-mm-transparent\/"},"modified":"2026-04-26T18:41:43","modified_gmt":"2026-04-26T16:41:43","slug":"becken-schlauchverbinder-27mm-14-16-20-mm-transparent","status":"publish","type":"product","link":"https:\/\/antcube.shop\/de\/produkt\/becken-schlauchverbinder-27mm-14-16-20-mm-transparent\/","title":{"rendered":"Becken-Schlauchverbinder f\u00fcr 27 mm - 14, 16, 20 mm - transparent"},"content":{"rendered":"<p><strong>Abmessungen:\u00a0<\/strong><br \/>\nInnendurchmesser = 14 mm<br \/>\nAu\u00dfendurchmesser = 16 mm (erste Stufe), 20 mm (zweite Stufe)<br \/>\nL\u00e4nge = 36 mm<\/p>\n<p><strong>Inhalt:<\/strong><br \/>\n1x Beckenschlauchanschluss<br \/>\n1x Klemmring<\/p>\n<p><strong>Verbindung:<\/strong><br \/>\nBecken : Passt in 27mm (3\/4\u2033) L\u00f6cher mit einer Wandst\u00e4rke von 4mm!<br \/>\nSchl\u00e4uche: 14\/10-Schlauch wird fest in die Buchse 14mm eingef\u00fchrt<br \/>\nDer 20\/16-Schlauch ist fest auf der ersten 16-mm-Stufe angebracht.<br \/>\n22\/18-Schlauch wird auf der zweiten 20mm-Stufe befestigt<br \/>\n24\/20-Schlauch wird lose auf die zweite 20mm-Stufe montiert<\/p>\n<p><strong>Beschreibung:<\/strong><br \/>\nDieser Beckenverbinder wird durch das 27mm Loch mit einer Glaswandst\u00e4rke von 4mm gesteckt. Ein Klemmring fixiert den Anschluss an das Glasbecken. Am anderen Ende der Muffe k\u00f6nnen Schl\u00e4uche mit 14mm Au\u00dfendurchmesser oder 16mm bzw. 20mm Innendurchmesser befestigt werden.<\/p>","protected":false},"excerpt":{"rendered":"<p>Abmessungen: Innendurchmesser = 14mm Au\u00dfendurchmesser = 16mm (erste Stufe), 20mm (zweite Stufe) L\u00e4nge = 36mm Inhalt: 1x Waschbeckenschlauchanschluss 1x Klemmring Anschluss: Becken: Passt in 27mm (3\/4\") L\u00f6cher mit einer Wandst\u00e4rke von 4mm! Schl\u00e4uche: 14\/10-Schlauch wird fest in die Muffe gesteckt 14mm 20\/16-Schlauch wird fest auf die Muffe gesteckt","protected":false},"featured_media":357,"comment_status":"open","ping_status":"closed","template":"","meta":{"_acf_changed":false,"content-type":"","_monsterinsights_skip_tracking":false,"_monsterinsights_sitenote_active":false,"_monsterinsights_sitenote_note":"","_monsterinsights_sitenote_category":0},"product_brand":[],"product_cat":[121],"product_tag":[],"class_list":{"0":"post-2823","1":"product","2":"type-product","3":"status-publish","4":"has-post-thumbnail","6":"product_cat-connectors","8":"first","9":"instock","10":"taxable","11":"shipping-taxable","12":"purchasable","13":"product-type-simple"},"acf":[],"aioseo_notices":[],"jetpack_sharing_enabled":true,"_links":{"self":[{"href":"https:\/\/antcube.shop\/de\/wp-json\/wp\/v2\/product\/2823","targetHints":{"allow":["GET"]}}],"collection":[{"href":"https:\/\/antcube.shop\/de\/wp-json\/wp\/v2\/product"}],"about":[{"href":"https:\/\/antcube.shop\/de\/wp-json\/wp\/v2\/types\/product"}],"replies":[{"embeddable":true,"href":"https:\/\/antcube.shop\/de\/wp-json\/wp\/v2\/comments?post=2823"}],"wp:featuredmedia":[{"embeddable":true,"href":"https:\/\/antcube.shop\/de\/wp-json\/wp\/v2\/media\/357"}],"wp:attachment":[{"href":"https:\/\/antcube.shop\/de\/wp-json\/wp\/v2\/media?parent=2823"}],"wp:term":[{"taxonomy":"product_brand","embeddable":true,"href":"https:\/\/antcube.shop\/de\/wp-json\/wp\/v2\/product_brand?post=2823"},{"taxonomy":"product_cat","embeddable":true,"href":"https:\/\/antcube.shop\/de\/wp-json\/wp\/v2\/product_cat?post=2823"},{"taxonomy":"product_tag","embeddable":true,"href":"https:\/\/antcube.shop\/de\/wp-json\/wp\/v2\/product_tag?post=2823"}],"curies":[{"name":"wp","href":"https:\/\/api.w.org\/{rel}","templated":true}]}}