{"id":2820,"date":"2021-10-13T18:28:23","date_gmt":"2021-10-13T16:28:23","guid":{"rendered":"https:\/\/antcube.shop\/produkt\/ameisen-ausbruchsschutz-ol-10ml\/"},"modified":"2026-04-17T21:44:09","modified_gmt":"2026-04-17T19:44:09","slug":"ameisen-ausbruchsschutz-ol-10ml","status":"publish","type":"product","link":"https:\/\/antcube.shop\/de\/produkt\/ameisen-ausbruchsschutz-ol-10ml\/","title":{"rendered":"Ameisenflucht-Schutz\u00f6l 10ml"},"content":{"rendered":"<p><strong>Inhalt:<\/strong> 10 ml (reicht f\u00fcr ca. 10-15 Meter eines 2 cm breiten Streifens)<\/p>\n<p><strong>Farbe:<\/strong> transparent, farblos<\/p>\n<p><strong>Material:<\/strong> auf Paraffin\u00f6lbasis<\/p>\n<p><strong>Vorteil:<\/strong> Kann auf allen glatten Oberfl\u00e4chen wie Glas oder Kunststoff angebracht werden:<\/p>\n<p><strong>Nachteil:<\/strong> Bei gro\u00dfen Kolonien k\u00f6nnen die Tiere das \u00d6l auf der Scheibe verteilen, indem sie auf der \u00d6loberfl\u00e4che laufen, so dass die Scheibe mit der Zeit gereinigt werden muss.<\/p>\n<p><strong>Anwendung:<\/strong> Die Folie sollte am inneren Rand etwa dreimal so breit sein wie die Ameisen lang sind und ohne zu tropfen aufgetragen werden.<\/p>\n<p><strong>Erneuerung:<\/strong> 2-4 Monate, je nach Gr\u00f6\u00dfe der Kolonie und Jahreszeit.<\/p>\n<p><strong>Anmerkung:<\/strong> Die Tiere sollten nur mit den \"F\u00fc\u00dfen\" mit dem \u00d6l in Ber\u00fchrung kommen. Bei gro\u00dfer Tropfbildung besteht die Gefahr, dass die Tiere mit dem Kopf in den Tropf geraten und am \u00d6l ersticken.<\/p>\n<p><a href=\"https:\/\/antcube.shop\/wp-content\/uploads\/2022\/02\/ant_escape_protection_oil_en.pdf\">Sicherheitsdatenblatt f\u00fcr Ameisenausbruchsschutz\u00f6l, (PDF 0,1 MB)<\/a><br \/>\n(Enth\u00e4lt: Sicherheitshinweise)<\/p>\n<p>&nbsp;<\/p>","protected":false},"excerpt":{"rendered":"<p>Inhalt: 10 ml (reicht f\u00fcr ca. 10-15 Meter eines 2 cm breiten Streifens) Farbe: transparent, farblos Material: auf Paraffin\u00f6lbasis Vorteil: Kann auf alle glatten Oberfl\u00e4chen wie Glas oder Kunststoff aufgetragen werden: Nachteil: Bei gro\u00dfen Kolonien k\u00f6nnen die Tiere das \u00d6l auf der Scheibe verteilen, indem sie auf der \u00d6lfl\u00e4che laufen,","protected":false},"featured_media":303,"comment_status":"open","ping_status":"closed","template":"","meta":{"_acf_changed":false,"content-type":"","_monsterinsights_skip_tracking":false,"_monsterinsights_sitenote_active":false,"_monsterinsights_sitenote_note":"","_monsterinsights_sitenote_category":0},"product_brand":[],"product_cat":[237],"product_tag":[],"class_list":{"0":"post-2820","1":"product","2":"type-product","3":"status-publish","4":"has-post-thumbnail","6":"product_cat-tools","8":"first","9":"instock","10":"taxable","11":"shipping-taxable","12":"purchasable","13":"product-type-simple"},"acf":[],"aioseo_notices":[],"jetpack_sharing_enabled":true,"_links":{"self":[{"href":"https:\/\/antcube.shop\/de\/wp-json\/wp\/v2\/product\/2820","targetHints":{"allow":["GET"]}}],"collection":[{"href":"https:\/\/antcube.shop\/de\/wp-json\/wp\/v2\/product"}],"about":[{"href":"https:\/\/antcube.shop\/de\/wp-json\/wp\/v2\/types\/product"}],"replies":[{"embeddable":true,"href":"https:\/\/antcube.shop\/de\/wp-json\/wp\/v2\/comments?post=2820"}],"wp:featuredmedia":[{"embeddable":true,"href":"https:\/\/antcube.shop\/de\/wp-json\/wp\/v2\/media\/303"}],"wp:attachment":[{"href":"https:\/\/antcube.shop\/de\/wp-json\/wp\/v2\/media?parent=2820"}],"wp:term":[{"taxonomy":"product_brand","embeddable":true,"href":"https:\/\/antcube.shop\/de\/wp-json\/wp\/v2\/product_brand?post=2820"},{"taxonomy":"product_cat","embeddable":true,"href":"https:\/\/antcube.shop\/de\/wp-json\/wp\/v2\/product_cat?post=2820"},{"taxonomy":"product_tag","embeddable":true,"href":"https:\/\/antcube.shop\/de\/wp-json\/wp\/v2\/product_tag?post=2820"}],"curies":[{"name":"wp","href":"https:\/\/api.w.org\/{rel}","templated":true}]}}