{"id":2751,"date":"2021-10-08T12:07:03","date_gmt":"2021-10-08T10:07:03","guid":{"rendered":"https:\/\/antcube.shop\/produkt\/antcube-starter-set-m-20x20-wiese\/"},"modified":"2026-04-16T19:23:51","modified_gmt":"2026-04-16T17:23:51","slug":"antcube-starter-set-m-20x20-wiese","status":"publish","type":"product","link":"https:\/\/antcube.shop\/de\/produkt\/antcube-starter-set-m-20x20-wiese\/","title":{"rendered":"ANTCUBE Starter Set M - 20\u00d720 - Wiese"},"content":{"rendered":"<p><strong>Inhalt:<\/strong><br \/>\n1x ANTCUBE - Arena 20x20x10 - flach<br \/>\n1x Ameisenarena-Rahmen 20\u00d720<br \/>\n1x Ameisenarena-Abdeckung 20\u00d720<br \/>\n4x Befestigungspunkt f\u00fcr Arenadeckel<br \/>\n2x ANTCUBE - Ameisenfarm - L - 20\u00d720 - stehend<\/p>\n<p>1x 0,5m Schlauch transparent 14\/10 mm<br \/>\n1x ANTCUBE - Rote Folie 20\u00d720 - Filter<br \/>\n1x Klebeklammern - transparent 2 Stk.<br \/>\n1x Substrat - Wiese - 1kg<br \/>\n1x Formicarium Granulat 200ml - beige<\/p>\n<p>2x Grid insert acrylic &#8211; 50 mm with sealing ring<br \/>\n1x Grid insert acrylic &#8211; 27 mm with sealing ring<br \/>\n1x Grid cap &#8211; 10mm &#8211; stainless steel<\/p>\n<p>1x Tankschlauchanschluss 27-14,16,20 mm - transparent<br \/>\n1x Ameisenausbruch-Schutz\u00f6l 10ml<br \/>\n1x Pinzette Federstahl - breit - weich<br \/>\n1x Pinzette Kunststoff transparent<br \/>\n1x Kunststoffpipette 3ml<br \/>\n1x Handlupe - 2x - 30mm<br \/>\n1x Schaumstoffwischer 150x18x2,5mm<\/p>\n<p>1x drinking clear 5ml &#8211; sponge<br \/>\n1x Feeding dish white rectangle &#8211; 3 compartments<br \/>\n1x Tr\u00e4nke 2ml - 360 Grad<br \/>\n1x Foil thermometer &#8211; farm<br \/>\n1x Foil thermometer display<br \/>\n1x Foto R\u00fcckseite - Wiese - 20\u00d710<\/p>\n<p><strong>Beschreibung:<\/strong><br \/>\nDieses Starterset Wiese ist f\u00fcr alle Ameisenarten geeignet, die auf Wiesen und Feldern leben.<\/p>\n<p>Bei der volltransparenten Farm (Nest) wird die \"Soil - Desert\" zum Bef\u00fcllen der Farm verwendet. Bei Bedarf k\u00f6nnen \u00fcber die 50-mm-L\u00f6cher im Deckel weitere Module angeschlossen werden, z. B. die separat erh\u00e4ltlichen Nebler, L\u00fcfter oder Leuchten. Alternativ werden passende Formicarium-Stopfen zum Verschlie\u00dfen der \u00d6ffnungen mitgeliefert. Auf Wunsch kann das Formicarium auch offen betrieben werden, indem man einfach den abnehmbaren Rahmen anbringt und den Rand mit dem Ameisenschutz\u00f6l bestreicht. Die \"Tr\u00e4nke 2ml - 360 Grad\" ist f\u00fcr Honig\/Zuckerl\u00f6sung gedacht, die \"Tr\u00e4nke klar 20ml - Schwamm\" f\u00fcr Wasser. Das \"Mini-Thermo-Hygrometer\" kann an der Zarge oder am Deckel befestigt werden und zeigt die Klimawerte an.<\/p>\n<p><strong>Das ist wichtig:<\/strong> Bitte befeuchten Sie das Substrat vor der Verwendung, damit sich die Mischung binden und einen festen Halt im Ameisenbau entwickeln kann. Ist das Substrat au\u00dferdem zu trocken und staubig, k\u00f6nnen die Atemwege der Ameisen verstopft werden und im schlimmsten Fall k\u00f6nnen die Tiere ersticken.<\/p>\n<p><strong>Empfehlung: <\/strong>Wir empfehlen eine Substratschicht von 2 mm H\u00f6he, damit sich die Tiere nicht in die Arena eingraben k\u00f6nnen und stattdessen die Farm f\u00fcr diesen Zweck nutzen. Wir empfehlen auch, dass das Nistmaterial in der Farm (Sand\/Lehm, Digfix usw.) an einer Stelle leicht eingestochen wird, um den Tieren das Graben zu erleichtern.<\/p>\n<p><strong>Hinweise zur Produktion<\/strong><br \/>\nDer Glaszuschnitt erfolgt nach DIN 1249 mit einer Toleranz von +\/- 1 mm. F\u00fcr extrem kleine Ameisenarten ist ein zus\u00e4tzlicher Ausbruchsschutz erforderlich.<\/p>\n<p><strong>Anmerkungen zum Bauernhof<\/strong><br \/>\nBeim Anbringen oder Entfernen von Schl\u00e4uchen ist Folgendes zu beachten:<br \/>\nL\u00e4sst sich der Schlauch nur sehr schwer auf den Anschlussstutzen aufstecken, sollte der Stutzen leicht mit einem Tropfen unseres Ausbruchsicherungs\u00f6ls oder -pulvers eingerieben werden. Der Schlauch sollte dann mit drehenden oder schraubenden Bewegungen auf den Stutzen geschoben werden, ohne den Stutzen durch Auf- und Abw\u00e4rtsbewegungen zu belasten. Das Gleiche gilt f\u00fcr das Abziehen der Schl\u00e4uche von der Hofanschlussmuffe. Bitte nicht einfach abziehen!<\/p>\n<p><strong>Anweisungen: <\/strong>(Version 2023, die aktualisierte Version f\u00fcr 2024 wird sp\u00e4testens am 04\/2024 verf\u00fcgbar sein)<\/p>\n<p>- DE <a href=\"https:\/\/www.antstore.net\/shop\/images\/info\/de\/Gebrauchsanweisung%20Starter%20Set%20Habitat.pdf\" data-cke-saved-href=\"https:\/\/www.antstore.net\/shop\/images\/info\/de\/Gebrauchsanweisung%20Starter%20Set%20Habitat.pdf\">Gebrauchsanweisung Starter Set Habitat<\/a> (PDF 3,21 MB)<\/p>\n<p>- DE <a href=\"https:\/\/www.antstore.net\/shop\/images\/info\/en\/Instructions%20for%20use%20-%20Starter%20Set%20Habitat.pdf\" data-cke-saved-href=\"https:\/\/www.antstore.net\/shop\/images\/info\/en\/Instructions%20for%20use%20-%20Starter%20Set%20Habitat.pdf\">Gebrauchsanweisung - Starter Set Habitat<\/a> (PDF 3,21 MB)<\/p>\n<p>- ES <a href=\"https:\/\/www.antstore.net\/shop\/images\/info\/es\/Manual%20de%20instrucciones%20-%20Set%20de%20inicio%20H%C3%A1bitat.pdf\" data-cke-saved-href=\"https:\/\/www.antstore.net\/shop\/images\/info\/es\/Manual%20de%20instrucciones%20-%20Set%20de%20inicio%20H%C3%A1bitat.pdf\">Bedienungsanleitung - Einf\u00fchrungsset H\u00e1bitat<\/a> (PDF 3,21 MB)<\/p>\n<p>- FR <a href=\"https:\/\/www.antstore.net\/shop\/images\/info\/fr\/Manuel%20d'instruction%20-%20Kit%20de%20d%C3%A9marrage%20Habitat.pdf\" data-cke-saved-href=\"https:\/\/www.antstore.net\/shop\/images\/info\/fr\/Manuel%20d'instruction%20-%20Kit%20de%20d%C3%A9marrage%20Habitat.pdf\">Bedienungsanleitung - Kit de d\u00e9marrage Habitat<\/a> (PDF 3,21 MB)<\/p>\n<p>&nbsp;<\/p>","protected":false},"excerpt":{"rendered":"<p>The set consists of 26 parts and is for all ant species that live in fields or meadows.<br \/>\nGr\u00f6\u00dfe: <span style=\"background-color: #ffffff; color: #00a859;\"><strong>M<\/strong><\/span><\/p>","protected":false},"featured_media":5451,"comment_status":"open","ping_status":"closed","template":"","meta":{"_acf_changed":false,"content-type":"","_monsterinsights_skip_tracking":false,"_monsterinsights_sitenote_active":false,"_monsterinsights_sitenote_note":"","_monsterinsights_sitenote_category":0},"product_brand":[],"product_cat":[73,74],"product_tag":[],"class_list":{"0":"post-2751","1":"product","2":"type-product","3":"status-publish","4":"has-post-thumbnail","6":"product_cat-starter-sets","7":"product_cat-starter-sets-habitat","9":"first","10":"instock","11":"taxable","12":"shipping-taxable","13":"purchasable","14":"product-type-simple"},"acf":[],"aioseo_notices":[],"jetpack_sharing_enabled":true,"_links":{"self":[{"href":"https:\/\/antcube.shop\/de\/wp-json\/wp\/v2\/product\/2751","targetHints":{"allow":["GET"]}}],"collection":[{"href":"https:\/\/antcube.shop\/de\/wp-json\/wp\/v2\/product"}],"about":[{"href":"https:\/\/antcube.shop\/de\/wp-json\/wp\/v2\/types\/product"}],"replies":[{"embeddable":true,"href":"https:\/\/antcube.shop\/de\/wp-json\/wp\/v2\/comments?post=2751"}],"wp:featuredmedia":[{"embeddable":true,"href":"https:\/\/antcube.shop\/de\/wp-json\/wp\/v2\/media\/5451"}],"wp:attachment":[{"href":"https:\/\/antcube.shop\/de\/wp-json\/wp\/v2\/media?parent=2751"}],"wp:term":[{"taxonomy":"product_brand","embeddable":true,"href":"https:\/\/antcube.shop\/de\/wp-json\/wp\/v2\/product_brand?post=2751"},{"taxonomy":"product_cat","embeddable":true,"href":"https:\/\/antcube.shop\/de\/wp-json\/wp\/v2\/product_cat?post=2751"},{"taxonomy":"product_tag","embeddable":true,"href":"https:\/\/antcube.shop\/de\/wp-json\/wp\/v2\/product_tag?post=2751"}],"curies":[{"name":"wp","href":"https:\/\/api.w.org\/{rel}","templated":true}]}}