{"id":2744,"date":"2021-10-08T12:05:54","date_gmt":"2021-10-08T10:05:54","guid":{"rendered":"https:\/\/antcube.shop\/produkt\/antcube-starter-set-s-20x20-wald\/"},"modified":"2026-04-07T10:39:01","modified_gmt":"2026-04-07T08:39:01","slug":"antcube-starter-set-s-20x20-wald","status":"publish","type":"product","link":"https:\/\/antcube.shop\/de\/produkt\/antcube-starter-set-s-20x20-wald\/","title":{"rendered":"ANTCUBE Starter Set S - 20\u00d720 - Wald"},"content":{"rendered":"<p><strong>Inhalt:<\/strong><br \/>\n1x Grillenmarmelade 25g<br \/>\n1x Waldhonig (Wa) - Nachf\u00fcllpackung 10ml<\/p>\n<p>1x ANTCUBE - Arena 20x20x10 - flach<br \/>\n1x Ameisenarena-Rahmen 20\u00d720<br \/>\n1x Ameisenarena-Abdeckung 20\u00d720<br \/>\n4x Befestigungspunkt f\u00fcr Arenadeckel<br \/>\n2x ANTCUBE - Ameisenfarm - L - 20\u00d720 - stehend<\/p>\n<p>1x 0,5m Schlauch transparent 10\/06 mm<br \/>\n1x ANTCUBE - Rote Folie 20\u00d720 - Filter<br \/>\n1x Klebeklammern - transparent 2 Stk.<br \/>\n1x Substrat - Wald - 1kg<br \/>\n1x Formicarien-Granulat 200 ml - schwarz<\/p>\n<p>1x Gittereinsatz - 50mm - Edelstahl<br \/>\n1x Formicarium-Stopfen f\u00fcr 50mm-Loch<br \/>\n1x Formicarium-Stopfen f\u00fcr 27mm Loch<br \/>\n1x Formicariumkappe f\u00fcr 6mm Fassung<\/p>\n<p>1x Beckenverbinder B-27 und S-10-16 mm M25 - Satz<br \/>\n1x Tr\u00e4nke 2ml - 360 Grad<br \/>\n1x Tr\u00e4nketrog klar 20ml - Schwamm<br \/>\n1x Napf klar 1\u00d720 - Schwamm<br \/>\n1x Mini-Thermo-Hygrometer analog - Anzeige - h\u00e4ngend<br \/>\n1x Ameisenschutz\u00f6l 10ml<br \/>\n1x Pinzette Federstahl - breit - weich<br \/>\n1x Pinzette Kunststoff transparent<br \/>\n1x Kunststoffpipette 3ml<br \/>\n1x Handlupe - 2x - 30mm<br \/>\n1x Schaumstoffwischer 150x18x2,5mm<br \/>\n1x Fotor\u00fccken - Wald - 20\u00d710<\/p>\n<p><strong>Beschreibung:<\/strong><br \/>\nDieses Wald-Starter-Set ist f\u00fcr alle Ameisenarten geeignet, die im Waldboden leben.<\/p>\n<p>Bei der volltransparenten Farm (Nest) wird die \"Soil - Desert\" zum Bef\u00fcllen der Farm verwendet. Bei Bedarf k\u00f6nnen \u00fcber die 50-mm-L\u00f6cher im Deckel weitere Module angeschlossen werden, z. B. die separat erh\u00e4ltlichen Nebler, L\u00fcfter oder Leuchten. Alternativ werden passende Formicarium-Stopfen zum Verschlie\u00dfen der \u00d6ffnungen mitgeliefert. Auf Wunsch kann das Formicarium auch offen betrieben werden, indem man einfach den abnehmbaren Rahmen anbringt und den Rand mit dem Ameisenschutz\u00f6l bestreicht. Die \"Tr\u00e4nke 2ml - 360 Grad\" ist f\u00fcr Honig\/Zuckerl\u00f6sung gedacht, die \"Tr\u00e4nke klar 20ml - Schwamm\" f\u00fcr Wasser. Das \"Mini-Thermo-Hygrometer\" kann an der Zarge oder am Deckel befestigt werden und zeigt die Klimawerte an.<\/p>\n<p><strong>Das ist wichtig:<\/strong> Bitte befeuchten Sie das Substrat vor der Verwendung, damit sich die Mischung binden und einen festen Halt im Ameisenbau entwickeln kann. Ist das Substrat au\u00dferdem zu trocken und staubig, k\u00f6nnen die Atemwege der Ameisen verstopft werden und im schlimmsten Fall k\u00f6nnen die Tiere ersticken.<\/p>\n<p><strong>Empfehlung:<\/strong> Wir empfehlen eine Substratschicht von 2 mm H\u00f6he, damit sich die Tiere nicht in die Arena eingraben k\u00f6nnen und stattdessen die Farm f\u00fcr diesen Zweck nutzen. Wir empfehlen auch, dass das Nistmaterial in der Farm (Sand\/Lehm, Digfix usw.) an einer Stelle leicht eingestochen wird, um den Tieren das Graben zu erleichtern.<\/p>\n<p><strong>Hinweise zur Produktion<\/strong><br \/>\nDer Glaszuschnitt erfolgt nach DIN 1249 mit einer Toleranz von +\/- 1 mm. F\u00fcr extrem kleine Ameisenarten ist ein zus\u00e4tzlicher Ausbruchsschutz erforderlich.<\/p>\n<p><strong>Anmerkungen zum Bauernhof<\/strong><br \/>\nBeim Anbringen oder Entfernen von Schl\u00e4uchen ist Folgendes zu beachten:<br \/>\nL\u00e4sst sich der Schlauch nur sehr schwer auf den Anschlussstutzen aufstecken, sollte der Stutzen leicht mit einem Tropfen unseres Ausbruchsicherungs\u00f6ls oder -pulvers eingerieben werden. Der Schlauch sollte dann mit drehenden oder schraubenden Bewegungen auf den Stutzen geschoben werden, ohne den Stutzen durch Auf- und Abw\u00e4rtsbewegungen zu belasten. Das Gleiche gilt f\u00fcr das Abziehen der Schl\u00e4uche von der Hofanschlussmuffe. Bitte nicht einfach abziehen!<\/p>\n<p><strong>Anweisungen:<\/strong> (Version 2023, die aktualisierte Version f\u00fcr 2024 wird sp\u00e4testens am 04\/2024 verf\u00fcgbar sein)<\/p>\n<p>- DE <a href=\"https:\/\/www.antstore.net\/shop\/images\/info\/de\/Gebrauchsanweisung%20Starter%20Set%20Habitat.pdf\">Gebrauchsanweisung Starter Set Habitat<\/a> (PDF 3,21 MB)<\/p>\n<p>- DE <a href=\"https:\/\/www.antstore.net\/shop\/images\/info\/en\/Instructions%20for%20use%20-%20Starter%20Set%20Habitat.pdf\">Gebrauchsanweisung - Starter Set Habitat<\/a> (PDF 3,21 MB)<\/p>\n<p>- ES <a href=\"https:\/\/www.antstore.net\/shop\/images\/info\/es\/Manual%20de%20instrucciones%20-%20Set%20de%20inicio%20H%C3%A1bitat.pdf\">Bedienungsanleitung - Einf\u00fchrungsset H\u00e1bitat<\/a> (PDF 3,21 MB)<\/p>\n<p>- FR <a href=\"https:\/\/www.antstore.net\/shop\/images\/info\/fr\/Manuel%20d'instruction%20-%20Kit%20de%20d%C3%A9marrage%20Habitat.pdf\">Bedienungsanleitung - Kit de d\u00e9marrage Habitat<\/a> (PDF 3,21 MB)<\/p>\n<p><strong>Notes on Forest Honey (Wa) - Nachf\u00fcllpackung 10ml<\/strong><br \/>\nInhalt: 10 ml<\/p>\n<p><strong>Beschreibung:<\/strong> Es handelt sich um ein reines Naturprodukt. Der Honig stammt aus W\u00e4ldern und ist daher ideal f\u00fcr waldbewohnende Ameisenarten.<br \/>\nDie Futterr\u00f6hre kann als Ganzes in das Formicarium gelegt werden, alternativ k\u00f6nnen kleinere Mengen in eine Futterschale gegeben werden, je nach Bedarf bzw. je nach Gr\u00f6\u00dfe der Kolonie. Das Futter sollte innerhalb von etwa 3 Tagen verbraucht werden, da sonst die Gefahr der Schimmelbildung besteht; aus demselben Grund sollte die Futterschale vor dem Nachf\u00fcllen gereinigt werden.<\/p>\n<p><strong>Verwendung:<\/strong><br \/>\nRegenwaldhonig = f\u00fcr honigfressende Ameisenarten (Meliphagidae)<br \/>\nDies ist ein Erg\u00e4nzungsfuttermittel<br \/>\nEs kann den Tieren wie geliefert angeboten werden. Da die Zuckerkonzentration durch die Feuchtigkeit verringert wird und ein G\u00e4rungsprozess einsetzt, sollte das Futter alle 3 Tage ausgetauscht werden. Reinigen Sie den Futternapf\/die Tube vor der Wiederverwendung gr\u00fcndlich.<br \/>\nEine ge\u00f6ffnete Packung sollte bis zum Ablauf des Verfallsdatums fest verschlossen aufbewahrt werden.<\/p>\n<p><strong>Enth\u00e4lt:<\/strong> Inhaltsstoffe von Honig im Allgemeinen, wobei die Anteile je nach Honigsorte variieren.<br \/>\n- ca. 38 % Fruchtzucker (Fruktose)<br \/>\n- ca. 32 % Traubenzucker (Glukose)<br \/>\n- ca. 20 % Wasser<br \/>\n- ca. 5 % Polysaccharide<br \/>\n- ca. 5 %-Vitamine (B1, B2, B6, C, H)<br \/>\nMineralstoffe (Kalium, Calcium, Kupfer, Eisen, Natrium, Magnesium, Phosphor, Zink und andere Spurenelemente) Aminos\u00e4uren (Prolin, Leucin, Phenylalanin, Alanin, Histidin, Isoleucin, Glutamins\u00e4ure, Arginin, Asparagins\u00e4ure usw.) Organische S\u00e4uren Enzyme (Fermente)Aromastoffe Inhibine (antibakterielle Substanzen) Blumen Pollen<\/p>\n<p><strong>Lagerung:<\/strong> Um die Qualit\u00e4t des Futters zu gew\u00e4hrleisten, sollte es an einem dunklen und trockenen Ort gelagert werden.<\/p>\n<p><strong>Anmerkung:<\/strong><br \/>\nErg\u00e4nzungsfuttermittel f\u00fcr honigfressende Ameisen.<br \/>\nDie Zusammensetzung, die analytischen Bestandteile, das Mindesthaltbarkeitsdatum und die Chargennummer entnehmen Sie bitte der Packungsbeilage.<\/p>\n<p>Informations-Hotline +49 30 439703870<\/p>\n<p><strong>Zust\u00e4ndiges Veterin\u00e4r- und Lebensmittelinspektorat:<\/strong><br \/>\nVeterin\u00e4ramt Steglitz<br \/>\nK\u00f6nigin-Luise-Str. 92<br \/>\n14195 Berlin<\/p>\n<p><strong>Anmerkungen zum Cricket Jam:<\/strong><br \/>\nUnsere blanchierten Grillen sind eine einfache M\u00f6glichkeit, Ihre Ameisen mit frisch konservierter Proteinnahrung zu versorgen, ohne lebende Insekten f\u00fcttern zu m\u00fcssen. Die enthaltenen Grillen (Acheta domesticus) wurden schonend blanchiert, um sicherzustellen, dass N\u00e4hrwerte, Geschmack und Aroma erhalten bleiben. Au\u00dferdem wird der Chitinpanzer der Insekten auf diese Weise aufgeweicht, so dass er leichter verdaut werden kann. Die Bindungen der kollagenen Proteine werden aufgebrochen, so dass die Ameisen sie besser verwerten k\u00f6nnen. Acheta domesticus in Dosen hat den gleichen N\u00e4hrwert wie lebende Grillen, ist aber leichter zu verdauen.<\/p>\n<p>Cricket Jam eignet sich nicht f\u00fcr die Jagd auf Ameisenarten, die Lebendfutter ben\u00f6tigen (z. B. Ponerinen (Gro\u00dfe Ameisen) wie Harpegnathos oder Odontomachus).<\/p>\n<p><strong>Weitere Vorteile:<\/strong><br \/>\nGarantiert milbenfrei<br \/>\nKann portioniert und mit Wasser verd\u00fcnnt werden<br \/>\nSterilisiert und vakuumverpackt<br \/>\nOhne Zusatzstoffe<br \/>\nGrillen aus nachhaltiger, rein biologischer Zucht, gef\u00fcttert mit Bioabf\u00e4llen<\/p>\n<p><strong>Anmerkung:<\/strong><br \/>\nNach dem \u00d6ffnen etwa vier Tage im K\u00fchlschrank aufbewahren. L\u00e4nger haltbar, wenn eingefroren.<br \/>\nAchtung! Erst portionieren, dann einfrieren.<\/p>","protected":false},"excerpt":{"rendered":"<p>Das Set besteht aus 42 Teilen und ist f\u00fcr alle im Waldboden lebenden Ameisenarten geeignet.<br \/>\nGr\u00f6\u00dfe: <span style=\"color: #ff8c00;\"><strong>S<\/strong><\/span><\/p>","protected":false},"featured_media":5450,"comment_status":"open","ping_status":"closed","template":"","meta":{"_acf_changed":false,"content-type":"","_monsterinsights_skip_tracking":false,"_monsterinsights_sitenote_active":false,"_monsterinsights_sitenote_note":"","_monsterinsights_sitenote_category":0},"product_brand":[],"product_cat":[73,74],"product_tag":[],"class_list":{"0":"post-2744","1":"product","2":"type-product","3":"status-publish","4":"has-post-thumbnail","6":"product_cat-starter-sets","7":"product_cat-starter-sets-habitat","9":"first","10":"outofstock","11":"taxable","12":"shipping-taxable","13":"purchasable","14":"product-type-simple"},"acf":[],"aioseo_notices":[],"jetpack_sharing_enabled":true,"_links":{"self":[{"href":"https:\/\/antcube.shop\/de\/wp-json\/wp\/v2\/product\/2744","targetHints":{"allow":["GET"]}}],"collection":[{"href":"https:\/\/antcube.shop\/de\/wp-json\/wp\/v2\/product"}],"about":[{"href":"https:\/\/antcube.shop\/de\/wp-json\/wp\/v2\/types\/product"}],"replies":[{"embeddable":true,"href":"https:\/\/antcube.shop\/de\/wp-json\/wp\/v2\/comments?post=2744"}],"wp:featuredmedia":[{"embeddable":true,"href":"https:\/\/antcube.shop\/de\/wp-json\/wp\/v2\/media\/5450"}],"wp:attachment":[{"href":"https:\/\/antcube.shop\/de\/wp-json\/wp\/v2\/media?parent=2744"}],"wp:term":[{"taxonomy":"product_brand","embeddable":true,"href":"https:\/\/antcube.shop\/de\/wp-json\/wp\/v2\/product_brand?post=2744"},{"taxonomy":"product_cat","embeddable":true,"href":"https:\/\/antcube.shop\/de\/wp-json\/wp\/v2\/product_cat?post=2744"},{"taxonomy":"product_tag","embeddable":true,"href":"https:\/\/antcube.shop\/de\/wp-json\/wp\/v2\/product_tag?post=2744"}],"curies":[{"name":"wp","href":"https:\/\/api.w.org\/{rel}","templated":true}]}}