{"id":2742,"date":"2021-10-08T12:05:34","date_gmt":"2021-10-08T10:05:34","guid":{"rendered":"https:\/\/antcube.shop\/produkt\/antcube-starter-set-m-20x20-regenwald\/"},"modified":"2026-03-25T09:38:46","modified_gmt":"2026-03-25T08:38:46","slug":"antcube-starter-set-m-20x20-regenwald","status":"publish","type":"product","link":"https:\/\/antcube.shop\/de\/produkt\/antcube-starter-set-m-20x20-regenwald\/","title":{"rendered":"ANTCUBE Starter Set M - 20\u00d720 - Regenwald"},"content":{"rendered":"<p><strong>Inhalt:<\/strong><br \/>\n1x ANTCUBE - Arena 20x20x10 - flach<br \/>\n1x Ameisenarena-Rahmen 20\u00d720<br \/>\n1x Ameisenarena-Abdeckung 20\u00d720<br \/>\n4x Befestigungspunkt f\u00fcr Arenadeckel<br \/>\n2x ANTCUBE - Ameisenfarm - L - 20\u00d720 - stehend<\/p>\n<p>1x 0,5m Schlauch transparent 14\/10 mm<br \/>\n1x ANTCUBE - Rote Folie 20\u00d720 - Filter<br \/>\n1x Klebeklammern - transparent 2 Stk.<br \/>\n1x Substrat - Regenwald - 1kg<br \/>\n1x Formicarien-Granulat 200 ml - schwarz<\/p>\n<p>2x Grid insert acrylic &#8211; 50 mm with sealing ring<br \/>\n1x Grid insert acrylic &#8211; 27 mm with sealing ring<br \/>\n1x Grid cap &#8211; 10mm &#8211; stainless steel<\/p>\n<p>1x Tankschlauchanschluss 27-14,16,20 mm - transparent<br \/>\n1x Ameisenausbruch-Schutz\u00f6l 10ml<br \/>\n1x Pinzette Federstahl - breit - weich<br \/>\n1x Pinzette Kunststoff transparent<br \/>\n1x Kunststoffpipette 3ml<br \/>\n1x Handlupe - 2x - 30mm<br \/>\n1x Schaumstoffwischer 150x18x2,5mm<\/p>\n<p>1x drinking clear 5ml &#8211; sponge<br \/>\n1x Feeding dish white rectangle &#8211; 3 compartments<br \/>\n1x Drinking trough 2ml &#8211; 360 Degrees<\/p>\n<p>1x Foil thermometer &#8211; farm<br \/>\n1x Foil thermometer display<br \/>\n1x Fotor\u00fcckseite - Regenwald - 20\u00d710<\/p>\n<p><strong>Beschreibung:<\/strong><br \/>\nDieses Regenwald-Starterset ist f\u00fcr alle Ameisenarten geeignet, die im Regenwaldboden leben.<\/p>\n<p>In the fully transparent farm (nest), the &#8220;Soil &#8211; Rainforest&#8221; is used to fill the farm. If required, additional modules can be connected via the 50 mm holes in the cover, e.g. the separately available foggers, fans or lights. Alternatively, suitable formicarium plugs are included to close the openings. If desired, the formicarium can also be operated open by simply attaching the removable frame and applying the ant escape protection oil to the edge. The &#8220;Drinking trough 2ml &#8211; 360 degrees&#8221; is intended for honey\/sugar solution, the &#8220;Drinking trough clear 5ml &#8211; sponge&#8221; for water. The &#8220;Foil thermometer display&#8221; can be attached to the frame or the cover and displays the climate values.<\/p>\n<p><strong>Das ist wichtig: <\/strong>Bitte befeuchten Sie das Substrat vor der Verwendung, damit sich die Mischung binden und einen festen Halt im Ameisenbau entwickeln kann. Ist das Substrat au\u00dferdem zu trocken und staubig, k\u00f6nnen die Atemwege der Ameisen verstopft werden und im schlimmsten Fall k\u00f6nnen die Tiere ersticken.<\/p>\n<p><strong>Empfehlung: <\/strong>Wir empfehlen eine Substratschicht von 2 mm H\u00f6he, damit sich die Tiere nicht in die Arena eingraben k\u00f6nnen und stattdessen die Farm f\u00fcr diesen Zweck nutzen. Wir empfehlen auch, dass das Nistmaterial in der Farm (Sand\/Lehm, Digfix usw.) an einer Stelle leicht eingestochen wird, um den Tieren das Graben zu erleichtern.<\/p>\n<p><strong>Hinweise zur Produktion<\/strong><br \/>\nDer Glaszuschnitt erfolgt nach DIN 1249 mit einer Toleranz von +\/- 1 mm. F\u00fcr extrem kleine Ameisenarten ist ein zus\u00e4tzlicher Ausbruchsschutz erforderlich.<\/p>\n<p><strong>Anmerkungen zum Bauernhof<\/strong><br \/>\nBeim Anbringen oder Entfernen von Schl\u00e4uchen ist Folgendes zu beachten:<br \/>\nL\u00e4sst sich der Schlauch nur sehr schwer auf den Anschlussstutzen aufstecken, sollte der Stutzen leicht mit einem Tropfen unseres Ausbruchsicherungs\u00f6ls oder -pulvers eingerieben werden. Der Schlauch sollte dann mit drehenden oder schraubenden Bewegungen auf den Stutzen geschoben werden, ohne den Stutzen durch Auf- und Abw\u00e4rtsbewegungen zu belasten. Das Gleiche gilt f\u00fcr das Abziehen der Schl\u00e4uche von der Hofanschlussmuffe. Bitte nicht einfach abziehen!<\/p>\n<p><strong>Anweisungen: <\/strong>(Version 2023, die aktualisierte Version f\u00fcr 2024 wird sp\u00e4testens am 04\/2024 verf\u00fcgbar sein)<\/p>\n<p>- DE <a href=\"https:\/\/www.antstore.net\/shop\/images\/info\/de\/Gebrauchsanweisung%20Starter%20Set%20Habitat.pdf\" data-cke-saved-href=\"https:\/\/www.antstore.net\/shop\/images\/info\/de\/Gebrauchsanweisung%20Starter%20Set%20Habitat.pdf\">Gebrauchsanweisung Starter Set Habitat<\/a> (PDF 3,21 MB)<\/p>\n<p>- DE <a href=\"https:\/\/www.antstore.net\/shop\/images\/info\/en\/Instructions%20for%20use%20-%20Starter%20Set%20Habitat.pdf\" data-cke-saved-href=\"https:\/\/www.antstore.net\/shop\/images\/info\/en\/Instructions%20for%20use%20-%20Starter%20Set%20Habitat.pdf\">Gebrauchsanweisung - Starter Set Habitat<\/a> (PDF 3,21 MB)<\/p>\n<p>- ES <a href=\"https:\/\/www.antstore.net\/shop\/images\/info\/es\/Manual%20de%20instrucciones%20-%20Set%20de%20inicio%20H%C3%A1bitat.pdf\" data-cke-saved-href=\"https:\/\/www.antstore.net\/shop\/images\/info\/es\/Manual%20de%20instrucciones%20-%20Set%20de%20inicio%20H%C3%A1bitat.pdf\">Bedienungsanleitung - Einf\u00fchrungsset H\u00e1bitat<\/a> (PDF 3,21 MB)<\/p>\n<p>- FR <a href=\"https:\/\/www.antstore.net\/shop\/images\/info\/fr\/Manuel%20d'instruction%20-%20Kit%20de%20d%C3%A9marrage%20Habitat.pdf\" data-cke-saved-href=\"https:\/\/www.antstore.net\/shop\/images\/info\/fr\/Manuel%20d'instruction%20-%20Kit%20de%20d%C3%A9marrage%20Habitat.pdf\">Bedienungsanleitung - Kit de d\u00e9marrage Habitat<\/a> (PDF 3,21 MB)<\/p>","protected":false},"excerpt":{"rendered":"<p>The set consists of 26 parts and is suitable for all ant species living in the rainforest.<br \/>\nGr\u00f6\u00dfe: <span style=\"color: #00a859;\"><strong>M<\/strong><\/span><\/p>","protected":false},"featured_media":5449,"comment_status":"open","ping_status":"closed","template":"","meta":{"_acf_changed":false,"content-type":"","_monsterinsights_skip_tracking":false,"_monsterinsights_sitenote_active":false,"_monsterinsights_sitenote_note":"","_monsterinsights_sitenote_category":0},"product_brand":[],"product_cat":[73,74],"product_tag":[],"class_list":{"0":"post-2742","1":"product","2":"type-product","3":"status-publish","4":"has-post-thumbnail","6":"product_cat-starter-sets","7":"product_cat-starter-sets-habitat","9":"first","10":"instock","11":"taxable","12":"shipping-taxable","13":"purchasable","14":"product-type-simple"},"acf":[],"aioseo_notices":[],"jetpack_sharing_enabled":true,"_links":{"self":[{"href":"https:\/\/antcube.shop\/de\/wp-json\/wp\/v2\/product\/2742","targetHints":{"allow":["GET"]}}],"collection":[{"href":"https:\/\/antcube.shop\/de\/wp-json\/wp\/v2\/product"}],"about":[{"href":"https:\/\/antcube.shop\/de\/wp-json\/wp\/v2\/types\/product"}],"replies":[{"embeddable":true,"href":"https:\/\/antcube.shop\/de\/wp-json\/wp\/v2\/comments?post=2742"}],"wp:featuredmedia":[{"embeddable":true,"href":"https:\/\/antcube.shop\/de\/wp-json\/wp\/v2\/media\/5449"}],"wp:attachment":[{"href":"https:\/\/antcube.shop\/de\/wp-json\/wp\/v2\/media?parent=2742"}],"wp:term":[{"taxonomy":"product_brand","embeddable":true,"href":"https:\/\/antcube.shop\/de\/wp-json\/wp\/v2\/product_brand?post=2742"},{"taxonomy":"product_cat","embeddable":true,"href":"https:\/\/antcube.shop\/de\/wp-json\/wp\/v2\/product_cat?post=2742"},{"taxonomy":"product_tag","embeddable":true,"href":"https:\/\/antcube.shop\/de\/wp-json\/wp\/v2\/product_tag?post=2742"}],"curies":[{"name":"wp","href":"https:\/\/api.w.org\/{rel}","templated":true}]}}