{"id":2737,"date":"2021-10-08T12:04:45","date_gmt":"2021-10-08T10:04:45","guid":{"rendered":"https:\/\/antcube.shop\/produkt\/antcube-starter-set-fur-blattschneiderarten-gros\/"},"modified":"2026-04-15T12:56:37","modified_gmt":"2026-04-15T10:56:37","slug":"antcube-starter-set-fur-blattschneiderarten-gros","status":"publish","type":"product","link":"https:\/\/antcube.shop\/de\/produkt\/antcube-starter-set-fur-blattschneiderarten-gros\/","title":{"rendered":"ANTCUBE - Starter Set f\u00fcr Blattschneiderameisen - Gro\u00df"},"content":{"rendered":"<p><span data-text-color=\"alert\"><strong>Versand nur per Spedition auf Palette m\u00f6glich.<\/strong><\/span><\/p>\n<p><strong>Enth\u00e4lt:<\/strong><\/p>\n<p>1x ANTCUBE Arena 30x30x60 mit Schiebet\u00fcr<br \/>\n1x Rahmen f\u00fcr Schiebet\u00fcr<br \/>\n2x ANTCUBE Arena 30x30x30cm<br \/>\n3x Ameisen-Arena-Rahmen 30x30cm<br \/>\n3x Ameisen-Arena Abdeckung 30x30cm<br \/>\n12x Befestigungspunkt f\u00fcr Arenaabdeckung<\/p>\n<p>1x Ameisenr\u00f6hre - glasklar 50mm - 1m (halbiert)<br \/>\n1x Substrat - Regenwald - 1 kg<br \/>\n1x Formicarium Granulat 200ml - beige<br \/>\n3x Formicarium Basis 30\u00d730<\/p>\n<p>3x Formicarium plug for 50mm hole<br \/>\n10x Grid insert acrylic &#8211; 50 mm with sealing ring<br \/>\n4x Tankanschluss 1 1\/2\u2033 bis 50mm - glasklar<br \/>\n4x Formicarium Mutter 1 1\/2 Zoll - glasklar<\/p>\n<p>1x Foil thermometer Display<br \/>\n1x drinking clear 5ml &#8211; sponge<br \/>\n1x Pinzette Federstahl - breit - weich<br \/>\n1x Formicarium Pinzette - Kunststoff<br \/>\n1x Handlupe - 2x - 30mm<br \/>\n1x Ameisenflucht-Schutz\u00f6l 10ml<br \/>\n1x Schaumstoffwischer 150x18x2,5mm<br \/>\n1x Spr\u00fchflasche Sprayer 0,5 Liter - Messingd\u00fcse<br \/>\n1x Rosenbl\u00fctenbl\u00e4tter 100g - getrocknet<br \/>\n2x Foto-R\u00fcckwand - Regenwald - 30\u00d730<br \/>\n1x Fotor\u00fcckwand - Regenwald - 30\u00d760 - hoch<\/p>\n<p><strong>Beschreibung:<\/strong><br \/>\nThis expandable starter set for all leafcutter ant species contains, in addition to the optimally adapted formicarium, the appropriate accessories for keeping these ants. The voluminous basins allow easy handling for feeding and cleaning. The large holes (50 mm) and tubes not only make it easy to observe the ants, they also allow the animals to remove large pieces of leaf. The stainless steel mesh inserts ensure good ventilation and are robust against mechanical impact. Even large colonies of leaf-cutter ants, which are very fond of cutting, are unable to penetrate them. The sturdy screw sockets are also absolutely bite-proof.. If necessary, the humidity can be increased using the spray bottle.<\/p>\n<p><strong>Das ist wichtig:<\/strong> Bitte befeuchten Sie das Substrat vor der Verwendung, damit sich die Mischung binden und einen festen Halt im Ameisenbau entwickeln kann. Ist das Substrat au\u00dferdem zu trocken und staubig, k\u00f6nnen die Atemwege der Ameisen verstopft werden und im schlimmsten Fall k\u00f6nnen die Tiere ersticken.<\/p>\n<p><strong>Hinweise zur Produktion<\/strong><br \/>\nDer Zuschnitt des Glases erfolgt nach DIN 1249 mit einer Toleranz von +\/- 1 mm. F\u00fcr extrem kleine Ameisenarten ist ein zus\u00e4tzlicher Ausbruchsschutz erforderlich.<\/p>\n<p><strong>Beschreibung der Schiebet\u00fcrarena: <\/strong>Unsere ANTCUBE arena 30x30x60 mit Schiebet\u00fcr wurde entwickelt, um auch in vollen Formicarien bequem arbeiten zu k\u00f6nnen. Sie sind besonders n\u00fctzlich als Formicarium f\u00fcr Weberameisen (Polyrhachis und Oecophylla), da diese gerne nach oben bauen und eine Wirtspflanze ben\u00f6tigen. Manchmal kann es schwierig sein, die Ausscheidungen der Tiere zu entfernen, z. B. am Boden des Formicariums. Mit diesem speziell angepassten Becken ist das kein Problem. Die Schiebet\u00fcr ist auch sehr praktisch f\u00fcr Futterbecken f\u00fcr Acromyrmex oder Atta Blattschneiderameisen, da Pflanzenreste und andere Abf\u00e4lle einfach entsorgt werden k\u00f6nnen. Sie k\u00f6nnen auch den Schiebet\u00fcrrahmen (Art.-Nr. 1005648) verwenden, um zu verhindern, dass die Tiere entkommen, w\u00e4hrend Sie arbeiten.<\/p>","protected":false},"excerpt":{"rendered":"<p>The set consists of 47 parts and is suitable for all leaf cutter ant species.<br \/>\nGr\u00f6\u00dfe: <span style=\"color: #ed1c24;\"><strong>XL<\/strong><\/span><\/p>","protected":false},"featured_media":7665,"comment_status":"open","ping_status":"closed","template":"","meta":{"_acf_changed":false,"content-type":"","_monsterinsights_skip_tracking":false,"_monsterinsights_sitenote_active":false,"_monsterinsights_sitenote_note":"","_monsterinsights_sitenote_category":0},"product_brand":[484],"product_cat":[73,79],"product_tag":[],"class_list":{"0":"post-2737","1":"product","2":"type-product","3":"status-publish","4":"has-post-thumbnail","6":"product_brand-antcube","7":"product_cat-starter-sets","8":"product_cat-starter-sets-for-leafcutter-ants","9":"product_shipping_class-forwarding-on-pallet","11":"first","12":"instock","13":"taxable","14":"shipping-taxable","15":"purchasable","16":"product-type-simple"},"acf":[],"aioseo_notices":[],"jetpack_sharing_enabled":true,"_links":{"self":[{"href":"https:\/\/antcube.shop\/de\/wp-json\/wp\/v2\/product\/2737","targetHints":{"allow":["GET"]}}],"collection":[{"href":"https:\/\/antcube.shop\/de\/wp-json\/wp\/v2\/product"}],"about":[{"href":"https:\/\/antcube.shop\/de\/wp-json\/wp\/v2\/types\/product"}],"replies":[{"embeddable":true,"href":"https:\/\/antcube.shop\/de\/wp-json\/wp\/v2\/comments?post=2737"}],"wp:featuredmedia":[{"embeddable":true,"href":"https:\/\/antcube.shop\/de\/wp-json\/wp\/v2\/media\/7665"}],"wp:attachment":[{"href":"https:\/\/antcube.shop\/de\/wp-json\/wp\/v2\/media?parent=2737"}],"wp:term":[{"taxonomy":"product_brand","embeddable":true,"href":"https:\/\/antcube.shop\/de\/wp-json\/wp\/v2\/product_brand?post=2737"},{"taxonomy":"product_cat","embeddable":true,"href":"https:\/\/antcube.shop\/de\/wp-json\/wp\/v2\/product_cat?post=2737"},{"taxonomy":"product_tag","embeddable":true,"href":"https:\/\/antcube.shop\/de\/wp-json\/wp\/v2\/product_tag?post=2737"}],"curies":[{"name":"wp","href":"https:\/\/api.w.org\/{rel}","templated":true}]}}