{"id":2734,"date":"2021-10-08T12:04:16","date_gmt":"2021-10-08T10:04:16","guid":{"rendered":"https:\/\/antcube.shop\/produkt\/antcube-arena-20x20x20-combi-l\/"},"modified":"2026-04-13T10:48:31","modified_gmt":"2026-04-13T08:48:31","slug":"antcube-arena-20x20x20-combi-l","status":"publish","type":"product","link":"https:\/\/antcube.shop\/de\/produkt\/antcube-arena-20x20x20-combi-l\/","title":{"rendered":"ANTCUBE - Arena 20x20x20 - Kombi L"},"content":{"rendered":"<p><strong>Abmessungen:<\/strong> 20x20x20 cm; 4 mm Glasst\u00e4rke<\/p>\n<p><strong>Material:<\/strong> mit Silikon verklebtes Glas<\/p>\n<p><strong>Verbindung:<\/strong> 2x Bohrung 27mm (2x 10mm Bohrung im Nestbereich)<\/p>\n<p><strong>Tellerabstand Nestbereich:<\/strong> etwa 20mm<\/p>\n<p><strong>Beschreibung:<\/strong> Die Ameisenarena - Combi hat einen Farm- oder Nestbereich, der in das Formicarium integriert ist. Die Ameisen k\u00f6nnen den Nestbereich von der Arena aus \u00fcber zwei interne 10mm \u00d6ffnungen erreichen.<\/p>\n<p><strong>Hinweis:<\/strong><br \/>\nBei Verwendung unserer Nesteins\u00e4tze (z.B. Kork, Gips) beachten Sie bitte, dass diese 8mm schmaler sind, da sie urspr\u00fcnglich f\u00fcr unsere schmaleren Ameisenfarmen sowie Arena-Eins\u00e4tze konzipiert wurden! Hier m\u00fcsste der Zwischenraum mit F\u00fcllmaterial wie Gips oder Ton aufgef\u00fcllt werden.<\/p>\n<p>&nbsp;<\/p>","protected":false},"excerpt":{"rendered":"<p>Anschluss: 2x Loch 27 mm<br \/>\nGr\u00f6\u00dfe: <span style=\"color: #0000ff;\"><strong>L<\/strong><\/span><\/p>","protected":false},"featured_media":328,"comment_status":"open","ping_status":"closed","template":"","meta":{"_acf_changed":false,"content-type":"","_monsterinsights_skip_tracking":false,"_monsterinsights_sitenote_active":false,"_monsterinsights_sitenote_note":"","_monsterinsights_sitenote_category":0},"product_brand":[],"product_cat":[85,83,86],"product_tag":[],"class_list":{"0":"post-2734","1":"product","2":"type-product","3":"status-publish","4":"has-post-thumbnail","6":"product_cat-ant-arenas","7":"product_cat-antfarms-l","8":"product_cat-formicariums","10":"first","11":"instock","12":"taxable","13":"shipping-taxable","14":"purchasable","15":"product-type-simple"},"acf":[],"aioseo_notices":[],"jetpack_sharing_enabled":true,"_links":{"self":[{"href":"https:\/\/antcube.shop\/de\/wp-json\/wp\/v2\/product\/2734","targetHints":{"allow":["GET"]}}],"collection":[{"href":"https:\/\/antcube.shop\/de\/wp-json\/wp\/v2\/product"}],"about":[{"href":"https:\/\/antcube.shop\/de\/wp-json\/wp\/v2\/types\/product"}],"replies":[{"embeddable":true,"href":"https:\/\/antcube.shop\/de\/wp-json\/wp\/v2\/comments?post=2734"}],"wp:featuredmedia":[{"embeddable":true,"href":"https:\/\/antcube.shop\/de\/wp-json\/wp\/v2\/media\/328"}],"wp:attachment":[{"href":"https:\/\/antcube.shop\/de\/wp-json\/wp\/v2\/media?parent=2734"}],"wp:term":[{"taxonomy":"product_brand","embeddable":true,"href":"https:\/\/antcube.shop\/de\/wp-json\/wp\/v2\/product_brand?post=2734"},{"taxonomy":"product_cat","embeddable":true,"href":"https:\/\/antcube.shop\/de\/wp-json\/wp\/v2\/product_cat?post=2734"},{"taxonomy":"product_tag","embeddable":true,"href":"https:\/\/antcube.shop\/de\/wp-json\/wp\/v2\/product_tag?post=2734"}],"curies":[{"name":"wp","href":"https:\/\/api.w.org\/{rel}","templated":true}]}}