{"id":2728,"date":"2021-10-08T12:02:35","date_gmt":"2021-10-08T10:02:35","guid":{"rendered":"https:\/\/antcube.shop\/produkt\/antcube-starter-set-fur-blattschneiderarten-klein\/"},"modified":"2026-04-17T17:36:22","modified_gmt":"2026-04-17T15:36:22","slug":"antcube-starter-set-fur-blattschneiderarten-klein","status":"publish","type":"product","link":"https:\/\/antcube.shop\/de\/produkt\/antcube-starter-set-fur-blattschneiderarten-klein\/","title":{"rendered":"ANTCUBE - Starterset f\u00fcr Blattschneiderameisen - klein"},"content":{"rendered":"<p><span data-text-color=\"alert\"><strong>NEU ab 04\/2024:<\/strong><\/span><br \/>\n<strong>Das Futterbecken wird jetzt als 20x20x40 cm gro\u00dfe Arena geliefert. Dadurch bleibt mehr Platz f\u00fcr das Futter.<\/strong><br \/>\n<strong>Wir haben die alten Stecker durch v\u00f6llig transparente neue Stecker ersetzt, einschlie\u00dflich v\u00f6llig transparenter Muttern.<\/strong><br \/>\n<strong>Wir haben auch Formicarium-Pads f\u00fcr alle Becken hinzugef\u00fcgt (Schutz von M\u00f6beln und Becken und gegen Vibration)<\/strong><\/p>\n<p>&nbsp;<\/p>\n<p><strong>Enth\u00e4lt:<\/strong><\/p>\n<p>2x ANTCUBE Arena 20x20x20cm<br \/>\n1x ANTCUBE Arena 20x20x40cm hoch<br \/>\n3x Ameisen-Arena-Rahmen 20x20cm<br \/>\n3x Ameisen-Arena Abdeckung 20x20cm<br \/>\n12x Befestigungspunkt f\u00fcr Arenaabdeckung<\/p>\n<p>1x Ameisenrohr - glasklar 32mm - 1m (halbiert)<br \/>\n1x Substrat - Regenwald - 1 kg<br \/>\n1x Formicarium Granulat 200ml - beige<br \/>\n3x Formicarium Basis 20\u00d720<\/p>\n<p>2x Formicarienstopfen f\u00fcr 50mm Loch<br \/>\n5x Grid insert acrylic &#8211; 50 mm with sealing ring<br \/>\n2x Grid insert acrylic &#8211; 27 mm with sealing ring<br \/>\n4x Tankanschluss 3\/4\u2033 auf 32mm - glasklar<br \/>\n4x Formicarium Mutter 3\/4 Zoll - glasklar<\/p>\n<p>1x Foil thermometer Display<br \/>\n1x drinking clear 5ml &#8211; sponge<br \/>\n1x Pinzette Federstahl - breit - weich<br \/>\n1x Formicarium Pinzette - Kunststoff<br \/>\n1x Handlupe - 2x - 30mm<br \/>\n1x Ameisenausbruchsschutz\u00f6l 10ml<br \/>\n1x Schaumstoffwischer 150x18x2,5mm<br \/>\n1x Spr\u00fchflasche Sprayer 0,5 Liter - Messingd\u00fcse<br \/>\n1x Rosenbl\u00fctenbl\u00e4tter 100g - getrocknet<br \/>\n2x Foto-R\u00fcckwand - Regenwald - 20\u00d720<br \/>\n1x Fotor\u00fcckwand - Regenwald - 20\u00d740 hoch<\/p>\n<p><strong>Beschreibung:<\/strong><br \/>\nThis expandable starter set for all leafcutter ant species contains, in addition to the optimally adapted formicarium, the appropriate accessories for keeping these ants. The basins are easy to use for feeding and cleaning. The large holes (27 mm) and tubes not only make it easy to observe the ants, they also allow the animals to remove large pieces of leaf. The stainless steel mesh inserts ensure good ventilation and are robust against mechanical impact. Even large colonies of leaf-cutter ants, which are very fond of cutting, are unable to penetrate them. The sturdy tube connectors are also absolutely bite-proof. The humidity can be increased using the spray bottle.<\/p>\n<p><strong>Das ist wichtig:<\/strong> Bitte befeuchten Sie das Substrat vor der Verwendung, damit sich die Mischung binden und einen festen Halt im Ameisenbau entwickeln kann. Ist das Substrat au\u00dferdem zu trocken und staubig, k\u00f6nnen die Atemwege der Ameisen verstopft werden und im schlimmsten Fall k\u00f6nnen die Tiere ersticken.<\/p>\n<p><strong>Hinweise zur Produktion<\/strong><br \/>\nDer Zuschnitt des Glases erfolgt nach DIN 1249 mit einer Toleranz von +\/- 1 mm. F\u00fcr extrem kleine Ameisenarten ist ein zus\u00e4tzlicher Ausbruchsschutz erforderlich.<\/p>","protected":false},"excerpt":{"rendered":"<p>Das Set besteht aus 43 Teilen<br \/>\nGr\u00f6\u00dfe: <span style=\"color: #ed1c24;\"><strong>XL<\/strong><\/span><\/p>","protected":false},"featured_media":7666,"comment_status":"open","ping_status":"closed","template":"","meta":{"_acf_changed":false,"content-type":"","_monsterinsights_skip_tracking":false,"_monsterinsights_sitenote_active":false,"_monsterinsights_sitenote_note":"","_monsterinsights_sitenote_category":0},"product_brand":[],"product_cat":[73,79],"product_tag":[],"class_list":{"0":"post-2728","1":"product","2":"type-product","3":"status-publish","4":"has-post-thumbnail","6":"product_cat-starter-sets","7":"product_cat-starter-sets-for-leafcutter-ants","9":"first","10":"outofstock","11":"taxable","12":"shipping-taxable","13":"purchasable","14":"product-type-simple"},"acf":[],"aioseo_notices":[],"jetpack_sharing_enabled":true,"_links":{"self":[{"href":"https:\/\/antcube.shop\/de\/wp-json\/wp\/v2\/product\/2728","targetHints":{"allow":["GET"]}}],"collection":[{"href":"https:\/\/antcube.shop\/de\/wp-json\/wp\/v2\/product"}],"about":[{"href":"https:\/\/antcube.shop\/de\/wp-json\/wp\/v2\/types\/product"}],"replies":[{"embeddable":true,"href":"https:\/\/antcube.shop\/de\/wp-json\/wp\/v2\/comments?post=2728"}],"wp:featuredmedia":[{"embeddable":true,"href":"https:\/\/antcube.shop\/de\/wp-json\/wp\/v2\/media\/7666"}],"wp:attachment":[{"href":"https:\/\/antcube.shop\/de\/wp-json\/wp\/v2\/media?parent=2728"}],"wp:term":[{"taxonomy":"product_brand","embeddable":true,"href":"https:\/\/antcube.shop\/de\/wp-json\/wp\/v2\/product_brand?post=2728"},{"taxonomy":"product_cat","embeddable":true,"href":"https:\/\/antcube.shop\/de\/wp-json\/wp\/v2\/product_cat?post=2728"},{"taxonomy":"product_tag","embeddable":true,"href":"https:\/\/antcube.shop\/de\/wp-json\/wp\/v2\/product_tag?post=2728"}],"curies":[{"name":"wp","href":"https:\/\/api.w.org\/{rel}","templated":true}]}}