{"id":2709,"date":"2021-10-08T11:59:36","date_gmt":"2021-10-08T09:59:36","guid":{"rendered":"https:\/\/antcube.shop\/produkt\/acromyrmex-cf-octospinosus\/"},"modified":"2023-05-11T14:50:47","modified_gmt":"2023-05-11T12:50:47","slug":"acromyrmex-cf-octospinosus","status":"publish","type":"product","link":"https:\/\/antcube.shop\/de\/produkt\/acromyrmex-cf-octospinosus\/","title":{"rendered":"Acromyrmex cf. octospinosus"},"content":{"rendered":"<table border=\"1\" cellspacing=\"1\" cellpadding=\"1\">\n<tbody>\n<tr>\n<td><strong>Lateinischer Name:<\/strong><\/td>\n<td><strong><img data-recalc-dims=\"1\" loading=\"lazy\" decoding=\"async\" src=\"https:\/\/i0.wp.com\/www.antstore.net\/shop\/images\/icons\/ants\/lateinname.jpg?resize=30%2C30&#038;ssl=1\" alt=\"\" width=\"30\" height=\"30\" \/><\/strong><\/td>\n<td><em>Acromymex cf. octospinosus<\/em><\/td>\n<\/tr>\n<tr>\n<td><strong>Trivialname:<\/strong><\/td>\n<td><strong><img data-recalc-dims=\"1\" loading=\"lazy\" decoding=\"async\" src=\"https:\/\/i0.wp.com\/www.antstore.net\/shop\/images\/icons\/ants\/trivialname.jpg?resize=30%2C30&#038;ssl=1\" alt=\"\" width=\"30\" height=\"30\" \/><\/strong><\/td>\n<td>Blattschneider<\/td>\n<\/tr>\n<tr>\n<td><strong>Taxonomie:<\/strong><\/td>\n<td><strong><img data-recalc-dims=\"1\" loading=\"lazy\" decoding=\"async\" src=\"https:\/\/i0.wp.com\/www.antstore.net\/shop\/images\/icons\/ants\/taxonomie.jpg?resize=30%2C30&#038;ssl=1\" alt=\"\" width=\"30\" height=\"30\" \/><\/strong><\/td>\n<td><strong>Unterfamilie:<\/strong> Myrmicinae <strong>Der Stamm:<\/strong> Attini<\/td>\n<\/tr>\n<tr>\n<td><strong>Das Niveau halten:<\/strong><\/td>\n<td><strong><img data-recalc-dims=\"1\" loading=\"lazy\" decoding=\"async\" src=\"https:\/\/i0.wp.com\/www.antstore.net\/shop\/images\/icons\/ants\/haltungsklasse.jpg?resize=30%2C30&#038;ssl=1\" alt=\"\" width=\"30\" height=\"30\" \/><\/strong><\/td>\n<td><strong>(3)<\/strong>durch ihren gro\u00dfen Platz- und Nahrungsbedarf sowie ihre Klimabedingungen nur f\u00fcr erfahrene Ameisenhalter<\/td>\n<\/tr>\n<tr>\n<td><strong>Vertrieb:<\/strong><\/td>\n<td><strong><img data-recalc-dims=\"1\" loading=\"lazy\" decoding=\"async\" src=\"https:\/\/i0.wp.com\/www.antstore.net\/shop\/images\/icons\/ants\/verbreitung.jpg?resize=30%2C30&#038;ssl=1\" alt=\"\" width=\"30\" height=\"30\" \/><\/strong><\/td>\n<td>S\u00fcdamerika<\/td>\n<\/tr>\n<tr>\n<td><strong>Lebensraum:<\/strong><\/td>\n<td><strong><img data-recalc-dims=\"1\" loading=\"lazy\" decoding=\"async\" src=\"https:\/\/i0.wp.com\/www.antstore.net\/shop\/images\/icons\/ants\/habitat.jpg?resize=30%2C30&#038;ssl=1\" alt=\"\" width=\"30\" height=\"30\" \/><\/strong><\/td>\n<td>gem\u00e4\u00dfigter Regenwald<\/td>\n<\/tr>\n<tr>\n<td><strong>Kolonieform:<\/strong><\/td>\n<td><strong><img data-recalc-dims=\"1\" loading=\"lazy\" decoding=\"async\" src=\"https:\/\/i0.wp.com\/www.antstore.net\/shop\/images\/icons\/ants\/Kolonieform.jpg?resize=30%2C30&#038;ssl=1\" alt=\"\" width=\"30\" height=\"30\" \/><\/strong><\/td>\n<td>Polygyn<\/td>\n<\/tr>\n<tr>\n<td><strong>K\u00f6nigin:<\/strong><\/td>\n<td><strong><img data-recalc-dims=\"1\" loading=\"lazy\" decoding=\"async\" src=\"https:\/\/i0.wp.com\/www.antstore.net\/shop\/images\/icons\/ants\/koenigin.jpg?resize=30%2C30&#038;ssl=1\" alt=\"\" width=\"30\" height=\"30\" \/><\/strong><\/td>\n<td><strong>Gr\u00f6\u00dfe:<\/strong> 12mm <strong>Farbe:<\/strong> orangebraun<\/td>\n<\/tr>\n<tr>\n<td><strong>Arbeiter:<\/strong><\/td>\n<td><img data-recalc-dims=\"1\" loading=\"lazy\" decoding=\"async\" src=\"https:\/\/i0.wp.com\/www.antstore.net\/shop\/images\/icons\/ants\/arbeiterin.jpg?resize=30%2C30&#038;ssl=1\" alt=\"\" width=\"30\" height=\"30\" \/><\/td>\n<td><strong>Gr\u00f6\u00dfe: <\/strong>5 - 15 mm <strong>Farbe:<\/strong> orangebraun bis dunkelbraun<\/td>\n<\/tr>\n<tr>\n<td><strong>Soldat:<\/strong><\/td>\n<td><img data-recalc-dims=\"1\" loading=\"lazy\" decoding=\"async\" src=\"https:\/\/i0.wp.com\/www.antstore.net\/shop\/images\/icons\/ants\/soldaten.jpg?resize=30%2C30&#038;ssl=1\" alt=\"\" width=\"30\" height=\"30\" \/><\/td>\n<td>nicht anwesend<\/td>\n<\/tr>\n<tr>\n<td><strong>M\u00e4nnlich:<\/strong><\/td>\n<td><img data-recalc-dims=\"1\" loading=\"lazy\" decoding=\"async\" src=\"https:\/\/i0.wp.com\/www.antstore.net\/shop\/images\/icons\/ants\/maennchen.jpg?resize=30%2C30&#038;ssl=1\" alt=\"\" width=\"30\" height=\"30\" \/><\/td>\n<td><strong>Gr\u00f6\u00dfe:<\/strong> 7mm<strong> Farbe:<\/strong>\u00a0 braun<\/td>\n<\/tr>\n<tr>\n<td><strong>Ern\u00e4hrung:<\/strong><\/td>\n<td><img data-recalc-dims=\"1\" loading=\"lazy\" decoding=\"async\" src=\"https:\/\/i0.wp.com\/www.antstore.net\/shop\/images\/icons\/ants\/nahrung.jpg?resize=30%2C30&#038;ssl=1\" alt=\"\" width=\"30\" height=\"30\" \/><\/td>\n<td><span id=\"result_box\" lang=\"en\">Ein selbst gez\u00fcchteter Pilz (Leucoagaricus gongylophorus) wird von den Arbeiterinnen auf den Bl\u00e4ttern und Bl\u00fcten von Rosaceae-Pflanzen und Fr\u00fcchten gez\u00fcchtet. Die spezifischen Proteink\u00f6rper der Pilzhyphen werden geerntet und an K\u00f6nigin und Brut verf\u00fcttert. Die F\u00fctterung mit Zucker oder Honigwasser wird empfohlen.<br \/>\n<span class=\"hps\">potenziell<\/span> <span class=\"hps\">Nahrungspflanzen<\/span> <span class=\"hps\">sind<\/span>: <span class=\"hps\">Brombeeren, Himbeeren<\/span>, <span class=\"hps\">Rosen,<\/span> <span class=\"hps\">Buchsbaum<\/span>Holunder, <span class=\"hps\">Eiche, Linde<\/span>, wild <span class=\"hps\">Wein<\/span> <span class=\"hps\">neben<\/span> <span class=\"hps\">\u00c4pfel,<\/span> <span class=\"hps\">Orange, Banane<\/span>, Weintrauben <span class=\"hps\">im Notfall<\/span> <span class=\"hps\">auch Haferflocken<\/span><\/span><br \/>\n<span id=\"result_box\" lang=\"en\"><span class=\"hps\">Es wird empfohlen, die Bl\u00e4tter vor der F\u00fctterung anzufeuchten.<\/span><br \/>\n<span class=\"hps\">Die<\/span> <span class=\"hps\">F\u00fctterung<\/span> <span class=\"hps\">von<\/span> <span class=\"hps\">sumach<\/span> <span class=\"hps\">Bl\u00e4tter<\/span> <span class=\"hps\">sollte<\/span> <span class=\"hps\">sein<\/span> <span class=\"hps\">unter allen Umst\u00e4nden zu vermeiden<\/span>als diese <span class=\"hps\">sind<\/span> <span class=\"hps\">giftig f\u00fcr<\/span> <span class=\"hps\">den Pilz.<\/span><\/span><\/td>\n<\/tr>\n<tr>\n<td><strong>Luftfeuchtigkeit:<\/strong><\/td>\n<td><strong><img data-recalc-dims=\"1\" loading=\"lazy\" decoding=\"async\" src=\"https:\/\/i0.wp.com\/www.antstore.net\/shop\/images\/icons\/ants\/feuchtigkeit.jpg?resize=30%2C30&#038;ssl=1\" alt=\"\" width=\"30\" height=\"30\" \/><\/strong><\/td>\n<td><strong>Arena:<\/strong> 40 &#8211; 70% <strong>Nestpart:<\/strong> 80 - 90% M\u00fcllkammer: 30 - 40%<\/td>\n<\/tr>\n<tr>\n<td><strong>Temperatur:<\/strong><\/td>\n<td><strong><img data-recalc-dims=\"1\" loading=\"lazy\" decoding=\"async\" src=\"https:\/\/i0.wp.com\/www.antstore.net\/shop\/images\/icons\/ants\/temperatur.jpg?resize=30%2C30&#038;ssl=1\" alt=\"\" width=\"30\" height=\"30\" \/><\/strong><\/td>\n<td><strong>Arena:<\/strong> 21 - 28\u00b0C <strong>Nestpart:<\/strong> 24 - 28\u00b0C<\/td>\n<\/tr>\n<tr>\n<td><strong>Winterschlaf:<\/strong><\/td>\n<td><img data-recalc-dims=\"1\" loading=\"lazy\" decoding=\"async\" src=\"https:\/\/i0.wp.com\/www.antstore.net\/shop\/images\/icons\/ants\/winterruhe.jpg?resize=30%2C30&#038;ssl=1\" alt=\"\" width=\"30\" height=\"30\" \/><\/td>\n<td>keine<\/td>\n<\/tr>\n<tr>\n<td><strong>Nestform:<\/strong><\/td>\n<td><img data-recalc-dims=\"1\" loading=\"lazy\" decoding=\"async\" src=\"https:\/\/i0.wp.com\/www.antstore.net\/shop\/images\/icons\/ants\/nestform.jpg?resize=30%2C30&#038;ssl=1\" alt=\"\" width=\"30\" height=\"30\" \/><\/td>\n<td>Nest im Boden<\/td>\n<\/tr>\n<tr>\n<td><strong>Art von Formicaria:<\/strong><\/td>\n<td><img data-recalc-dims=\"1\" loading=\"lazy\" decoding=\"async\" src=\"https:\/\/i0.wp.com\/www.antstore.net\/shop\/images\/icons\/ants\/formicarienart.jpg?resize=30%2C30&#038;ssl=1\" alt=\"\" width=\"30\" height=\"30\" \/><\/td>\n<td>Farm, Farmbasin, Becken, Framebasin, Insel, Acrylcylinder<\/td>\n<\/tr>\n<tr>\n<td><strong>Formicaria Gr\u00f6\u00dfe:<\/strong><\/td>\n<td><strong><img data-recalc-dims=\"1\" loading=\"lazy\" decoding=\"async\" src=\"https:\/\/i0.wp.com\/www.antstore.net\/shop\/images\/icons\/ants\/formicariengroesse.jpg?resize=30%2C30&#038;ssl=1\" alt=\"\" width=\"30\" height=\"30\" \/><\/strong><\/td>\n<td><strong>Gr\u00f6\u00dfe:<\/strong> <strong>L<\/strong><strong> - XL\u00a0<\/strong><strong> !!! beim Wachsen der Kolonie mindestens 3 Becken f\u00fcr Pilz, Futter und M\u00fcll !!!<\/strong><\/td>\n<\/tr>\n<tr>\n<td><strong>Substrat:<\/strong><\/td>\n<td><strong><img data-recalc-dims=\"1\" loading=\"lazy\" decoding=\"async\" src=\"https:\/\/i0.wp.com\/www.antstore.net\/shop\/images\/icons\/ants\/substrat.jpg?resize=30%2C30&#038;ssl=1\" alt=\"\" width=\"30\" height=\"30\" \/><\/strong><\/td>\n<td><strong>Bauernhof:<\/strong> &#8211; <strong>Arena: <\/strong>T\u00f6pferton, Perlit, Humus, Sand-Lehm<\/td>\n<\/tr>\n<tr>\n<td><strong>Bepflanzung:<\/strong><\/td>\n<td><img data-recalc-dims=\"1\" loading=\"lazy\" decoding=\"async\" src=\"https:\/\/i0.wp.com\/www.antstore.net\/shop\/images\/icons\/ants\/bepflanzung.jpg?resize=30%2C30&#038;ssl=1\" alt=\"\" width=\"30\" height=\"30\" \/><\/td>\n<td>&#8211;<\/td>\n<\/tr>\n<tr>\n<td><strong>Dekoration:<\/strong><\/td>\n<td><img data-recalc-dims=\"1\" loading=\"lazy\" decoding=\"async\" src=\"https:\/\/i0.wp.com\/www.antstore.net\/shop\/images\/icons\/ants\/dekoration.jpg?resize=30%2C30&#038;ssl=1\" alt=\"\" width=\"30\" height=\"30\" \/><\/td>\n<td>&#8211;<\/td>\n<\/tr>\n<tr>\n<td><strong>Beschreibung:<\/strong><\/td>\n<td><img data-recalc-dims=\"1\" loading=\"lazy\" decoding=\"async\" src=\"https:\/\/i0.wp.com\/www.antstore.net\/shop\/images\/icons\/ants\/beschreibung.jpg?resize=30%2C30&#038;ssl=1\" alt=\"\" width=\"30\" height=\"30\" \/><\/td>\n<td><span id=\"result_box\" lang=\"en\"><span class=\"hps\">Acromyrmex cf.<\/span> <span class=\"hps\">octospinus<\/span> <span class=\"hps\">ist eine kleine<\/span> <span class=\"hps alt-edited\">Blattschneider<\/span> <span class=\"hps\">aus S\u00fcdamerika<\/span> <span class=\"hps\">die K\u00fcrzungen<\/span> <span class=\"hps\">bl\u00fchende Pflanzen<\/span> <span class=\"hps\">in freier Wildbahn. <\/span><\/span><br \/>\n<span id=\"result_box\" lang=\"en\"><span class=\"hps\">Anders als<\/span> <span class=\"hps\">Atta<\/span> <span class=\"hps\">sie<\/span> <span class=\"hps\">durchf\u00fchren<\/span> <span class=\"hps\">lang<\/span> <span class=\"hps\">Wanderungen nach<\/span> <span class=\"hps\">ihre<\/span> <span class=\"hps\">Erntegebiete<\/span> <span class=\"hps\">und<\/span> brauchen diese langen Spazierg\u00e4nge f\u00fcr eine optimale Entwicklung.<\/span><\/td>\n<\/tr>\n<tr>\n<td><strong>Entwicklung:<\/strong><\/td>\n<td><strong><img data-recalc-dims=\"1\" loading=\"lazy\" decoding=\"async\" src=\"https:\/\/i0.wp.com\/www.antstore.net\/shop\/images\/icons\/ants\/entwicklung.jpg?resize=30%2C30&#038;ssl=1\" alt=\"\" width=\"30\" height=\"30\" \/><\/strong><\/td>\n<td><strong>Paarungsflug:<\/strong> mit den ersten Sommerregen<br \/>\n<strong>Gr\u00fcndung:<\/strong> claustral mit einem Pilzst\u00fcck aus der Mutterkolonie, das zun\u00e4chst mit dem Kot der K\u00f6nigin befruchtet wird. Eine K\u00f6nigin kann zwischen 8 und bis zu 15 Jahre alt werden.<br \/>\n<strong>colonysize:<\/strong> bis zu 20 000 Einzelpersonen<\/td>\n<\/tr>\n<tr>\n<td><strong>Menge:<\/strong><\/td>\n<td><img data-recalc-dims=\"1\" loading=\"lazy\" decoding=\"async\" src=\"https:\/\/i0.wp.com\/www.antstore.net\/shop\/images\/icons\/ants\/menge.jpg?resize=30%2C30&#038;ssl=1\" alt=\"\" width=\"30\" height=\"30\" \/><\/td>\n<td>eine befruchtete K\u00f6nigin mit Pilz und Arbeiterinnen (siehe Auswahl); Brut (je nach Jahreszeit und Entwicklung)<\/td>\n<\/tr>\n<tr>\n<td><strong>Weblinks:<\/strong><\/td>\n<td><a href=\"http:\/\/www.antstore.net\/viewforum.php?f=9\"><span style=\"color: #0000ff;\"><img data-recalc-dims=\"1\" loading=\"lazy\" decoding=\"async\" src=\"https:\/\/i0.wp.com\/www.antstore.net\/shop\/images\/icons\/ants\/weblinks.jpg?resize=30%2C30&#038;ssl=1\" alt=\"\" width=\"30\" height=\"30\" \/><\/span><\/a><\/td>\n<td><a href=\"http:\/\/www.antstore.net\/viewforum.php?f=130\"><span style=\"color: #0000ff;\">- Forum<\/span><\/a><\/p>\n<p><span style=\"color: #0000ff;\"><a href=\"http:\/\/www.antweb.org\/description.do?subfamily=myrmicinae&amp;genus=acromyrmex&amp;name=octospinosus&amp;rank=species&amp;project=allantwebants\">- Referenz<\/a><\/span><\/td>\n<\/tr>\n<\/tbody>\n<\/table>","protected":false},"excerpt":{"rendered":"<p>Beibehaltung der Stufe 3 - Risikostufe 2<br \/>\nGr\u00f6\u00dfe: <strong>L - XL<\/strong><\/p>","protected":false},"featured_media":3355,"comment_status":"open","ping_status":"closed","template":"","meta":{"_acf_changed":false,"content-type":"","_monsterinsights_skip_tracking":false,"_monsterinsights_sitenote_active":false,"_monsterinsights_sitenote_note":"","_monsterinsights_sitenote_category":0},"product_brand":[],"product_cat":[107,111],"product_tag":[],"class_list":{"0":"post-2709","1":"product","2":"type-product","3":"status-publish","4":"has-post-thumbnail","6":"product_cat-ants","7":"product_cat-south-and-central-america","9":"first","10":"instock","11":"product-type-external"},"acf":[],"aioseo_notices":[],"jetpack_sharing_enabled":true,"_links":{"self":[{"href":"https:\/\/antcube.shop\/de\/wp-json\/wp\/v2\/product\/2709","targetHints":{"allow":["GET"]}}],"collection":[{"href":"https:\/\/antcube.shop\/de\/wp-json\/wp\/v2\/product"}],"about":[{"href":"https:\/\/antcube.shop\/de\/wp-json\/wp\/v2\/types\/product"}],"replies":[{"embeddable":true,"href":"https:\/\/antcube.shop\/de\/wp-json\/wp\/v2\/comments?post=2709"}],"wp:featuredmedia":[{"embeddable":true,"href":"https:\/\/antcube.shop\/de\/wp-json\/wp\/v2\/media\/3355"}],"wp:attachment":[{"href":"https:\/\/antcube.shop\/de\/wp-json\/wp\/v2\/media?parent=2709"}],"wp:term":[{"taxonomy":"product_brand","embeddable":true,"href":"https:\/\/antcube.shop\/de\/wp-json\/wp\/v2\/product_brand?post=2709"},{"taxonomy":"product_cat","embeddable":true,"href":"https:\/\/antcube.shop\/de\/wp-json\/wp\/v2\/product_cat?post=2709"},{"taxonomy":"product_tag","embeddable":true,"href":"https:\/\/antcube.shop\/de\/wp-json\/wp\/v2\/product_tag?post=2709"}],"curies":[{"name":"wp","href":"https:\/\/api.w.org\/{rel}","templated":true}]}}