{"id":2673,"date":"2021-10-04T15:33:49","date_gmt":"2021-10-04T13:33:49","guid":{"rendered":"https:\/\/antcube.shop\/produkt\/antcube-starter-set-l-20x20-combi\/"},"modified":"2026-04-25T09:37:14","modified_gmt":"2026-04-25T07:37:14","slug":"antcube-starter-set-l-20x20-kombi","status":"publish","type":"product","link":"https:\/\/antcube.shop\/de\/produkt\/antcube-starter-set-l-20x20-kombi\/","title":{"rendered":"ANTCUBE Starter Set L - 20\u00d720 - Kombi"},"content":{"rendered":"<p><strong>Inhalt:<\/strong><br \/>\n1x ANTCUBE - Arena 20x20x20 - Kombi L<br \/>\n1x Ameisenarena-Abdeckung 20\u00d720<br \/>\n4x Befestigungspunkt f\u00fcr Arenadeckel<br \/>\n2x Formicarium-Stopfen f\u00fcr 27mm Loch<br \/>\n2x Formicarium-Stopfen f\u00fcr 50mm-Loch<br \/>\n1x Substrat - Sand-Lehm beige - 1000g<br \/>\n1x Tr\u00e4nke 2ml - 360 Grad<br \/>\n1x dish clear 1&#215;20 &#8211; sponge<br \/>\n1x Handlupe - 2x - 30mm<br \/>\n1x Pinzette Kunststoff transparent<br \/>\n1x Kunststoffpipette 3ml<br \/>\n1x Ameisenausbruch-Schutz\u00f6l 10ml<br \/>\n1x Schaumstoffwischer 150x18x2,5mm<\/p>\n<p><strong>Beschreibung:<\/strong><br \/>\nDieses Starter Set - Combi ist f\u00fcr die meisten Ameisenarten geeignet, die im Boden w\u00fchlen.<br \/>\nDas Set ist sehr kompakt und das enthaltene Zubeh\u00f6r ist auf das Wichtigste reduziert.<br \/>\nEs handelt sich also um ein preiswertes Set aus hochwertigen Materialien, das ideal f\u00fcr Anf\u00e4nger in der Ameisenhaltung ist.<br \/>\nDas enthaltene Substrat Sand-Lehm-Beige wird von den meisten grabenden Ameisenarten gut angenommen.<\/p>\n<p>Optional k\u00f6nnen auch andere Bodensubstrate oder Nesteins\u00e4tze in den Nestbereich der Arena eingebracht werden.<br \/>\nUnter den Vorschl\u00e4gen (siehe unten) finden Sie weiteres n\u00fctzliches Zubeh\u00f6r.<\/p>\n<p><strong>Empfehlung:<\/strong> Wir empfehlen eine Substratschicht von 2 mm H\u00f6he, damit sich die Tiere nicht in die Arena eingraben k\u00f6nnen und stattdessen die Farm f\u00fcr diesen Zweck nutzen. Wir empfehlen auch, dass das Nistmaterial in der Farm (Sand\/Lehm, Digfix usw.) an einer Stelle leicht eingestochen wird, um den Tieren das Graben zu erleichtern.<\/p>\n<p><strong>Das ist wichtig:<\/strong> Bitte befeuchten Sie das Substrat vor der Verwendung, damit sich die Mischung binden und einen festen Halt im Ameisenbau entwickeln kann. Au\u00dferdem kann ein zu trockenes und staubiges Substrat dazu f\u00fchren, dass die Atemwege der Ameisen verstopft werden und die Tiere im schlimmsten Fall ersticken.<\/p>\n<p><strong>Hinweis:<\/strong><br \/>\nWenn Sie unsere Nesteins\u00e4tze verwenden, beachten Sie bitte, dass sie 8 mm schmaler sind, da sie urspr\u00fcnglich f\u00fcr unsere schmaleren Ameisenfarmen und Arena-Eins\u00e4tze konzipiert wurden! Hier m\u00fcsste der Zwischenraum mit F\u00fcllmaterial wie Gips oder Lehm aufgef\u00fcllt werden.<\/p>\n<p><strong>Hinweise zur Produktion<\/strong><br \/>\nDer Glaszuschnitt erfolgt nach DIN 1249 mit einer Toleranz von +\/- 1mm. F\u00fcr extrem kleine Ameisenarten ist ein zus\u00e4tzlicher Ausbruchsschutz unerl\u00e4sslich.<\/p>\n<p><strong>Anweisungen:<\/strong><br \/>\n- DE Gebrauchsanweisung Starter Set Combi (PDF 7,98 MB)<br \/>\n- DE Gebrauchsanweisung - Starter Set Combi (PDF 7,94 MB)<br \/>\n- ES Betriebsanleitung - Einf\u00fchrungsset Combi (PDF 7,94 MB)<br \/>\n- FR Gebrauchsanweisung - Kit de d\u00e9marrage Combi (PDF 7,95 MB)<\/p>","protected":false},"excerpt":{"rendered":"<p>Das Set besteht aus 18 Teilen und ist f\u00fcr alle Ameisenarten geeignet.<br \/>\nGr\u00f6\u00dfe: <span style=\"color: #0000ff;\"><strong>L<\/strong><\/span><\/p>","protected":false},"featured_media":5445,"comment_status":"open","ping_status":"closed","template":"","meta":{"_acf_changed":false,"content-type":"","_monsterinsights_skip_tracking":false,"_monsterinsights_sitenote_active":false,"_monsterinsights_sitenote_note":"","_monsterinsights_sitenote_category":0},"product_brand":[],"product_cat":[73,78],"product_tag":[],"class_list":{"0":"post-2673","1":"product","2":"type-product","3":"status-publish","4":"has-post-thumbnail","6":"product_cat-starter-sets","7":"product_cat-starter-sets-combi","9":"first","10":"instock","11":"taxable","12":"shipping-taxable","13":"purchasable","14":"product-type-simple"},"acf":[],"aioseo_notices":[],"jetpack_sharing_enabled":true,"_links":{"self":[{"href":"https:\/\/antcube.shop\/de\/wp-json\/wp\/v2\/product\/2673","targetHints":{"allow":["GET"]}}],"collection":[{"href":"https:\/\/antcube.shop\/de\/wp-json\/wp\/v2\/product"}],"about":[{"href":"https:\/\/antcube.shop\/de\/wp-json\/wp\/v2\/types\/product"}],"replies":[{"embeddable":true,"href":"https:\/\/antcube.shop\/de\/wp-json\/wp\/v2\/comments?post=2673"}],"wp:featuredmedia":[{"embeddable":true,"href":"https:\/\/antcube.shop\/de\/wp-json\/wp\/v2\/media\/5445"}],"wp:attachment":[{"href":"https:\/\/antcube.shop\/de\/wp-json\/wp\/v2\/media?parent=2673"}],"wp:term":[{"taxonomy":"product_brand","embeddable":true,"href":"https:\/\/antcube.shop\/de\/wp-json\/wp\/v2\/product_brand?post=2673"},{"taxonomy":"product_cat","embeddable":true,"href":"https:\/\/antcube.shop\/de\/wp-json\/wp\/v2\/product_cat?post=2673"},{"taxonomy":"product_tag","embeddable":true,"href":"https:\/\/antcube.shop\/de\/wp-json\/wp\/v2\/product_tag?post=2673"}],"curies":[{"name":"wp","href":"https:\/\/api.w.org\/{rel}","templated":true}]}}